{"id":3670,"date":"2019-11-06T11:15:59","date_gmt":"2019-11-06T11:15:59","guid":{"rendered":"https:\/\/aqmagnetronics.com\/?page_id=3670"},"modified":"2019-11-06T12:05:29","modified_gmt":"2019-11-06T12:05:29","slug":"skladnik-skladnik-prijmu","status":"publish","type":"page","link":"https:\/\/aqmagnetronics.com\/cs\/kariera\/skladnik-skladnik-prijmu\/","title":{"rendered":"Skladn\u00edk\/ Skladn\u00edk p\u0159\u00edjmu"},"content":{"rendered":"<h6><\/h6>\n<h6><em>Spole\u010dnost mdexx MD Trutnov hled\u00e1 vhodn\u00e9ho kandid\u00e1ta na pozici<\/em>:<\/h6>\n<h2><strong>Skladn\u00edk\/ Skladn\u00edk p\u0159\u00edjmu<\/strong><\/h2>\n<h5><strong>Popis \u010dinnosti<\/strong><\/h5>\n<ul>\n<li>Vykl\u00e1dka dod\u00e1vek materi\u00e1lu<\/li>\n<li>Kontrola a evidence doklad\u016f (dodac\u00edch list\u016f, p\u0159\u00edjemek apod.)<\/li>\n<li>\u0158\u00edzen\u00ed dod\u00e1vek pro vstupn\u00ed kontrolu<\/li>\n<li>P\u0159\u00edprava materi\u00e1lu k\u00a0naskladn\u011bn\u00ed na centr\u00e1ln\u00ed sklad\/ do v\u00fdroby<\/li>\n<li>Zaji\u0161t\u011bn\u00ed plynul\u00e9ho chodu p\u0159\u00edjmu a uskladn\u011bn\u00ed materi\u00e1lu<\/li>\n<li>V\u00fddej materi\u00e1lu pro v\u00fdrobn\u00ed zak\u00e1zky\/ v\u00fdrobu<\/li>\n<li>Realizace inventur<\/li>\n<li>Obsluha manipula\u010dn\u00ed techniky<\/li>\n<\/ul>\n<h5><strong>Po\u017eadovan\u00e1 kvalifikace<\/strong><\/h5>\n<ul>\n<li>S\u0160\/ p\u0159\u00edpadn\u011b vyu\u010den<\/li>\n<li>\u0158idi\u010dsk\u00e9 opr\u00e1vn\u011bn\u00ed skupiny B<\/li>\n<li>Flexibilita, odpov\u011bdnost, spolehlivost, t\u00fdmov\u00fd duch<\/li>\n<li>Praxe na pozici skladn\u00edka \u2013 v\u00fdhodou<\/li>\n<li>Opr\u00e1vn\u011bn\u00ed na VZV &#8211; v\u00fdhodou<\/li>\n<li>Znalost SAP \u2013 v\u00fdhodou<\/li>\n<li>Z\u00e1kladn\u00ed znalost NJ \u2013 v\u00fdhodou<\/li>\n<\/ul>\n<h5>Nab\u00edz\u00edme<\/h5>\n<ul>\n<li>Z\u00e1zem\u00ed mezin\u00e1rodn\u00ed spole\u010dnosti s\u00a0individu\u00e1ln\u00edm p\u0159\u00edstupem ke ka\u017ed\u00e9mu zam\u011bstnanci, p\u0159\u00e1telskou atmosf\u00e9ru<\/li>\n<li>Zam\u011bstn\u00e1n\u00ed ve funguj\u00edc\u00edm t\u00fdmu se spravedliv\u00fdm odm\u011b\u0148ov\u00e1n\u00edm<u><\/u><\/li>\n<li>T\u00fdden dovolen\u00e9 nav\u00edc, t\u00fddenn\u00ed pracovn\u00ed dobu 37,5 hod.<\/li>\n<li>Pr\u00e1ci v\u00a0jedno a\u017e dvousm\u011bnn\u00e9m provozu<\/li>\n<li>P\u0159\u00edsp\u011bvek na z\u00e1vodn\u00ed stravov\u00e1n\u00ed (kant\u00fdna, chlazen\u00e1 j\u00eddla)<\/li>\n<li>Zaji\u0161t\u011bn\u00ed soci\u00e1ln\u00ed oblasti (p\u0159\u00edsp\u011bvek na volno\u010dasov\u00e9 aktivity, penzijn\u00ed p\u0159ipoji\u0161t\u011bn\u00ed, p\u0159\u00edsp\u011bvek na d\u011btskou rekreaci, odm\u011bna p\u0159i pracovn\u00edch a \u017eivotn\u00edch jubile\u00edch, &#8230;)<\/li>\n<li>Zv\u00fdhodn\u011bn\u00e9 mobiln\u00ed tarify pro zam\u011bstnance a jejich p\u0159\u00edbuzn\u00e9<\/li>\n<li>osobn\u00ed pr\u00e9mie<\/li>\n<\/ul>\n<h5 style=\"text-align: center;\">Sv\u016fj \u017eivotopis, pros\u00edm, zas\u00edlejte na e-mail: <strong>personalni@mdexx.com<\/strong><\/h5>\n","protected":false},"excerpt":{"rendered":"<p>Spole\u010dnost mdexx MD Trutnov hled\u00e1 vhodn\u00e9ho kandid\u00e1ta na pozici: Skladn\u00edk\/ Skladn\u00edk p\u0159\u00edjmu Popis \u010dinnosti Vykl\u00e1dka dod\u00e1vek materi\u00e1lu Kontrola a evidence doklad\u016f (dodac\u00edch list\u016f, p\u0159\u00edjemek apod.) \u0158\u00edzen\u00ed dod\u00e1vek pro vstupn\u00ed kontrolu P\u0159\u00edprava materi\u00e1lu k\u00a0naskladn\u011bn\u00ed na centr\u00e1ln\u00ed sklad\/ do v\u00fdroby Zaji\u0161t\u011bn\u00ed plynul\u00e9ho chodu p\u0159\u00edjmu a uskladn\u011bn\u00ed materi\u00e1lu V\u00fddej materi\u00e1lu pro v\u00fdrobn\u00ed zak\u00e1zky\/ v\u00fdrobu Realizace inventur Obsluha manipula\u010dn\u00ed [&hellip;]<\/p>\n","protected":false},"author":20,"featured_media":0,"parent":1827,"menu_order":0,"comment_status":"closed","ping_status":"closed","template":"","meta":{"_acf_changed":false,"footnotes":""},"simple-restrict-permission":[],"class_list":["post-3670","page","type-page","status-publish","hentry"],"acf":[],"yoast_head":"<!-- This site is optimized with the Yoast SEO plugin v27.2 - https:\/\/yoast.com\/product\/yoast-seo-wordpress\/ -->\n<title>Skladn\u00edk\/ Skladn\u00edk p\u0159\u00edjmu &#8211; AQ Magnetronics<\/title>\n<meta name=\"description\" content=\"Spole\u010dnost mdexx MD Trutnov hled\u00e1 vhodn\u00e9ho kandid\u00e1ta na pozici: Skladn\u00edk\/ Skladn\u00edk p\u0159\u00edjmu Popis \u010dinnosti Vykl\u00e1dka dod\u00e1vek materi\u00e1lu Kontrola a evidence\" \/>\n<meta name=\"robots\" content=\"index, follow, max-snippet:-1, max-image-preview:large, max-video-preview:-1\" \/>\n<link rel=\"canonical\" href=\"https:\/\/aqmagnetronics.com\/cs\/kariera\/skladnik-skladnik-prijmu\/\" \/>\n<meta property=\"og:locale\" content=\"cs_CZ\" \/>\n<meta property=\"og:type\" content=\"article\" \/>\n<meta property=\"og:title\" content=\"Skladn\u00edk\/ Skladn\u00edk p\u0159\u00edjmu &#8211; AQ Magnetronics\" \/>\n<meta property=\"og:description\" content=\"Spole\u010dnost mdexx MD Trutnov hled\u00e1 vhodn\u00e9ho kandid\u00e1ta na pozici: Skladn\u00edk\/ Skladn\u00edk p\u0159\u00edjmu Popis \u010dinnosti Vykl\u00e1dka dod\u00e1vek materi\u00e1lu Kontrola a evidence\" \/>\n<meta property=\"og:url\" content=\"https:\/\/aqmagnetronics.com\/cs\/kariera\/skladnik-skladnik-prijmu\/\" \/>\n<meta property=\"og:site_name\" content=\"AQ Magnetronics\" \/>\n<meta property=\"article:modified_time\" content=\"2019-11-06T12:05:29+00:00\" \/>\n<meta property=\"og:image\" content=\"https:\/\/aqmagnetronics.com\/wp-content\/uploads\/2018\/08\/Header_Standort-DE-neu.jpg\" \/>\n\t<meta property=\"og:image:width\" content=\"2000\" \/>\n\t<meta property=\"og:image:height\" content=\"1100\" \/>\n\t<meta property=\"og:image:type\" content=\"image\/jpeg\" \/>\n<meta name=\"twitter:card\" content=\"summary_large_image\" \/>\n<meta name=\"twitter:label1\" content=\"Odhadovan\u00e1 doba \u010dten\u00ed\" \/>\n\t<meta name=\"twitter:data1\" content=\"1 minuta\" \/>\n<script type=\"application\/ld+json\" class=\"yoast-schema-graph\">{\"@context\":\"https:\/\/schema.org\",\"@graph\":[{\"@type\":\"WebPage\",\"@id\":\"https:\/\/aqmagnetronics.com\/cs\/kariera\/skladnik-skladnik-prijmu\/\",\"url\":\"https:\/\/aqmagnetronics.com\/cs\/kariera\/skladnik-skladnik-prijmu\/\",\"name\":\"Skladn\u00edk\/ Skladn\u00edk p\u0159\u00edjmu &#8211; AQ Magnetronics\",\"isPartOf\":{\"@id\":\"https:\/\/aqmagnetronics.com\/cs\/#website\"},\"datePublished\":\"2019-11-06T11:15:59+00:00\",\"dateModified\":\"2019-11-06T12:05:29+00:00\",\"description\":\"Spole\u010dnost mdexx MD Trutnov hled\u00e1 vhodn\u00e9ho kandid\u00e1ta na pozici: Skladn\u00edk\/ Skladn\u00edk p\u0159\u00edjmu Popis \u010dinnosti Vykl\u00e1dka dod\u00e1vek materi\u00e1lu Kontrola a evidence\",\"breadcrumb\":{\"@id\":\"https:\/\/aqmagnetronics.com\/cs\/kariera\/skladnik-skladnik-prijmu\/#breadcrumb\"},\"inLanguage\":\"cs\",\"potentialAction\":[{\"@type\":\"ReadAction\",\"target\":[\"https:\/\/aqmagnetronics.com\/cs\/kariera\/skladnik-skladnik-prijmu\/\"]}]},{\"@type\":\"BreadcrumbList\",\"@id\":\"https:\/\/aqmagnetronics.com\/cs\/kariera\/skladnik-skladnik-prijmu\/#breadcrumb\",\"itemListElement\":[{\"@type\":\"ListItem\",\"position\":1,\"name\":\"Startseite\",\"item\":\"https:\/\/aqmagnetronics.com\/cs\/\"},{\"@type\":\"ListItem\",\"position\":2,\"name\":\"Kari\u00e9ra\",\"item\":\"https:\/\/aqmagnetronics.com\/cs\/kariera\/\"},{\"@type\":\"ListItem\",\"position\":3,\"name\":\"Skladn\u00edk\/ Skladn\u00edk p\u0159\u00edjmu\"}]},{\"@type\":\"WebSite\",\"@id\":\"https:\/\/aqmagnetronics.com\/cs\/#website\",\"url\":\"https:\/\/aqmagnetronics.com\/cs\/\",\"name\":\"mdexx fan systems GmbH\",\"description\":\"Radialventilatoren \/ Axialventilatoren \/ Industrieventilatoren &amp; Blechbearbeitung\",\"publisher\":{\"@id\":\"https:\/\/aqmagnetronics.com\/cs\/#organization\"},\"potentialAction\":[{\"@type\":\"SearchAction\",\"target\":{\"@type\":\"EntryPoint\",\"urlTemplate\":\"https:\/\/aqmagnetronics.com\/cs\/?s={search_term_string}\"},\"query-input\":{\"@type\":\"PropertyValueSpecification\",\"valueRequired\":true,\"valueName\":\"search_term_string\"}}],\"inLanguage\":\"cs\"},{\"@type\":\"Organization\",\"@id\":\"https:\/\/aqmagnetronics.com\/cs\/#organization\",\"name\":\"mdexx GmbH\",\"url\":\"https:\/\/aqmagnetronics.com\/cs\/\",\"logo\":{\"@type\":\"ImageObject\",\"inLanguage\":\"cs\",\"@id\":\"https:\/\/aqmagnetronics.com\/cs\/#\/schema\/logo\/image\/\",\"url\":\"https:\/\/www.mdexx.com\/wp-content\/uploads\/renewWeb\/logo-200x-57.jpg\",\"contentUrl\":\"https:\/\/www.mdexx.com\/wp-content\/uploads\/renewWeb\/logo-200x-57.jpg\",\"width\":200,\"height\":52,\"caption\":\"mdexx GmbH\"},\"image\":{\"@id\":\"https:\/\/aqmagnetronics.com\/cs\/#\/schema\/logo\/image\/\"}}]}<\/script>\n<!-- \/ Yoast SEO plugin. -->","yoast_head_json":{"title":"Skladn\u00edk\/ Skladn\u00edk p\u0159\u00edjmu &#8211; AQ Magnetronics","description":"Spole\u010dnost mdexx MD Trutnov hled\u00e1 vhodn\u00e9ho kandid\u00e1ta na pozici: Skladn\u00edk\/ Skladn\u00edk p\u0159\u00edjmu Popis \u010dinnosti Vykl\u00e1dka dod\u00e1vek materi\u00e1lu Kontrola a evidence","robots":{"index":"index","follow":"follow","max-snippet":"max-snippet:-1","max-image-preview":"max-image-preview:large","max-video-preview":"max-video-preview:-1"},"canonical":"https:\/\/aqmagnetronics.com\/cs\/kariera\/skladnik-skladnik-prijmu\/","og_locale":"cs_CZ","og_type":"article","og_title":"Skladn\u00edk\/ Skladn\u00edk p\u0159\u00edjmu &#8211; AQ Magnetronics","og_description":"Spole\u010dnost mdexx MD Trutnov hled\u00e1 vhodn\u00e9ho kandid\u00e1ta na pozici: Skladn\u00edk\/ Skladn\u00edk p\u0159\u00edjmu Popis \u010dinnosti Vykl\u00e1dka dod\u00e1vek materi\u00e1lu Kontrola a evidence","og_url":"https:\/\/aqmagnetronics.com\/cs\/kariera\/skladnik-skladnik-prijmu\/","og_site_name":"AQ Magnetronics","article_modified_time":"2019-11-06T12:05:29+00:00","og_image":[{"width":2000,"height":1100,"url":"https:\/\/aqmagnetronics.com\/wp-content\/uploads\/2018\/08\/Header_Standort-DE-neu.jpg","type":"image\/jpeg"}],"twitter_card":"summary_large_image","twitter_misc":{"Odhadovan\u00e1 doba \u010dten\u00ed":"1 minuta"},"schema":{"@context":"https:\/\/schema.org","@graph":[{"@type":"WebPage","@id":"https:\/\/aqmagnetronics.com\/cs\/kariera\/skladnik-skladnik-prijmu\/","url":"https:\/\/aqmagnetronics.com\/cs\/kariera\/skladnik-skladnik-prijmu\/","name":"Skladn\u00edk\/ Skladn\u00edk p\u0159\u00edjmu &#8211; AQ Magnetronics","isPartOf":{"@id":"https:\/\/aqmagnetronics.com\/cs\/#website"},"datePublished":"2019-11-06T11:15:59+00:00","dateModified":"2019-11-06T12:05:29+00:00","description":"Spole\u010dnost mdexx MD Trutnov hled\u00e1 vhodn\u00e9ho kandid\u00e1ta na pozici: Skladn\u00edk\/ Skladn\u00edk p\u0159\u00edjmu Popis \u010dinnosti Vykl\u00e1dka dod\u00e1vek materi\u00e1lu Kontrola a evidence","breadcrumb":{"@id":"https:\/\/aqmagnetronics.com\/cs\/kariera\/skladnik-skladnik-prijmu\/#breadcrumb"},"inLanguage":"cs","potentialAction":[{"@type":"ReadAction","target":["https:\/\/aqmagnetronics.com\/cs\/kariera\/skladnik-skladnik-prijmu\/"]}]},{"@type":"BreadcrumbList","@id":"https:\/\/aqmagnetronics.com\/cs\/kariera\/skladnik-skladnik-prijmu\/#breadcrumb","itemListElement":[{"@type":"ListItem","position":1,"name":"Startseite","item":"https:\/\/aqmagnetronics.com\/cs\/"},{"@type":"ListItem","position":2,"name":"Kari\u00e9ra","item":"https:\/\/aqmagnetronics.com\/cs\/kariera\/"},{"@type":"ListItem","position":3,"name":"Skladn\u00edk\/ Skladn\u00edk p\u0159\u00edjmu"}]},{"@type":"WebSite","@id":"https:\/\/aqmagnetronics.com\/cs\/#website","url":"https:\/\/aqmagnetronics.com\/cs\/","name":"mdexx fan systems GmbH","description":"Radialventilatoren \/ Axialventilatoren \/ Industrieventilatoren &amp; Blechbearbeitung","publisher":{"@id":"https:\/\/aqmagnetronics.com\/cs\/#organization"},"potentialAction":[{"@type":"SearchAction","target":{"@type":"EntryPoint","urlTemplate":"https:\/\/aqmagnetronics.com\/cs\/?s={search_term_string}"},"query-input":{"@type":"PropertyValueSpecification","valueRequired":true,"valueName":"search_term_string"}}],"inLanguage":"cs"},{"@type":"Organization","@id":"https:\/\/aqmagnetronics.com\/cs\/#organization","name":"mdexx GmbH","url":"https:\/\/aqmagnetronics.com\/cs\/","logo":{"@type":"ImageObject","inLanguage":"cs","@id":"https:\/\/aqmagnetronics.com\/cs\/#\/schema\/logo\/image\/","url":"https:\/\/www.mdexx.com\/wp-content\/uploads\/renewWeb\/logo-200x-57.jpg","contentUrl":"https:\/\/www.mdexx.com\/wp-content\/uploads\/renewWeb\/logo-200x-57.jpg","width":200,"height":52,"caption":"mdexx GmbH"},"image":{"@id":"https:\/\/aqmagnetronics.com\/cs\/#\/schema\/logo\/image\/"}}]}},"_links":{"self":[{"href":"https:\/\/aqmagnetronics.com\/cs\/wp-json\/wp\/v2\/pages\/3670","targetHints":{"allow":["GET"]}}],"collection":[{"href":"https:\/\/aqmagnetronics.com\/cs\/wp-json\/wp\/v2\/pages"}],"about":[{"href":"https:\/\/aqmagnetronics.com\/cs\/wp-json\/wp\/v2\/types\/page"}],"author":[{"embeddable":true,"href":"https:\/\/aqmagnetronics.com\/cs\/wp-json\/wp\/v2\/users\/20"}],"replies":[{"embeddable":true,"href":"https:\/\/aqmagnetronics.com\/cs\/wp-json\/wp\/v2\/comments?post=3670"}],"version-history":[{"count":0,"href":"https:\/\/aqmagnetronics.com\/cs\/wp-json\/wp\/v2\/pages\/3670\/revisions"}],"up":[{"embeddable":true,"href":"https:\/\/aqmagnetronics.com\/cs\/wp-json\/wp\/v2\/pages\/1827"}],"wp:attachment":[{"href":"https:\/\/aqmagnetronics.com\/cs\/wp-json\/wp\/v2\/media?parent=3670"}],"wp:term":[{"taxonomy":"simple-restrict-permission","embeddable":true,"href":"https:\/\/aqmagnetronics.com\/cs\/wp-json\/wp\/v2\/simple-restrict-permission?post=3670"}],"curies":[{"name":"wp","href":"https:\/\/api.w.org\/{rel}","templated":true}]}}