{"id":23159,"date":"2023-08-11T13:03:16","date_gmt":"2023-08-11T11:03:16","guid":{"rendered":"https:\/\/aqmagnetronics.com\/?page_id=23159"},"modified":"2026-03-03T08:27:26","modified_gmt":"2026-03-03T06:27:26","slug":"projekt","status":"publish","type":"page","link":"https:\/\/aqmagnetronics.com\/cs\/projekt\/","title":{"rendered":"Projekt"},"content":{"rendered":"<p><img loading=\"lazy\" decoding=\"async\" class=\"alignnone size-medium wp-image-23176\" src=\"https:\/\/aqmagnetronics.com\/wp-content\/uploads\/eu-300x82.png\" alt=\"\" width=\"300\" height=\"82\" srcset=\"https:\/\/aqmagnetronics.com\/wp-content\/uploads\/eu-300x82.png 300w, https:\/\/aqmagnetronics.com\/wp-content\/uploads\/eu.png 540w\" sizes=\"auto, (max-width: 300px) 100vw, 300px\" \/><img loading=\"lazy\" decoding=\"async\" class=\"wp-image-23181 alignright\" src=\"https:\/\/aqmagnetronics.com\/wp-content\/uploads\/ministerstvo-300x150.jpg\" alt=\"\" width=\"164\" height=\"82\" srcset=\"https:\/\/aqmagnetronics.com\/wp-content\/uploads\/ministerstvo-300x150.jpg 300w, https:\/\/aqmagnetronics.com\/wp-content\/uploads\/ministerstvo.jpg 382w\" sizes=\"auto, (max-width: 164px) 100vw, 164px\" \/><\/p>\n<p><span style=\"font-size: 24pt; font-family: Trebuchet MS, Geneva; color: #000080;\">PROJEKT<\/span><\/p>\n<p><span style=\"font-family: Trebuchet MS, Geneva; color: #333399; font-size: 18pt;\"><strong>V\u00fdzkum a v\u00fdvoj nov\u00e9 generace elektromagnetick\u00fdch za\u0159\u00edzen\u00ed spole\u010dnosti AQ Magnetronics s.r.o. <\/strong><\/span><\/p>\n<p><span style=\"font-family: Trebuchet MS, Geneva; color: #333399; font-size: 14pt;\">byl spolu\ufb01nancov\u00e1n <strong>Evropskou uni\u00ed.<\/strong><\/span><\/p>\n<p><span style=\"font-family: Trebuchet MS, Geneva;\">Projekt je zam\u011b\u0159en na v\u00fdvoj nov\u00e9 generace v\u00fdrobk\u016f (vinut\u00fdch d\u00edlc\u016f). Konkr\u00e9tn\u011b se jedn\u00e1 o transform\u00e1tory pro pr\u016fmyslov\u00e9 frekvence do 3kVA, hlin\u00edkov\u00e9 transform\u00e1tory nad 10 &#8211; 250 kVA a jednof\u00e1zov\u00fdch tlumivek v\u010detn\u011b \ufb01ltr\u016f.<\/span><\/p>\n<p>&nbsp;<\/p>\n<p><strong><span style=\"font-family: Trebuchet MS, Geneva; color: #000080; font-size: 24pt;\">INOVACE PRODUKTU <\/span><span style=\"font-family: Trebuchet MS, Geneva; color: #000080; font-size: 24pt;\">A PROCESU VE SPOLE\u010cNOSTI AQ Magnetronics s.r.o.<\/span><\/strong><\/p>\n<p><span style=\"font-family: Trebuchet MS, Geneva; color: #000080; font-size: 14pt;\">je spolufinancov\u00e1n <strong>Evropskou uni\u00ed.<\/strong><\/span><br \/>\n<span style=\"font-family: Trebuchet MS, Geneva;\">P\u0159edm\u011btem projektu je inovace v\u00fdrobn\u00edho procesu umo\u017e\u0148uj\u00edc\u00edho zah\u00e1jen\u00ed v\u00fdroby<\/span><br \/>\n<span style=\"font-family: Trebuchet MS, Geneva;\">inovovan\u00e9ho v\u00fdrobku v podob\u011b nov\u00e9 generace dvou typ\u016f transform\u00e1toru. Prvn\u00edm je<\/span><br \/>\n<span style=\"font-family: Trebuchet MS, Geneva;\">transform\u00e1tor pro pr\u016fmyslov\u00e9 frekvence do 3 kVA s ni\u017e\u0161\u00edmi zap\u00ednac\u00edmi proudy<\/span><br \/>\n<span style=\"font-family: Trebuchet MS, Geneva;\">a druh\u00fdm je st\u0159edofrekven\u010dn\u00ed transform\u00e1tor pracuj\u00edc\u00ed s frekvencemi a\u017e 100 kHz.<\/span><\/p>\n","protected":false},"excerpt":{"rendered":"<p>PROJEKT V\u00fdzkum a v\u00fdvoj nov\u00e9 generace elektromagnetick\u00fdch za\u0159\u00edzen\u00ed spole\u010dnosti AQ Magnetronics s.r.o. byl spolu\ufb01nancov\u00e1n Evropskou uni\u00ed. Projekt je zam\u011b\u0159en na v\u00fdvoj nov\u00e9 generace v\u00fdrobk\u016f (vinut\u00fdch d\u00edlc\u016f). Konkr\u00e9tn\u011b se jedn\u00e1 o transform\u00e1tory pro pr\u016fmyslov\u00e9 frekvence do 3kVA, hlin\u00edkov\u00e9 transform\u00e1tory nad 10 &#8211; 250 kVA a jednof\u00e1zov\u00fdch tlumivek v\u010detn\u011b \ufb01ltr\u016f. &nbsp; INOVACE PRODUKTU A PROCESU VE SPOLE\u010cNOSTI [&hellip;]<\/p>\n","protected":false},"author":34,"featured_media":0,"parent":0,"menu_order":0,"comment_status":"closed","ping_status":"closed","template":"","meta":{"_acf_changed":false,"footnotes":""},"simple-restrict-permission":[],"class_list":["post-23159","page","type-page","status-publish","hentry"],"acf":[],"yoast_head":"<!-- This site is optimized with the Yoast SEO plugin v27.4 - https:\/\/yoast.com\/product\/yoast-seo-wordpress\/ -->\n<title>Projekt &#8211; AQ Magnetronics<\/title>\n<meta name=\"description\" content=\"PROJEKT V\u00fdzkum a v\u00fdvoj nov\u00e9 generace elektromagnetick\u00fdch za\u0159\u00edzen\u00ed spole\u010dnosti AQ Magnetronics s.r.o. byl spolu\ufb01nancov\u00e1n Evropskou uni\u00ed. Projekt je zam\u011b\u0159en\" \/>\n<meta name=\"robots\" content=\"index, follow, max-snippet:-1, max-image-preview:large, max-video-preview:-1\" \/>\n<link rel=\"canonical\" href=\"https:\/\/aqmagnetronics.com\/cs\/projekt\/\" \/>\n<meta property=\"og:locale\" content=\"cs_CZ\" \/>\n<meta property=\"og:type\" content=\"article\" \/>\n<meta property=\"og:title\" content=\"Projekt &#8211; AQ Magnetronics\" \/>\n<meta property=\"og:description\" content=\"PROJEKT V\u00fdzkum a v\u00fdvoj nov\u00e9 generace elektromagnetick\u00fdch za\u0159\u00edzen\u00ed spole\u010dnosti AQ Magnetronics s.r.o. byl spolu\ufb01nancov\u00e1n Evropskou uni\u00ed. Projekt je zam\u011b\u0159en\" \/>\n<meta property=\"og:url\" content=\"https:\/\/aqmagnetronics.com\/cs\/projekt\/\" \/>\n<meta property=\"og:site_name\" content=\"AQ Magnetronics\" \/>\n<meta property=\"article:modified_time\" content=\"2026-03-03T06:27:26+00:00\" \/>\n<meta property=\"og:image\" content=\"https:\/\/aqmagnetronics.com\/wp-content\/uploads\/eu.png\" \/>\n\t<meta property=\"og:image:width\" content=\"540\" \/>\n\t<meta property=\"og:image:height\" content=\"147\" \/>\n\t<meta property=\"og:image:type\" content=\"image\/png\" \/>\n<meta name=\"twitter:card\" content=\"summary_large_image\" \/>\n<meta name=\"twitter:label1\" content=\"Odhadovan\u00e1 doba \u010dten\u00ed\" \/>\n\t<meta name=\"twitter:data1\" content=\"2 minuty\" \/>\n<script type=\"application\/ld+json\" class=\"yoast-schema-graph\">{\"@context\":\"https:\\\/\\\/schema.org\",\"@graph\":[{\"@type\":\"WebPage\",\"@id\":\"https:\\\/\\\/aqmagnetronics.com\\\/cs\\\/projekt\\\/\",\"url\":\"https:\\\/\\\/aqmagnetronics.com\\\/cs\\\/projekt\\\/\",\"name\":\"Projekt &#8211; AQ Magnetronics\",\"isPartOf\":{\"@id\":\"https:\\\/\\\/aqmagnetronics.com\\\/cs\\\/#website\"},\"primaryImageOfPage\":{\"@id\":\"https:\\\/\\\/aqmagnetronics.com\\\/cs\\\/projekt\\\/#primaryimage\"},\"image\":{\"@id\":\"https:\\\/\\\/aqmagnetronics.com\\\/cs\\\/projekt\\\/#primaryimage\"},\"thumbnailUrl\":\"https:\\\/\\\/aqmagnetronics.com\\\/wp-content\\\/uploads\\\/eu-300x82.png\",\"datePublished\":\"2023-08-11T11:03:16+00:00\",\"dateModified\":\"2026-03-03T06:27:26+00:00\",\"description\":\"PROJEKT V\u00fdzkum a v\u00fdvoj nov\u00e9 generace elektromagnetick\u00fdch za\u0159\u00edzen\u00ed spole\u010dnosti AQ Magnetronics s.r.o. byl spolu\ufb01nancov\u00e1n Evropskou uni\u00ed. Projekt je zam\u011b\u0159en\",\"breadcrumb\":{\"@id\":\"https:\\\/\\\/aqmagnetronics.com\\\/cs\\\/projekt\\\/#breadcrumb\"},\"inLanguage\":\"cs\",\"potentialAction\":[{\"@type\":\"ReadAction\",\"target\":[\"https:\\\/\\\/aqmagnetronics.com\\\/cs\\\/projekt\\\/\"]}]},{\"@type\":\"ImageObject\",\"inLanguage\":\"cs\",\"@id\":\"https:\\\/\\\/aqmagnetronics.com\\\/cs\\\/projekt\\\/#primaryimage\",\"url\":\"https:\\\/\\\/aqmagnetronics.com\\\/wp-content\\\/uploads\\\/eu-300x82.png\",\"contentUrl\":\"https:\\\/\\\/aqmagnetronics.com\\\/wp-content\\\/uploads\\\/eu-300x82.png\"},{\"@type\":\"BreadcrumbList\",\"@id\":\"https:\\\/\\\/aqmagnetronics.com\\\/cs\\\/projekt\\\/#breadcrumb\",\"itemListElement\":[{\"@type\":\"ListItem\",\"position\":1,\"name\":\"Startseite\",\"item\":\"https:\\\/\\\/aqmagnetronics.com\\\/cs\\\/\"},{\"@type\":\"ListItem\",\"position\":2,\"name\":\"Projekt\"}]},{\"@type\":\"WebSite\",\"@id\":\"https:\\\/\\\/aqmagnetronics.com\\\/cs\\\/#website\",\"url\":\"https:\\\/\\\/aqmagnetronics.com\\\/cs\\\/\",\"name\":\"AQ Magnetronics\",\"description\":\"Radialventilatoren \\\/ Axialventilatoren \\\/ Industrieventilatoren &amp; Blechbearbeitung\",\"publisher\":{\"@id\":\"https:\\\/\\\/aqmagnetronics.com\\\/cs\\\/#organization\"},\"potentialAction\":[{\"@type\":\"SearchAction\",\"target\":{\"@type\":\"EntryPoint\",\"urlTemplate\":\"https:\\\/\\\/aqmagnetronics.com\\\/cs\\\/?s={search_term_string}\"},\"query-input\":{\"@type\":\"PropertyValueSpecification\",\"valueRequired\":true,\"valueName\":\"search_term_string\"}}],\"inLanguage\":\"cs\"},{\"@type\":\"Organization\",\"@id\":\"https:\\\/\\\/aqmagnetronics.com\\\/cs\\\/#organization\",\"name\":\"mdexx GmbH\",\"url\":\"https:\\\/\\\/aqmagnetronics.com\\\/cs\\\/\",\"logo\":{\"@type\":\"ImageObject\",\"inLanguage\":\"cs\",\"@id\":\"https:\\\/\\\/aqmagnetronics.com\\\/cs\\\/#\\\/schema\\\/logo\\\/image\\\/\",\"url\":\"https:\\\/\\\/aqmagnetronics.com\\\/wp-content\\\/uploads\\\/renewWeb\\\/logo-200x-57.jpg\",\"contentUrl\":\"https:\\\/\\\/aqmagnetronics.com\\\/wp-content\\\/uploads\\\/renewWeb\\\/logo-200x-57.jpg\",\"width\":200,\"height\":52,\"caption\":\"mdexx GmbH\"},\"image\":{\"@id\":\"https:\\\/\\\/aqmagnetronics.com\\\/cs\\\/#\\\/schema\\\/logo\\\/image\\\/\"}}]}<\/script>\n<!-- \/ Yoast SEO plugin. -->","yoast_head_json":{"title":"Projekt &#8211; AQ Magnetronics","description":"PROJEKT V\u00fdzkum a v\u00fdvoj nov\u00e9 generace elektromagnetick\u00fdch za\u0159\u00edzen\u00ed spole\u010dnosti AQ Magnetronics s.r.o. byl spolu\ufb01nancov\u00e1n Evropskou uni\u00ed. Projekt je zam\u011b\u0159en","robots":{"index":"index","follow":"follow","max-snippet":"max-snippet:-1","max-image-preview":"max-image-preview:large","max-video-preview":"max-video-preview:-1"},"canonical":"https:\/\/aqmagnetronics.com\/cs\/projekt\/","og_locale":"cs_CZ","og_type":"article","og_title":"Projekt &#8211; AQ Magnetronics","og_description":"PROJEKT V\u00fdzkum a v\u00fdvoj nov\u00e9 generace elektromagnetick\u00fdch za\u0159\u00edzen\u00ed spole\u010dnosti AQ Magnetronics s.r.o. byl spolu\ufb01nancov\u00e1n Evropskou uni\u00ed. Projekt je zam\u011b\u0159en","og_url":"https:\/\/aqmagnetronics.com\/cs\/projekt\/","og_site_name":"AQ Magnetronics","article_modified_time":"2026-03-03T06:27:26+00:00","og_image":[{"width":540,"height":147,"url":"https:\/\/aqmagnetronics.com\/wp-content\/uploads\/eu.png","type":"image\/png"}],"twitter_card":"summary_large_image","twitter_misc":{"Odhadovan\u00e1 doba \u010dten\u00ed":"2 minuty"},"schema":{"@context":"https:\/\/schema.org","@graph":[{"@type":"WebPage","@id":"https:\/\/aqmagnetronics.com\/cs\/projekt\/","url":"https:\/\/aqmagnetronics.com\/cs\/projekt\/","name":"Projekt &#8211; AQ Magnetronics","isPartOf":{"@id":"https:\/\/aqmagnetronics.com\/cs\/#website"},"primaryImageOfPage":{"@id":"https:\/\/aqmagnetronics.com\/cs\/projekt\/#primaryimage"},"image":{"@id":"https:\/\/aqmagnetronics.com\/cs\/projekt\/#primaryimage"},"thumbnailUrl":"https:\/\/aqmagnetronics.com\/wp-content\/uploads\/eu-300x82.png","datePublished":"2023-08-11T11:03:16+00:00","dateModified":"2026-03-03T06:27:26+00:00","description":"PROJEKT V\u00fdzkum a v\u00fdvoj nov\u00e9 generace elektromagnetick\u00fdch za\u0159\u00edzen\u00ed spole\u010dnosti AQ Magnetronics s.r.o. byl spolu\ufb01nancov\u00e1n Evropskou uni\u00ed. Projekt je zam\u011b\u0159en","breadcrumb":{"@id":"https:\/\/aqmagnetronics.com\/cs\/projekt\/#breadcrumb"},"inLanguage":"cs","potentialAction":[{"@type":"ReadAction","target":["https:\/\/aqmagnetronics.com\/cs\/projekt\/"]}]},{"@type":"ImageObject","inLanguage":"cs","@id":"https:\/\/aqmagnetronics.com\/cs\/projekt\/#primaryimage","url":"https:\/\/aqmagnetronics.com\/wp-content\/uploads\/eu-300x82.png","contentUrl":"https:\/\/aqmagnetronics.com\/wp-content\/uploads\/eu-300x82.png"},{"@type":"BreadcrumbList","@id":"https:\/\/aqmagnetronics.com\/cs\/projekt\/#breadcrumb","itemListElement":[{"@type":"ListItem","position":1,"name":"Startseite","item":"https:\/\/aqmagnetronics.com\/cs\/"},{"@type":"ListItem","position":2,"name":"Projekt"}]},{"@type":"WebSite","@id":"https:\/\/aqmagnetronics.com\/cs\/#website","url":"https:\/\/aqmagnetronics.com\/cs\/","name":"AQ Magnetronics","description":"Radialventilatoren \/ Axialventilatoren \/ Industrieventilatoren &amp; Blechbearbeitung","publisher":{"@id":"https:\/\/aqmagnetronics.com\/cs\/#organization"},"potentialAction":[{"@type":"SearchAction","target":{"@type":"EntryPoint","urlTemplate":"https:\/\/aqmagnetronics.com\/cs\/?s={search_term_string}"},"query-input":{"@type":"PropertyValueSpecification","valueRequired":true,"valueName":"search_term_string"}}],"inLanguage":"cs"},{"@type":"Organization","@id":"https:\/\/aqmagnetronics.com\/cs\/#organization","name":"mdexx GmbH","url":"https:\/\/aqmagnetronics.com\/cs\/","logo":{"@type":"ImageObject","inLanguage":"cs","@id":"https:\/\/aqmagnetronics.com\/cs\/#\/schema\/logo\/image\/","url":"https:\/\/aqmagnetronics.com\/wp-content\/uploads\/renewWeb\/logo-200x-57.jpg","contentUrl":"https:\/\/aqmagnetronics.com\/wp-content\/uploads\/renewWeb\/logo-200x-57.jpg","width":200,"height":52,"caption":"mdexx GmbH"},"image":{"@id":"https:\/\/aqmagnetronics.com\/cs\/#\/schema\/logo\/image\/"}}]}},"_links":{"self":[{"href":"https:\/\/aqmagnetronics.com\/cs\/wp-json\/wp\/v2\/pages\/23159","targetHints":{"allow":["GET"]}}],"collection":[{"href":"https:\/\/aqmagnetronics.com\/cs\/wp-json\/wp\/v2\/pages"}],"about":[{"href":"https:\/\/aqmagnetronics.com\/cs\/wp-json\/wp\/v2\/types\/page"}],"author":[{"embeddable":true,"href":"https:\/\/aqmagnetronics.com\/cs\/wp-json\/wp\/v2\/users\/34"}],"replies":[{"embeddable":true,"href":"https:\/\/aqmagnetronics.com\/cs\/wp-json\/wp\/v2\/comments?post=23159"}],"version-history":[{"count":8,"href":"https:\/\/aqmagnetronics.com\/cs\/wp-json\/wp\/v2\/pages\/23159\/revisions"}],"predecessor-version":[{"id":25572,"href":"https:\/\/aqmagnetronics.com\/cs\/wp-json\/wp\/v2\/pages\/23159\/revisions\/25572"}],"wp:attachment":[{"href":"https:\/\/aqmagnetronics.com\/cs\/wp-json\/wp\/v2\/media?parent=23159"}],"wp:term":[{"taxonomy":"simple-restrict-permission","embeddable":true,"href":"https:\/\/aqmagnetronics.com\/cs\/wp-json\/wp\/v2\/simple-restrict-permission?post=23159"}],"curies":[{"name":"wp","href":"https:\/\/api.w.org\/{rel}","templated":true}]}}