{"id":23093,"date":"2023-08-07T08:29:02","date_gmt":"2023-08-07T06:29:02","guid":{"rendered":"https:\/\/aqmagnetronics.com\/?page_id=23093"},"modified":"2023-08-07T08:57:57","modified_gmt":"2023-08-07T06:57:57","slug":"whistleblowing","status":"publish","type":"page","link":"https:\/\/aqmagnetronics.com\/cs\/startseite\/whistleblowing\/","title":{"rendered":"Whistleblowing\/Ochrana oznamovatel\u016f"},"content":{"rendered":"<p>Na\u0161e spole\u010dnost m\u00e1 zaveden\u00fd vnit\u0159n\u00ed oznamovac\u00ed syst\u00e9m dle z\u00e1kona \u010d. 171\/2023 Sb. o ochran\u011b oznamovatel\u016f (d\u00e1le jen \u201eZ\u00e1kon\u201c). Na\u0161e spole\u010dnost v\u00a0souladu s \u00a7 9 odst. 2 p\u00edsm. a) vylu\u010duje mo\u017enost, aby prost\u0159ednictv\u00edm tohoto vnit\u0159n\u00edho oznamovac\u00edho syst\u00e9mu pod\u00e1vali ozn\u00e1men\u00ed osoby, kter\u00e1 pro na\u0161i spole\u010dnost nevykon\u00e1vaj\u00ed pr\u00e1ci nebo jinou obdobnou \u010dinnost (st\u00e1\u017e, dobrovolnick\u00e1 slu\u017eba apod.). V\u00a0p\u0159\u00edpad\u011b, \u017ee pro na\u0161i spole\u010dnost vykon\u00e1v\u00e1te pr\u00e1ci nebo jinou obdobnou \u010dinnost (st\u00e1\u017e, dobrovolnick\u00e1 slu\u017eba apod.), m\u016f\u017eete sv\u00e9 ozn\u00e1men\u00ed podat:<\/p>\n<ul>\n<li>prost\u0159ednictv\u00edm tohoto odkaze: <a href=\"https:\/\/whistleblowersoftware.com\/secure\/99bec97b-0b97-4fd2-8417-9e771a4ef618\">https:\/\/whistleblowersoftware.com\/secure\/99bec97b-0b97-4fd2-8417-9e771a4ef618<\/a> Po kliknut\u00ed na odkaz budete p\u0159esm\u011brov\u00e1ni na formul\u00e1\u0159 ozn\u00e1men\u00ed, kde se m\u016f\u017eete v\u00a0z\u00e1lo\u017ece \u201eintern\u00ed sm\u011brnice\u201c sezn\u00e1mit s\u00a0t\u00edm, jak\u00fdmi zp\u016fsoby lze ozn\u00e1men\u00ed podat, co mus\u00ed ozn\u00e1men\u00ed obsahovat a jak\u00fdm zp\u016fsobem, v\u00a0jak\u00fdch lh\u016ft\u00e1ch a podle jak\u00fdch pravidel bude Va\u0161e ozn\u00e1men\u00ed vy\u0159\u00edzeno.<\/li>\n<li>osobn\u011b na p\u0159edem sjednan\u00e9 sch\u016fzce s\u00a0p\u0159\u00edslu\u0161nou osobou viz n\u00ed\u017ee.<\/li>\n<\/ul>\n<p>V\u00a0p\u0159\u00edpad\u011b, \u017ee nem\u00e1te d\u016fv\u011bru v\u00a0n\u00e1\u0161 vnit\u0159n\u00ed oznamovac\u00ed syst\u00e9m, m\u016f\u017eete sv\u00e9 ozn\u00e1men\u00ed adresovat Ministerstvu spravedlnosti \u010cR, v\u00a0takov\u00e9m p\u0159\u00edpad\u011b postupujte dle n\u00e1vodu na <a href=\"https:\/\/oznamovatel.justice.cz\/chci-podat-oznameni\/\">https:\/\/oznamovatel.justice.cz\/chci-podat-oznameni\/<\/a>.<\/p>\n<p>P\u0159\u00edslu\u0161nou osobou pro p\u0159ij\u00edm\u00e1n\u00ed a vy\u0159\u00edzen\u00ed ozn\u00e1men\u00ed je v\u00a0na\u0161\u00ed spole\u010dnosti:<\/p>\n<p>Mgr. Tom\u00e1\u0161 Mudra<\/p>\n<p>Tel: +420\u00a0725\u00a0828 361<\/p>\n<p>Email: tmu@uepa.cz<\/p>\n<p>V\u00a0p\u0159\u00edpad\u011b jak\u00fdchkoli nejasnost\u00ed ohledn\u011b pod\u00e1n\u00ed \u010di vy\u0159\u00edzen\u00ed ozn\u00e1men\u00ed se pros\u00edm, nev\u00e1hejte obr\u00e1tit na v\u00fd\u0161e zm\u00edn\u011bnou p\u0159\u00edslu\u0161nou osobu.<\/p>\n","protected":false},"excerpt":{"rendered":"<p>Na\u0161e spole\u010dnost m\u00e1 zaveden\u00fd vnit\u0159n\u00ed oznamovac\u00ed syst\u00e9m dle z\u00e1kona \u010d. 171\/2023 Sb. o ochran\u011b oznamovatel\u016f (d\u00e1le jen \u201eZ\u00e1kon\u201c). Na\u0161e spole\u010dnost v\u00a0souladu s \u00a7 9 odst. 2 p\u00edsm. a) vylu\u010duje mo\u017enost, aby prost\u0159ednictv\u00edm tohoto vnit\u0159n\u00edho oznamovac\u00edho syst\u00e9mu pod\u00e1vali ozn\u00e1men\u00ed osoby, kter\u00e1 pro na\u0161i spole\u010dnost nevykon\u00e1vaj\u00ed pr\u00e1ci nebo jinou obdobnou \u010dinnost (st\u00e1\u017e, dobrovolnick\u00e1 slu\u017eba apod.). V\u00a0p\u0159\u00edpad\u011b, \u017ee [&hellip;]<\/p>\n","protected":false},"author":34,"featured_media":0,"parent":966,"menu_order":0,"comment_status":"closed","ping_status":"closed","template":"","meta":{"_acf_changed":false,"footnotes":""},"simple-restrict-permission":[],"class_list":["post-23093","page","type-page","status-publish","hentry"],"acf":[],"yoast_head":"<!-- This site is optimized with the Yoast SEO plugin v27.4 - https:\/\/yoast.com\/product\/yoast-seo-wordpress\/ -->\n<title>Whistleblowing\/Ochrana oznamovatel\u016f &#8211; AQ Magnetronics<\/title>\n<meta name=\"description\" content=\"Na\u0161e spole\u010dnost m\u00e1 zaveden\u00fd vnit\u0159n\u00ed oznamovac\u00ed syst\u00e9m dle z\u00e1kona \u010d. 171\/2023 Sb. o ochran\u011b oznamovatel\u016f (d\u00e1le jen \u201eZ\u00e1kon\u201c). Na\u0161e spole\u010dnost v\u00a0souladu s \u00a7\" \/>\n<meta name=\"robots\" content=\"index, follow, max-snippet:-1, max-image-preview:large, max-video-preview:-1\" \/>\n<link rel=\"canonical\" href=\"https:\/\/aqmagnetronics.com\/cs\/startseite\/whistleblowing\/\" \/>\n<meta property=\"og:locale\" content=\"cs_CZ\" \/>\n<meta property=\"og:type\" content=\"article\" \/>\n<meta property=\"og:title\" content=\"Whistleblowing\/Ochrana oznamovatel\u016f &#8211; AQ Magnetronics\" \/>\n<meta property=\"og:description\" content=\"Na\u0161e spole\u010dnost m\u00e1 zaveden\u00fd vnit\u0159n\u00ed oznamovac\u00ed syst\u00e9m dle z\u00e1kona \u010d. 171\/2023 Sb. o ochran\u011b oznamovatel\u016f (d\u00e1le jen \u201eZ\u00e1kon\u201c). Na\u0161e spole\u010dnost v\u00a0souladu s \u00a7\" \/>\n<meta property=\"og:url\" content=\"https:\/\/aqmagnetronics.com\/cs\/startseite\/whistleblowing\/\" \/>\n<meta property=\"og:site_name\" content=\"AQ Magnetronics\" \/>\n<meta property=\"article:modified_time\" content=\"2023-08-07T06:57:57+00:00\" \/>\n<meta property=\"og:image\" content=\"https:\/\/aqmagnetronics.com\/wp-content\/uploads\/2018\/08\/Header_Standort-DE-neu.jpg\" \/>\n\t<meta property=\"og:image:width\" content=\"2000\" \/>\n\t<meta property=\"og:image:height\" content=\"1100\" \/>\n\t<meta property=\"og:image:type\" content=\"image\/jpeg\" \/>\n<meta name=\"twitter:card\" content=\"summary_large_image\" \/>\n<meta name=\"twitter:label1\" content=\"Odhadovan\u00e1 doba \u010dten\u00ed\" \/>\n\t<meta name=\"twitter:data1\" content=\"1 minuta\" \/>\n<script type=\"application\/ld+json\" class=\"yoast-schema-graph\">{\"@context\":\"https:\\\/\\\/schema.org\",\"@graph\":[{\"@type\":\"WebPage\",\"@id\":\"https:\\\/\\\/aqmagnetronics.com\\\/cs\\\/startseite\\\/whistleblowing\\\/\",\"url\":\"https:\\\/\\\/aqmagnetronics.com\\\/cs\\\/startseite\\\/whistleblowing\\\/\",\"name\":\"Whistleblowing\\\/Ochrana oznamovatel\u016f &#8211; AQ Magnetronics\",\"isPartOf\":{\"@id\":\"https:\\\/\\\/aqmagnetronics.com\\\/cs\\\/#website\"},\"datePublished\":\"2023-08-07T06:29:02+00:00\",\"dateModified\":\"2023-08-07T06:57:57+00:00\",\"description\":\"Na\u0161e spole\u010dnost m\u00e1 zaveden\u00fd vnit\u0159n\u00ed oznamovac\u00ed syst\u00e9m dle z\u00e1kona \u010d. 171\\\/2023 Sb. o ochran\u011b oznamovatel\u016f (d\u00e1le jen \u201eZ\u00e1kon\u201c). Na\u0161e spole\u010dnost v\u00a0souladu s \u00a7\",\"breadcrumb\":{\"@id\":\"https:\\\/\\\/aqmagnetronics.com\\\/cs\\\/startseite\\\/whistleblowing\\\/#breadcrumb\"},\"inLanguage\":\"cs\",\"potentialAction\":[{\"@type\":\"ReadAction\",\"target\":[\"https:\\\/\\\/aqmagnetronics.com\\\/cs\\\/startseite\\\/whistleblowing\\\/\"]}]},{\"@type\":\"BreadcrumbList\",\"@id\":\"https:\\\/\\\/aqmagnetronics.com\\\/cs\\\/startseite\\\/whistleblowing\\\/#breadcrumb\",\"itemListElement\":[{\"@type\":\"ListItem\",\"position\":1,\"name\":\"Startseite\",\"item\":\"https:\\\/\\\/aqmagnetronics.com\\\/cs\\\/\"},{\"@type\":\"ListItem\",\"position\":2,\"name\":\"\u00davodn\u00ed str\u00e1nka\",\"item\":\"https:\\\/\\\/aqmagnetronics.com\\\/cs\\\/\"},{\"@type\":\"ListItem\",\"position\":3,\"name\":\"Whistleblowing\\\/Ochrana oznamovatel\u016f\"}]},{\"@type\":\"WebSite\",\"@id\":\"https:\\\/\\\/aqmagnetronics.com\\\/cs\\\/#website\",\"url\":\"https:\\\/\\\/aqmagnetronics.com\\\/cs\\\/\",\"name\":\"AQ Magnetronics\",\"description\":\"Radialventilatoren \\\/ Axialventilatoren \\\/ Industrieventilatoren &amp; Blechbearbeitung\",\"publisher\":{\"@id\":\"https:\\\/\\\/aqmagnetronics.com\\\/cs\\\/#organization\"},\"potentialAction\":[{\"@type\":\"SearchAction\",\"target\":{\"@type\":\"EntryPoint\",\"urlTemplate\":\"https:\\\/\\\/aqmagnetronics.com\\\/cs\\\/?s={search_term_string}\"},\"query-input\":{\"@type\":\"PropertyValueSpecification\",\"valueRequired\":true,\"valueName\":\"search_term_string\"}}],\"inLanguage\":\"cs\"},{\"@type\":\"Organization\",\"@id\":\"https:\\\/\\\/aqmagnetronics.com\\\/cs\\\/#organization\",\"name\":\"mdexx GmbH\",\"url\":\"https:\\\/\\\/aqmagnetronics.com\\\/cs\\\/\",\"logo\":{\"@type\":\"ImageObject\",\"inLanguage\":\"cs\",\"@id\":\"https:\\\/\\\/aqmagnetronics.com\\\/cs\\\/#\\\/schema\\\/logo\\\/image\\\/\",\"url\":\"https:\\\/\\\/aqmagnetronics.com\\\/wp-content\\\/uploads\\\/renewWeb\\\/logo-200x-57.jpg\",\"contentUrl\":\"https:\\\/\\\/aqmagnetronics.com\\\/wp-content\\\/uploads\\\/renewWeb\\\/logo-200x-57.jpg\",\"width\":200,\"height\":52,\"caption\":\"mdexx GmbH\"},\"image\":{\"@id\":\"https:\\\/\\\/aqmagnetronics.com\\\/cs\\\/#\\\/schema\\\/logo\\\/image\\\/\"}}]}<\/script>\n<!-- \/ Yoast SEO plugin. -->","yoast_head_json":{"title":"Whistleblowing\/Ochrana oznamovatel\u016f &#8211; AQ Magnetronics","description":"Na\u0161e spole\u010dnost m\u00e1 zaveden\u00fd vnit\u0159n\u00ed oznamovac\u00ed syst\u00e9m dle z\u00e1kona \u010d. 171\/2023 Sb. o ochran\u011b oznamovatel\u016f (d\u00e1le jen \u201eZ\u00e1kon\u201c). Na\u0161e spole\u010dnost v\u00a0souladu s \u00a7","robots":{"index":"index","follow":"follow","max-snippet":"max-snippet:-1","max-image-preview":"max-image-preview:large","max-video-preview":"max-video-preview:-1"},"canonical":"https:\/\/aqmagnetronics.com\/cs\/startseite\/whistleblowing\/","og_locale":"cs_CZ","og_type":"article","og_title":"Whistleblowing\/Ochrana oznamovatel\u016f &#8211; AQ Magnetronics","og_description":"Na\u0161e spole\u010dnost m\u00e1 zaveden\u00fd vnit\u0159n\u00ed oznamovac\u00ed syst\u00e9m dle z\u00e1kona \u010d. 171\/2023 Sb. o ochran\u011b oznamovatel\u016f (d\u00e1le jen \u201eZ\u00e1kon\u201c). Na\u0161e spole\u010dnost v\u00a0souladu s \u00a7","og_url":"https:\/\/aqmagnetronics.com\/cs\/startseite\/whistleblowing\/","og_site_name":"AQ Magnetronics","article_modified_time":"2023-08-07T06:57:57+00:00","og_image":[{"width":2000,"height":1100,"url":"https:\/\/aqmagnetronics.com\/wp-content\/uploads\/2018\/08\/Header_Standort-DE-neu.jpg","type":"image\/jpeg"}],"twitter_card":"summary_large_image","twitter_misc":{"Odhadovan\u00e1 doba \u010dten\u00ed":"1 minuta"},"schema":{"@context":"https:\/\/schema.org","@graph":[{"@type":"WebPage","@id":"https:\/\/aqmagnetronics.com\/cs\/startseite\/whistleblowing\/","url":"https:\/\/aqmagnetronics.com\/cs\/startseite\/whistleblowing\/","name":"Whistleblowing\/Ochrana oznamovatel\u016f &#8211; AQ Magnetronics","isPartOf":{"@id":"https:\/\/aqmagnetronics.com\/cs\/#website"},"datePublished":"2023-08-07T06:29:02+00:00","dateModified":"2023-08-07T06:57:57+00:00","description":"Na\u0161e spole\u010dnost m\u00e1 zaveden\u00fd vnit\u0159n\u00ed oznamovac\u00ed syst\u00e9m dle z\u00e1kona \u010d. 171\/2023 Sb. o ochran\u011b oznamovatel\u016f (d\u00e1le jen \u201eZ\u00e1kon\u201c). Na\u0161e spole\u010dnost v\u00a0souladu s \u00a7","breadcrumb":{"@id":"https:\/\/aqmagnetronics.com\/cs\/startseite\/whistleblowing\/#breadcrumb"},"inLanguage":"cs","potentialAction":[{"@type":"ReadAction","target":["https:\/\/aqmagnetronics.com\/cs\/startseite\/whistleblowing\/"]}]},{"@type":"BreadcrumbList","@id":"https:\/\/aqmagnetronics.com\/cs\/startseite\/whistleblowing\/#breadcrumb","itemListElement":[{"@type":"ListItem","position":1,"name":"Startseite","item":"https:\/\/aqmagnetronics.com\/cs\/"},{"@type":"ListItem","position":2,"name":"\u00davodn\u00ed str\u00e1nka","item":"https:\/\/aqmagnetronics.com\/cs\/"},{"@type":"ListItem","position":3,"name":"Whistleblowing\/Ochrana oznamovatel\u016f"}]},{"@type":"WebSite","@id":"https:\/\/aqmagnetronics.com\/cs\/#website","url":"https:\/\/aqmagnetronics.com\/cs\/","name":"AQ Magnetronics","description":"Radialventilatoren \/ Axialventilatoren \/ Industrieventilatoren &amp; Blechbearbeitung","publisher":{"@id":"https:\/\/aqmagnetronics.com\/cs\/#organization"},"potentialAction":[{"@type":"SearchAction","target":{"@type":"EntryPoint","urlTemplate":"https:\/\/aqmagnetronics.com\/cs\/?s={search_term_string}"},"query-input":{"@type":"PropertyValueSpecification","valueRequired":true,"valueName":"search_term_string"}}],"inLanguage":"cs"},{"@type":"Organization","@id":"https:\/\/aqmagnetronics.com\/cs\/#organization","name":"mdexx GmbH","url":"https:\/\/aqmagnetronics.com\/cs\/","logo":{"@type":"ImageObject","inLanguage":"cs","@id":"https:\/\/aqmagnetronics.com\/cs\/#\/schema\/logo\/image\/","url":"https:\/\/aqmagnetronics.com\/wp-content\/uploads\/renewWeb\/logo-200x-57.jpg","contentUrl":"https:\/\/aqmagnetronics.com\/wp-content\/uploads\/renewWeb\/logo-200x-57.jpg","width":200,"height":52,"caption":"mdexx GmbH"},"image":{"@id":"https:\/\/aqmagnetronics.com\/cs\/#\/schema\/logo\/image\/"}}]}},"_links":{"self":[{"href":"https:\/\/aqmagnetronics.com\/cs\/wp-json\/wp\/v2\/pages\/23093","targetHints":{"allow":["GET"]}}],"collection":[{"href":"https:\/\/aqmagnetronics.com\/cs\/wp-json\/wp\/v2\/pages"}],"about":[{"href":"https:\/\/aqmagnetronics.com\/cs\/wp-json\/wp\/v2\/types\/page"}],"author":[{"embeddable":true,"href":"https:\/\/aqmagnetronics.com\/cs\/wp-json\/wp\/v2\/users\/34"}],"replies":[{"embeddable":true,"href":"https:\/\/aqmagnetronics.com\/cs\/wp-json\/wp\/v2\/comments?post=23093"}],"version-history":[{"count":4,"href":"https:\/\/aqmagnetronics.com\/cs\/wp-json\/wp\/v2\/pages\/23093\/revisions"}],"predecessor-version":[{"id":23101,"href":"https:\/\/aqmagnetronics.com\/cs\/wp-json\/wp\/v2\/pages\/23093\/revisions\/23101"}],"up":[{"embeddable":true,"href":"https:\/\/aqmagnetronics.com\/cs\/wp-json\/wp\/v2\/pages\/966"}],"wp:attachment":[{"href":"https:\/\/aqmagnetronics.com\/cs\/wp-json\/wp\/v2\/media?parent=23093"}],"wp:term":[{"taxonomy":"simple-restrict-permission","embeddable":true,"href":"https:\/\/aqmagnetronics.com\/cs\/wp-json\/wp\/v2\/simple-restrict-permission?post=23093"}],"curies":[{"name":"wp","href":"https:\/\/api.w.org\/{rel}","templated":true}]}}