{"id":22482,"date":"2023-01-19T11:43:29","date_gmt":"2023-01-19T09:43:29","guid":{"rendered":"https:\/\/aqmagnetronics.com\/news-cooperation-agreement\/"},"modified":"2023-01-19T12:30:33","modified_gmt":"2023-01-19T10:30:33","slug":"news-cooperation-agreement","status":"publish","type":"page","link":"https:\/\/aqmagnetronics.com\/cs\/news-cooperation-agreement\/","title":{"rendered":"mdexx holding GmbH signs cooperation agreement with Chinese Lince Group"},"content":{"rendered":"<p><img loading=\"lazy\" decoding=\"async\" class=\"alignleft wp-image-22372 \" src=\"https:\/\/aqmagnetronics.com\/wp-content\/uploads\/lince-gebaeude-news.jpg\" alt=\"\" width=\"658\" height=\"432\" srcset=\"https:\/\/aqmagnetronics.com\/wp-content\/uploads\/lince-gebaeude-news.jpg 691w, https:\/\/aqmagnetronics.com\/wp-content\/uploads\/lince-gebaeude-news-300x197.jpg 300w\" sizes=\"auto, (max-width: 658px) 100vw, 658px\" \/><\/p>\n<p style=\"margin: 0in; font-family: Calibri; font-size: 11.0pt;\"><span style=\"font-family: poppins-light;\">mdexx holding GmbH in Weyhe has signed a cooperation agreement with mdexx Hunan, a 100% subsidiary of the Lince Group. Lince is one of the largest manufacturer and supplier of equipment components for the railroad industry.<\/span><\/p>\n<p style=\"margin: 0in; font-family: Calibri; font-size: 11.0pt;\"><span style=\"font-family: poppins-light;\">This cooperation secures the sales (and production) of fans and transformers from mdexx fan systems GmbH and mdexx Magnetronic Devices on the Chinese market.<\/span><\/p>\n<p>&nbsp;<\/p>\n<p>&nbsp;<\/p>\n","protected":false},"excerpt":{"rendered":"<p>mdexx holding GmbH in Weyhe has signed a cooperation agreement with mdexx Hunan, a 100% subsidiary of the Lince Group. Lince is one of the largest manufacturer and supplier of equipment components for the railroad industry. This cooperation secures the sales (and production) of fans and transformers from mdexx fan systems GmbH and mdexx Magnetronic [&hellip;]<\/p>\n","protected":false},"author":34,"featured_media":0,"parent":0,"menu_order":0,"comment_status":"closed","ping_status":"closed","template":"","meta":{"_acf_changed":false,"footnotes":""},"simple-restrict-permission":[],"class_list":["post-22482","page","type-page","status-publish","hentry"],"acf":[],"yoast_head":"<!-- This site is optimized with the Yoast SEO plugin v27.2 - https:\/\/yoast.com\/product\/yoast-seo-wordpress\/ -->\n<title>mdexx holding GmbH signs cooperation agreement with Chinese Lince Group &#8211; AQ Magnetronics<\/title>\n<meta name=\"description\" content=\"mdexx holding GmbH in Weyhe has signed a cooperation agreement with mdexx Hunan, a 100% subsidiary of the Lince Group. Lince is one of the largest\" \/>\n<meta name=\"robots\" content=\"index, follow, max-snippet:-1, max-image-preview:large, max-video-preview:-1\" \/>\n<link rel=\"canonical\" href=\"https:\/\/aqmagnetronics.com\/cs\/news-cooperation-agreement\/\" \/>\n<meta property=\"og:locale\" content=\"cs_CZ\" \/>\n<meta property=\"og:type\" content=\"article\" \/>\n<meta property=\"og:title\" content=\"mdexx holding GmbH signs cooperation agreement with Chinese Lince Group &#8211; AQ Magnetronics\" \/>\n<meta property=\"og:description\" content=\"mdexx holding GmbH in Weyhe has signed a cooperation agreement with mdexx Hunan, a 100% subsidiary of the Lince Group. Lince is one of the largest\" \/>\n<meta property=\"og:url\" content=\"https:\/\/aqmagnetronics.com\/cs\/news-cooperation-agreement\/\" \/>\n<meta property=\"og:site_name\" content=\"AQ Magnetronics\" \/>\n<meta property=\"article:modified_time\" content=\"2023-01-19T10:30:33+00:00\" \/>\n<meta property=\"og:image\" content=\"https:\/\/aqmagnetronics.com\/wp-content\/uploads\/lince-gebaeude-news.jpg\" \/>\n<meta name=\"twitter:card\" content=\"summary_large_image\" \/>\n<meta name=\"twitter:label1\" content=\"Odhadovan\u00e1 doba \u010dten\u00ed\" \/>\n\t<meta name=\"twitter:data1\" content=\"1 minuta\" \/>\n<script type=\"application\/ld+json\" class=\"yoast-schema-graph\">{\"@context\":\"https:\/\/schema.org\",\"@graph\":[{\"@type\":\"WebPage\",\"@id\":\"https:\/\/aqmagnetronics.com\/cs\/news-cooperation-agreement\/\",\"url\":\"https:\/\/aqmagnetronics.com\/cs\/news-cooperation-agreement\/\",\"name\":\"mdexx holding GmbH signs cooperation agreement with Chinese Lince Group &#8211; AQ Magnetronics\",\"isPartOf\":{\"@id\":\"https:\/\/aqmagnetronics.com\/cs\/#website\"},\"primaryImageOfPage\":{\"@id\":\"https:\/\/aqmagnetronics.com\/cs\/news-cooperation-agreement\/#primaryimage\"},\"image\":{\"@id\":\"https:\/\/aqmagnetronics.com\/cs\/news-cooperation-agreement\/#primaryimage\"},\"thumbnailUrl\":\"https:\/\/aqmagnetronics.com\/wp-content\/uploads\/lince-gebaeude-news.jpg\",\"datePublished\":\"2023-01-19T09:43:29+00:00\",\"dateModified\":\"2023-01-19T10:30:33+00:00\",\"description\":\"mdexx holding GmbH in Weyhe has signed a cooperation agreement with mdexx Hunan, a 100% subsidiary of the Lince Group. Lince is one of the largest\",\"breadcrumb\":{\"@id\":\"https:\/\/aqmagnetronics.com\/cs\/news-cooperation-agreement\/#breadcrumb\"},\"inLanguage\":\"cs\",\"potentialAction\":[{\"@type\":\"ReadAction\",\"target\":[\"https:\/\/aqmagnetronics.com\/cs\/news-cooperation-agreement\/\"]}]},{\"@type\":\"ImageObject\",\"inLanguage\":\"cs\",\"@id\":\"https:\/\/aqmagnetronics.com\/cs\/news-cooperation-agreement\/#primaryimage\",\"url\":\"https:\/\/aqmagnetronics.com\/wp-content\/uploads\/lince-gebaeude-news.jpg\",\"contentUrl\":\"https:\/\/aqmagnetronics.com\/wp-content\/uploads\/lince-gebaeude-news.jpg\"},{\"@type\":\"BreadcrumbList\",\"@id\":\"https:\/\/aqmagnetronics.com\/cs\/news-cooperation-agreement\/#breadcrumb\",\"itemListElement\":[{\"@type\":\"ListItem\",\"position\":1,\"name\":\"Startseite\",\"item\":\"https:\/\/aqmagnetronics.com\/cs\/\"},{\"@type\":\"ListItem\",\"position\":2,\"name\":\"mdexx holding GmbH signs cooperation agreement with Chinese Lince Group\"}]},{\"@type\":\"WebSite\",\"@id\":\"https:\/\/aqmagnetronics.com\/cs\/#website\",\"url\":\"https:\/\/aqmagnetronics.com\/cs\/\",\"name\":\"mdexx fan systems GmbH\",\"description\":\"Radialventilatoren \/ Axialventilatoren \/ Industrieventilatoren &amp; Blechbearbeitung\",\"publisher\":{\"@id\":\"https:\/\/aqmagnetronics.com\/cs\/#organization\"},\"potentialAction\":[{\"@type\":\"SearchAction\",\"target\":{\"@type\":\"EntryPoint\",\"urlTemplate\":\"https:\/\/aqmagnetronics.com\/cs\/?s={search_term_string}\"},\"query-input\":{\"@type\":\"PropertyValueSpecification\",\"valueRequired\":true,\"valueName\":\"search_term_string\"}}],\"inLanguage\":\"cs\"},{\"@type\":\"Organization\",\"@id\":\"https:\/\/aqmagnetronics.com\/cs\/#organization\",\"name\":\"mdexx GmbH\",\"url\":\"https:\/\/aqmagnetronics.com\/cs\/\",\"logo\":{\"@type\":\"ImageObject\",\"inLanguage\":\"cs\",\"@id\":\"https:\/\/aqmagnetronics.com\/cs\/#\/schema\/logo\/image\/\",\"url\":\"https:\/\/www.mdexx.com\/wp-content\/uploads\/renewWeb\/logo-200x-57.jpg\",\"contentUrl\":\"https:\/\/www.mdexx.com\/wp-content\/uploads\/renewWeb\/logo-200x-57.jpg\",\"width\":200,\"height\":52,\"caption\":\"mdexx GmbH\"},\"image\":{\"@id\":\"https:\/\/aqmagnetronics.com\/cs\/#\/schema\/logo\/image\/\"}}]}<\/script>\n<!-- \/ Yoast SEO plugin. -->","yoast_head_json":{"title":"mdexx holding GmbH signs cooperation agreement with Chinese Lince Group &#8211; AQ Magnetronics","description":"mdexx holding GmbH in Weyhe has signed a cooperation agreement with mdexx Hunan, a 100% subsidiary of the Lince Group. Lince is one of the largest","robots":{"index":"index","follow":"follow","max-snippet":"max-snippet:-1","max-image-preview":"max-image-preview:large","max-video-preview":"max-video-preview:-1"},"canonical":"https:\/\/aqmagnetronics.com\/cs\/news-cooperation-agreement\/","og_locale":"cs_CZ","og_type":"article","og_title":"mdexx holding GmbH signs cooperation agreement with Chinese Lince Group &#8211; AQ Magnetronics","og_description":"mdexx holding GmbH in Weyhe has signed a cooperation agreement with mdexx Hunan, a 100% subsidiary of the Lince Group. Lince is one of the largest","og_url":"https:\/\/aqmagnetronics.com\/cs\/news-cooperation-agreement\/","og_site_name":"AQ Magnetronics","article_modified_time":"2023-01-19T10:30:33+00:00","og_image":[{"url":"https:\/\/aqmagnetronics.com\/wp-content\/uploads\/lince-gebaeude-news.jpg","type":"","width":"","height":""}],"twitter_card":"summary_large_image","twitter_misc":{"Odhadovan\u00e1 doba \u010dten\u00ed":"1 minuta"},"schema":{"@context":"https:\/\/schema.org","@graph":[{"@type":"WebPage","@id":"https:\/\/aqmagnetronics.com\/cs\/news-cooperation-agreement\/","url":"https:\/\/aqmagnetronics.com\/cs\/news-cooperation-agreement\/","name":"mdexx holding GmbH signs cooperation agreement with Chinese Lince Group &#8211; AQ Magnetronics","isPartOf":{"@id":"https:\/\/aqmagnetronics.com\/cs\/#website"},"primaryImageOfPage":{"@id":"https:\/\/aqmagnetronics.com\/cs\/news-cooperation-agreement\/#primaryimage"},"image":{"@id":"https:\/\/aqmagnetronics.com\/cs\/news-cooperation-agreement\/#primaryimage"},"thumbnailUrl":"https:\/\/aqmagnetronics.com\/wp-content\/uploads\/lince-gebaeude-news.jpg","datePublished":"2023-01-19T09:43:29+00:00","dateModified":"2023-01-19T10:30:33+00:00","description":"mdexx holding GmbH in Weyhe has signed a cooperation agreement with mdexx Hunan, a 100% subsidiary of the Lince Group. Lince is one of the largest","breadcrumb":{"@id":"https:\/\/aqmagnetronics.com\/cs\/news-cooperation-agreement\/#breadcrumb"},"inLanguage":"cs","potentialAction":[{"@type":"ReadAction","target":["https:\/\/aqmagnetronics.com\/cs\/news-cooperation-agreement\/"]}]},{"@type":"ImageObject","inLanguage":"cs","@id":"https:\/\/aqmagnetronics.com\/cs\/news-cooperation-agreement\/#primaryimage","url":"https:\/\/aqmagnetronics.com\/wp-content\/uploads\/lince-gebaeude-news.jpg","contentUrl":"https:\/\/aqmagnetronics.com\/wp-content\/uploads\/lince-gebaeude-news.jpg"},{"@type":"BreadcrumbList","@id":"https:\/\/aqmagnetronics.com\/cs\/news-cooperation-agreement\/#breadcrumb","itemListElement":[{"@type":"ListItem","position":1,"name":"Startseite","item":"https:\/\/aqmagnetronics.com\/cs\/"},{"@type":"ListItem","position":2,"name":"mdexx holding GmbH signs cooperation agreement with Chinese Lince Group"}]},{"@type":"WebSite","@id":"https:\/\/aqmagnetronics.com\/cs\/#website","url":"https:\/\/aqmagnetronics.com\/cs\/","name":"mdexx fan systems GmbH","description":"Radialventilatoren \/ Axialventilatoren \/ Industrieventilatoren &amp; Blechbearbeitung","publisher":{"@id":"https:\/\/aqmagnetronics.com\/cs\/#organization"},"potentialAction":[{"@type":"SearchAction","target":{"@type":"EntryPoint","urlTemplate":"https:\/\/aqmagnetronics.com\/cs\/?s={search_term_string}"},"query-input":{"@type":"PropertyValueSpecification","valueRequired":true,"valueName":"search_term_string"}}],"inLanguage":"cs"},{"@type":"Organization","@id":"https:\/\/aqmagnetronics.com\/cs\/#organization","name":"mdexx GmbH","url":"https:\/\/aqmagnetronics.com\/cs\/","logo":{"@type":"ImageObject","inLanguage":"cs","@id":"https:\/\/aqmagnetronics.com\/cs\/#\/schema\/logo\/image\/","url":"https:\/\/www.mdexx.com\/wp-content\/uploads\/renewWeb\/logo-200x-57.jpg","contentUrl":"https:\/\/www.mdexx.com\/wp-content\/uploads\/renewWeb\/logo-200x-57.jpg","width":200,"height":52,"caption":"mdexx GmbH"},"image":{"@id":"https:\/\/aqmagnetronics.com\/cs\/#\/schema\/logo\/image\/"}}]}},"_links":{"self":[{"href":"https:\/\/aqmagnetronics.com\/cs\/wp-json\/wp\/v2\/pages\/22482","targetHints":{"allow":["GET"]}}],"collection":[{"href":"https:\/\/aqmagnetronics.com\/cs\/wp-json\/wp\/v2\/pages"}],"about":[{"href":"https:\/\/aqmagnetronics.com\/cs\/wp-json\/wp\/v2\/types\/page"}],"author":[{"embeddable":true,"href":"https:\/\/aqmagnetronics.com\/cs\/wp-json\/wp\/v2\/users\/34"}],"replies":[{"embeddable":true,"href":"https:\/\/aqmagnetronics.com\/cs\/wp-json\/wp\/v2\/comments?post=22482"}],"version-history":[{"count":1,"href":"https:\/\/aqmagnetronics.com\/cs\/wp-json\/wp\/v2\/pages\/22482\/revisions"}],"predecessor-version":[{"id":22484,"href":"https:\/\/aqmagnetronics.com\/cs\/wp-json\/wp\/v2\/pages\/22482\/revisions\/22484"}],"wp:attachment":[{"href":"https:\/\/aqmagnetronics.com\/cs\/wp-json\/wp\/v2\/media?parent=22482"}],"wp:term":[{"taxonomy":"simple-restrict-permission","embeddable":true,"href":"https:\/\/aqmagnetronics.com\/cs\/wp-json\/wp\/v2\/simple-restrict-permission?post=22482"}],"curies":[{"name":"wp","href":"https:\/\/api.w.org\/{rel}","templated":true}]}}