{"id":22118,"date":"2022-08-11T11:18:30","date_gmt":"2022-08-11T09:18:30","guid":{"rendered":"https:\/\/aqmagnetronics.com\/ventilatory\/downloads-for-fans\/"},"modified":"2024-01-31T15:40:30","modified_gmt":"2024-01-31T13:40:30","slug":"downloads-for-fans","status":"publish","type":"page","link":"https:\/\/aqmagnetronics.com\/cs\/ventilatory\/downloads-for-fans\/","title":{"rendered":"Downloads fans"},"content":{"rendered":"<h1 style=\"margin-bottom: 1em;\"><span style=\"font-family: poppins-light;\">AGB\u00b4s\u00a0 \u00a0|\u00a0 \u00a0General Terms &amp; Conditions<\/span><\/h1>\n<ul>\n<li><span style=\"font-family: poppins-light;\"><strong><a href=\"https:\/\/aqmagnetronics.com\/wp-content\/uploads\/Einkaufsbedingungen-01.07.22-1.pdf\"><span style=\"color: #230091;\">Allgemeine Einkaufsbedingungen<\/span><\/a><\/strong><\/span><\/li>\n<li><span style=\"font-family: poppins-light; color: #230091;\"><strong><em><a style=\"color: #230091;\" href=\"https:\/\/aqmagnetronics.com\/wp-content\/uploads\/General-Terms-and-Conditions-of-Purchase-01.07.22.pdf\">General Terms and Conditions of Purchase<\/a><\/em><\/strong><\/span><\/li>\n<li><span style=\"font-family: poppins-light; color: #230091;\"><a style=\"color: #230091;\" href=\"https:\/\/aqmagnetronics.com\/wp-content\/uploads\/General\/AGB-Allgemeine-Verkaufsbedingungen-mdexx-fan-systems-GmbH_01.09.22.pdf\"><strong>Allgemeine Verkaufsbedingungen<\/strong> mdexx fan systems GmbH<\/a><\/span><\/li>\n<li><span style=\"font-family: poppins-light; color: #230091;\"><a style=\"color: #230091;\" href=\"https:\/\/aqmagnetronics.com\/wp-content\/uploads\/General\/General-Terms-and-Conditions-of-Sale-fan-systems-GmbH_01.09.2020-1.pdf\"><em><strong>General Terms and Conditions of Sale<\/strong> mdexx fan systems GmbH<\/em><\/a><\/span><\/li>\n<li><span style=\"font-family: poppins-light; color: #230091;\"><strong><a style=\"color: #230091;\" href=\"https:\/\/aqmagnetronics.com\/wp-content\/uploads\/mdexx_AGB_Technische_Lieferbedingungen_fan-systems-GmbH.pdf\">Technische Lieferbedingungen <\/a><\/strong><a style=\"color: #230091;\" href=\"https:\/\/aqmagnetronics.com\/wp-content\/uploads\/mdexx_AGB_Technische_Lieferbedingungen_fan-systems-GmbH.pdf\">m<\/a>dexx fan systems GmbH<\/span><\/li>\n<li><span style=\"font-family: poppins-light; color: #230091;\"><em><strong><a style=\"color: #230091;\" href=\"https:\/\/aqmagnetronics.com\/wp-content\/uploads\/Technical-Terms-and-Conditions-of-Delivery-mdexx-fan-systems-GmbH_01.07.22-3.pdf\">Technical Conditions Delivery <\/a><\/strong><a style=\"color: #230091;\" href=\"https:\/\/aqmagnetronics.com\/wp-content\/uploads\/mdexx_GTC_Technical_Conditions_Delivery_fan-systems-GmbH.pdf\">mdexx fan systems GmbH<\/a><\/em><\/span><\/li>\n<\/ul>\n<p>&nbsp;<\/p>\n<h1 style=\"margin-bottom: 1em;\"><span style=\"font-family: poppins-light;\">Zertifikate\u00a0 \u00a0|\u00a0 \u00a0Certificates<\/span><\/h1>\n<ul>\n<li><span style=\"font-family: poppins-light;\"><a href=\"https:\/\/aqmagnetronics.com\/mfw_9k_zertifikat_de_en\/\">ISO 9001 DE\/EN<\/a><\/span><\/li>\n<li><span style=\"font-family: poppins-light;\"><a href=\"https:\/\/aqmagnetronics.com\/mfw_14k_zertifikat_de_en\/\">ISO 14001 DE\/EN<\/a><\/span><\/li>\n<li><span style=\"font-family: poppins-light;\"><a href=\"https:\/\/aqmagnetronics.com\/zw-en-15085_mfw_de_en\/\">EN 15085-2 CL1 MFW DE\/EN<\/a><\/span><\/li>\n<li><span style=\"font-family: poppins-light;\"><a href=\"https:\/\/aqmagnetronics.com\/zw-din-en-iso-3834-2_mfw_de_en\/\">ISO 3834-2 MFW DE\/EN<\/a><\/span><\/li>\n<li><span style=\"font-family: poppins-light;\"><a href=\"https:\/\/aqmagnetronics.com\/zw-din-2303_mfw_de_en\/\">DIN 2303 MFW DE\/EN<\/a><\/span><\/li>\n<li><span style=\"font-family: poppins-light;\"><a href=\"https:\/\/aqmagnetronics.com\/230228_mfw_gs1-system_de_en\/\">GS1 System DE\/EN<\/a><\/span><\/li>\n<li><span style=\"font-family: poppins-light;\"><a href=\"https:\/\/aqmagnetronics.com\/mfw_50k_zertifikat_de_en\/\">ISO 50001 DE\/EN<\/a><\/span><\/li>\n<li><span style=\"font-family: poppins-light;\"><a href=\"https:\/\/aqmagnetronics.com\/code-of-conduct_de_en\/\">Code of Conduct DE\/EN<\/a><\/span><\/li>\n<\/ul>\n<h1 style=\"margin-bottom: 1em;\"><\/h1>\n<p>&nbsp;<\/p>\n","protected":false},"excerpt":{"rendered":"<p>AGB\u00b4s\u00a0 \u00a0|\u00a0 \u00a0General Terms &amp; Conditions Allgemeine Einkaufsbedingungen General Terms and Conditions of Purchase Allgemeine Verkaufsbedingungen mdexx fan systems GmbH General Terms and Conditions of Sale mdexx fan systems GmbH Technische Lieferbedingungen mdexx fan systems GmbH Technical Conditions Delivery mdexx fan systems GmbH &nbsp; Zertifikate\u00a0 \u00a0|\u00a0 \u00a0Certificates ISO 9001 DE\/EN ISO 14001 DE\/EN EN 15085-2 [&hellip;]<\/p>\n","protected":false},"author":6,"featured_media":811,"parent":1892,"menu_order":0,"comment_status":"closed","ping_status":"closed","template":"","meta":{"_acf_changed":false,"footnotes":""},"simple-restrict-permission":[],"class_list":["post-22118","page","type-page","status-publish","has-post-thumbnail","hentry"],"acf":[],"yoast_head":"<!-- This site is optimized with the Yoast SEO plugin v27.4 - https:\/\/yoast.com\/product\/yoast-seo-wordpress\/ -->\n<title>Downloads fans &#8211; AQ Magnetronics<\/title>\n<meta name=\"description\" content=\"AGB\u00b4s\u00a0 \u00a0|\u00a0 \u00a0General Terms &amp; Conditions Allgemeine Einkaufsbedingungen General Terms and Conditions of Purchase Allgemeine Verkaufsbedingungen mdexx\" \/>\n<meta name=\"robots\" content=\"index, follow, max-snippet:-1, max-image-preview:large, max-video-preview:-1\" \/>\n<link rel=\"canonical\" href=\"https:\/\/aqmagnetronics.com\/cs\/ventilatory\/downloads-for-fans\/\" \/>\n<meta property=\"og:locale\" content=\"cs_CZ\" \/>\n<meta property=\"og:type\" content=\"article\" \/>\n<meta property=\"og:title\" content=\"Downloads fans &#8211; AQ Magnetronics\" \/>\n<meta property=\"og:description\" content=\"AGB\u00b4s\u00a0 \u00a0|\u00a0 \u00a0General Terms &amp; Conditions Allgemeine Einkaufsbedingungen General Terms and Conditions of Purchase Allgemeine Verkaufsbedingungen mdexx\" \/>\n<meta property=\"og:url\" content=\"https:\/\/aqmagnetronics.com\/cs\/ventilatory\/downloads-for-fans\/\" \/>\n<meta property=\"og:site_name\" content=\"AQ Magnetronics\" \/>\n<meta property=\"article:modified_time\" content=\"2024-01-31T13:40:30+00:00\" \/>\n<meta property=\"og:image\" content=\"https:\/\/aqmagnetronics.com\/wp-content\/uploads\/2018\/08\/Bild_Downloads.jpg\" \/>\n\t<meta property=\"og:image:width\" content=\"1397\" \/>\n\t<meta property=\"og:image:height\" content=\"1000\" \/>\n\t<meta property=\"og:image:type\" content=\"image\/jpeg\" \/>\n<meta name=\"twitter:card\" content=\"summary_large_image\" \/>\n<meta name=\"twitter:label1\" content=\"Odhadovan\u00e1 doba \u010dten\u00ed\" \/>\n\t<meta name=\"twitter:data1\" content=\"1 minuta\" \/>\n<script type=\"application\/ld+json\" class=\"yoast-schema-graph\">{\"@context\":\"https:\\\/\\\/schema.org\",\"@graph\":[{\"@type\":\"WebPage\",\"@id\":\"https:\\\/\\\/aqmagnetronics.com\\\/cs\\\/ventilatory\\\/downloads-for-fans\\\/\",\"url\":\"https:\\\/\\\/aqmagnetronics.com\\\/cs\\\/ventilatory\\\/downloads-for-fans\\\/\",\"name\":\"Downloads fans &#8211; AQ Magnetronics\",\"isPartOf\":{\"@id\":\"https:\\\/\\\/aqmagnetronics.com\\\/cs\\\/#website\"},\"primaryImageOfPage\":{\"@id\":\"https:\\\/\\\/aqmagnetronics.com\\\/cs\\\/ventilatory\\\/downloads-for-fans\\\/#primaryimage\"},\"image\":{\"@id\":\"https:\\\/\\\/aqmagnetronics.com\\\/cs\\\/ventilatory\\\/downloads-for-fans\\\/#primaryimage\"},\"thumbnailUrl\":\"https:\\\/\\\/aqmagnetronics.com\\\/wp-content\\\/uploads\\\/2018\\\/08\\\/Bild_Downloads.jpg\",\"datePublished\":\"2022-08-11T09:18:30+00:00\",\"dateModified\":\"2024-01-31T13:40:30+00:00\",\"description\":\"AGB\u00b4s\u00a0 \u00a0|\u00a0 \u00a0General Terms &amp; Conditions Allgemeine Einkaufsbedingungen General Terms and Conditions of Purchase Allgemeine Verkaufsbedingungen mdexx\",\"breadcrumb\":{\"@id\":\"https:\\\/\\\/aqmagnetronics.com\\\/cs\\\/ventilatory\\\/downloads-for-fans\\\/#breadcrumb\"},\"inLanguage\":\"cs\",\"potentialAction\":[{\"@type\":\"ReadAction\",\"target\":[\"https:\\\/\\\/aqmagnetronics.com\\\/cs\\\/ventilatory\\\/downloads-for-fans\\\/\"]}]},{\"@type\":\"ImageObject\",\"inLanguage\":\"cs\",\"@id\":\"https:\\\/\\\/aqmagnetronics.com\\\/cs\\\/ventilatory\\\/downloads-for-fans\\\/#primaryimage\",\"url\":\"https:\\\/\\\/aqmagnetronics.com\\\/wp-content\\\/uploads\\\/2018\\\/08\\\/Bild_Downloads.jpg\",\"contentUrl\":\"https:\\\/\\\/aqmagnetronics.com\\\/wp-content\\\/uploads\\\/2018\\\/08\\\/Bild_Downloads.jpg\",\"width\":1397,\"height\":1000},{\"@type\":\"BreadcrumbList\",\"@id\":\"https:\\\/\\\/aqmagnetronics.com\\\/cs\\\/ventilatory\\\/downloads-for-fans\\\/#breadcrumb\",\"itemListElement\":[{\"@type\":\"ListItem\",\"position\":1,\"name\":\"Startseite\",\"item\":\"https:\\\/\\\/aqmagnetronics.com\\\/cs\\\/\"},{\"@type\":\"ListItem\",\"position\":2,\"name\":\"Ventil\u00e1tory\",\"item\":\"https:\\\/\\\/aqmagnetronics.com\\\/cs\\\/ventilatory\\\/\"},{\"@type\":\"ListItem\",\"position\":3,\"name\":\"Downloads fans\"}]},{\"@type\":\"WebSite\",\"@id\":\"https:\\\/\\\/aqmagnetronics.com\\\/cs\\\/#website\",\"url\":\"https:\\\/\\\/aqmagnetronics.com\\\/cs\\\/\",\"name\":\"AQ Magnetronics\",\"description\":\"Radialventilatoren \\\/ Axialventilatoren \\\/ Industrieventilatoren &amp; Blechbearbeitung\",\"publisher\":{\"@id\":\"https:\\\/\\\/aqmagnetronics.com\\\/cs\\\/#organization\"},\"potentialAction\":[{\"@type\":\"SearchAction\",\"target\":{\"@type\":\"EntryPoint\",\"urlTemplate\":\"https:\\\/\\\/aqmagnetronics.com\\\/cs\\\/?s={search_term_string}\"},\"query-input\":{\"@type\":\"PropertyValueSpecification\",\"valueRequired\":true,\"valueName\":\"search_term_string\"}}],\"inLanguage\":\"cs\"},{\"@type\":\"Organization\",\"@id\":\"https:\\\/\\\/aqmagnetronics.com\\\/cs\\\/#organization\",\"name\":\"mdexx GmbH\",\"url\":\"https:\\\/\\\/aqmagnetronics.com\\\/cs\\\/\",\"logo\":{\"@type\":\"ImageObject\",\"inLanguage\":\"cs\",\"@id\":\"https:\\\/\\\/aqmagnetronics.com\\\/cs\\\/#\\\/schema\\\/logo\\\/image\\\/\",\"url\":\"https:\\\/\\\/aqmagnetronics.com\\\/wp-content\\\/uploads\\\/renewWeb\\\/logo-200x-57.jpg\",\"contentUrl\":\"https:\\\/\\\/aqmagnetronics.com\\\/wp-content\\\/uploads\\\/renewWeb\\\/logo-200x-57.jpg\",\"width\":200,\"height\":52,\"caption\":\"mdexx GmbH\"},\"image\":{\"@id\":\"https:\\\/\\\/aqmagnetronics.com\\\/cs\\\/#\\\/schema\\\/logo\\\/image\\\/\"}}]}<\/script>\n<!-- \/ Yoast SEO plugin. -->","yoast_head_json":{"title":"Downloads fans &#8211; AQ Magnetronics","description":"AGB\u00b4s\u00a0 \u00a0|\u00a0 \u00a0General Terms &amp; Conditions Allgemeine Einkaufsbedingungen General Terms and Conditions of Purchase Allgemeine Verkaufsbedingungen mdexx","robots":{"index":"index","follow":"follow","max-snippet":"max-snippet:-1","max-image-preview":"max-image-preview:large","max-video-preview":"max-video-preview:-1"},"canonical":"https:\/\/aqmagnetronics.com\/cs\/ventilatory\/downloads-for-fans\/","og_locale":"cs_CZ","og_type":"article","og_title":"Downloads fans &#8211; AQ Magnetronics","og_description":"AGB\u00b4s\u00a0 \u00a0|\u00a0 \u00a0General Terms &amp; Conditions Allgemeine Einkaufsbedingungen General Terms and Conditions of Purchase Allgemeine Verkaufsbedingungen mdexx","og_url":"https:\/\/aqmagnetronics.com\/cs\/ventilatory\/downloads-for-fans\/","og_site_name":"AQ Magnetronics","article_modified_time":"2024-01-31T13:40:30+00:00","og_image":[{"width":1397,"height":1000,"url":"https:\/\/aqmagnetronics.com\/wp-content\/uploads\/2018\/08\/Bild_Downloads.jpg","type":"image\/jpeg"}],"twitter_card":"summary_large_image","twitter_misc":{"Odhadovan\u00e1 doba \u010dten\u00ed":"1 minuta"},"schema":{"@context":"https:\/\/schema.org","@graph":[{"@type":"WebPage","@id":"https:\/\/aqmagnetronics.com\/cs\/ventilatory\/downloads-for-fans\/","url":"https:\/\/aqmagnetronics.com\/cs\/ventilatory\/downloads-for-fans\/","name":"Downloads fans &#8211; AQ Magnetronics","isPartOf":{"@id":"https:\/\/aqmagnetronics.com\/cs\/#website"},"primaryImageOfPage":{"@id":"https:\/\/aqmagnetronics.com\/cs\/ventilatory\/downloads-for-fans\/#primaryimage"},"image":{"@id":"https:\/\/aqmagnetronics.com\/cs\/ventilatory\/downloads-for-fans\/#primaryimage"},"thumbnailUrl":"https:\/\/aqmagnetronics.com\/wp-content\/uploads\/2018\/08\/Bild_Downloads.jpg","datePublished":"2022-08-11T09:18:30+00:00","dateModified":"2024-01-31T13:40:30+00:00","description":"AGB\u00b4s\u00a0 \u00a0|\u00a0 \u00a0General Terms &amp; Conditions Allgemeine Einkaufsbedingungen General Terms and Conditions of Purchase Allgemeine Verkaufsbedingungen mdexx","breadcrumb":{"@id":"https:\/\/aqmagnetronics.com\/cs\/ventilatory\/downloads-for-fans\/#breadcrumb"},"inLanguage":"cs","potentialAction":[{"@type":"ReadAction","target":["https:\/\/aqmagnetronics.com\/cs\/ventilatory\/downloads-for-fans\/"]}]},{"@type":"ImageObject","inLanguage":"cs","@id":"https:\/\/aqmagnetronics.com\/cs\/ventilatory\/downloads-for-fans\/#primaryimage","url":"https:\/\/aqmagnetronics.com\/wp-content\/uploads\/2018\/08\/Bild_Downloads.jpg","contentUrl":"https:\/\/aqmagnetronics.com\/wp-content\/uploads\/2018\/08\/Bild_Downloads.jpg","width":1397,"height":1000},{"@type":"BreadcrumbList","@id":"https:\/\/aqmagnetronics.com\/cs\/ventilatory\/downloads-for-fans\/#breadcrumb","itemListElement":[{"@type":"ListItem","position":1,"name":"Startseite","item":"https:\/\/aqmagnetronics.com\/cs\/"},{"@type":"ListItem","position":2,"name":"Ventil\u00e1tory","item":"https:\/\/aqmagnetronics.com\/cs\/ventilatory\/"},{"@type":"ListItem","position":3,"name":"Downloads fans"}]},{"@type":"WebSite","@id":"https:\/\/aqmagnetronics.com\/cs\/#website","url":"https:\/\/aqmagnetronics.com\/cs\/","name":"AQ Magnetronics","description":"Radialventilatoren \/ Axialventilatoren \/ Industrieventilatoren &amp; Blechbearbeitung","publisher":{"@id":"https:\/\/aqmagnetronics.com\/cs\/#organization"},"potentialAction":[{"@type":"SearchAction","target":{"@type":"EntryPoint","urlTemplate":"https:\/\/aqmagnetronics.com\/cs\/?s={search_term_string}"},"query-input":{"@type":"PropertyValueSpecification","valueRequired":true,"valueName":"search_term_string"}}],"inLanguage":"cs"},{"@type":"Organization","@id":"https:\/\/aqmagnetronics.com\/cs\/#organization","name":"mdexx GmbH","url":"https:\/\/aqmagnetronics.com\/cs\/","logo":{"@type":"ImageObject","inLanguage":"cs","@id":"https:\/\/aqmagnetronics.com\/cs\/#\/schema\/logo\/image\/","url":"https:\/\/aqmagnetronics.com\/wp-content\/uploads\/renewWeb\/logo-200x-57.jpg","contentUrl":"https:\/\/aqmagnetronics.com\/wp-content\/uploads\/renewWeb\/logo-200x-57.jpg","width":200,"height":52,"caption":"mdexx GmbH"},"image":{"@id":"https:\/\/aqmagnetronics.com\/cs\/#\/schema\/logo\/image\/"}}]}},"_links":{"self":[{"href":"https:\/\/aqmagnetronics.com\/cs\/wp-json\/wp\/v2\/pages\/22118","targetHints":{"allow":["GET"]}}],"collection":[{"href":"https:\/\/aqmagnetronics.com\/cs\/wp-json\/wp\/v2\/pages"}],"about":[{"href":"https:\/\/aqmagnetronics.com\/cs\/wp-json\/wp\/v2\/types\/page"}],"author":[{"embeddable":true,"href":"https:\/\/aqmagnetronics.com\/cs\/wp-json\/wp\/v2\/users\/6"}],"replies":[{"embeddable":true,"href":"https:\/\/aqmagnetronics.com\/cs\/wp-json\/wp\/v2\/comments?post=22118"}],"version-history":[{"count":4,"href":"https:\/\/aqmagnetronics.com\/cs\/wp-json\/wp\/v2\/pages\/22118\/revisions"}],"predecessor-version":[{"id":23653,"href":"https:\/\/aqmagnetronics.com\/cs\/wp-json\/wp\/v2\/pages\/22118\/revisions\/23653"}],"up":[{"embeddable":true,"href":"https:\/\/aqmagnetronics.com\/cs\/wp-json\/wp\/v2\/pages\/1892"}],"wp:featuredmedia":[{"embeddable":true,"href":"https:\/\/aqmagnetronics.com\/cs\/wp-json\/wp\/v2\/media\/811"}],"wp:attachment":[{"href":"https:\/\/aqmagnetronics.com\/cs\/wp-json\/wp\/v2\/media?parent=22118"}],"wp:term":[{"taxonomy":"simple-restrict-permission","embeddable":true,"href":"https:\/\/aqmagnetronics.com\/cs\/wp-json\/wp\/v2\/simple-restrict-permission?post=22118"}],"curies":[{"name":"wp","href":"https:\/\/api.w.org\/{rel}","templated":true}]}}