{"id":1988,"date":"2018-07-28T05:30:04","date_gmt":"2018-07-28T05:30:04","guid":{"rendered":"https:\/\/aqmagnetronics.com\/o-nas\/oblast-sluzeb\/vertrieb\/"},"modified":"2025-12-15T08:21:56","modified_gmt":"2025-12-15T06:21:56","slug":"prodej","status":"publish","type":"page","link":"https:\/\/aqmagnetronics.com\/cs\/spolecnost\/oddeleni\/prodej\/","title":{"rendered":"Prodej"},"content":{"rendered":"<p>AQ Magnetronics je jedn\u00edm z p\u0159edn\u00edch evropsk\u00fdch v\u00fdrobc\u016f transform\u00e1tor\u016f, tlumivek a filtr\u016f stejn\u011b jako nap\u00e1jec\u00edch syst\u00e9m\u016f. Na\u0161e v\u00fdrobky se pou\u017e\u00edvaj\u00ed ve v\u0161ech oblastech automatiza\u010dn\u00ed techniky a pohonech, v pr\u016fmyslu a infrastruktu\u0159e.<\/p>\n<p>&#8222;Transform\u00e1tory, nap\u00e1jec\u00ed zdroje, tlumivky a filtry jsou d\u00edky na\u0161emu prodeji v provozu ve v\u00edce ne\u017e 190 zem\u00edch sv\u011bta.&#8220;<\/p>\n","protected":false},"excerpt":{"rendered":"<p>AQ Magnetronics je jedn\u00edm z p\u0159edn\u00edch evropsk\u00fdch v\u00fdrobc\u016f transform\u00e1tor\u016f, tlumivek a filtr\u016f stejn\u011b jako nap\u00e1jec\u00edch syst\u00e9m\u016f. Na\u0161e v\u00fdrobky se pou\u017e\u00edvaj\u00ed ve v\u0161ech oblastech automatiza\u010dn\u00ed techniky a pohonech, v pr\u016fmyslu a infrastruktu\u0159e. &#8222;Transform\u00e1tory, nap\u00e1jec\u00ed zdroje, tlumivky a filtry jsou d\u00edky na\u0161emu prodeji v provozu ve v\u00edce ne\u017e 190 zem\u00edch sv\u011bta.&#8220;<\/p>\n","protected":false},"author":34,"featured_media":0,"parent":1963,"menu_order":5,"comment_status":"closed","ping_status":"closed","template":"","meta":{"_acf_changed":false,"footnotes":""},"simple-restrict-permission":[],"class_list":["post-1988","page","type-page","status-publish","hentry"],"acf":[],"yoast_head":"<!-- This site is optimized with the Yoast SEO plugin v27.4 - https:\/\/yoast.com\/product\/yoast-seo-wordpress\/ -->\n<title>Prodej &#8211; AQ Magnetronics<\/title>\n<meta name=\"description\" content=\"AQ Magnetronics je jedn\u00edm z p\u0159edn\u00edch evropsk\u00fdch v\u00fdrobc\u016f transform\u00e1tor\u016f, tlumivek a filtr\u016f stejn\u011b jako nap\u00e1jec\u00edch syst\u00e9m\u016f. Na\u0161e v\u00fdrobky se pou\u017e\u00edvaj\u00ed ve\" \/>\n<meta name=\"robots\" content=\"index, follow, max-snippet:-1, max-image-preview:large, max-video-preview:-1\" \/>\n<link rel=\"canonical\" href=\"https:\/\/aqmagnetronics.com\/cs\/spolecnost\/oddeleni\/prodej\/\" \/>\n<meta property=\"og:locale\" content=\"cs_CZ\" \/>\n<meta property=\"og:type\" content=\"article\" \/>\n<meta property=\"og:title\" content=\"Prodej &#8211; AQ Magnetronics\" \/>\n<meta property=\"og:description\" content=\"AQ Magnetronics je jedn\u00edm z p\u0159edn\u00edch evropsk\u00fdch v\u00fdrobc\u016f transform\u00e1tor\u016f, tlumivek a filtr\u016f stejn\u011b jako nap\u00e1jec\u00edch syst\u00e9m\u016f. Na\u0161e v\u00fdrobky se pou\u017e\u00edvaj\u00ed ve\" \/>\n<meta property=\"og:url\" content=\"https:\/\/aqmagnetronics.com\/cs\/spolecnost\/oddeleni\/prodej\/\" \/>\n<meta property=\"og:site_name\" content=\"AQ Magnetronics\" \/>\n<meta property=\"article:modified_time\" content=\"2025-12-15T06:21:56+00:00\" \/>\n<meta property=\"og:image\" content=\"https:\/\/aqmagnetronics.com\/wp-content\/uploads\/2018\/08\/Header_Standort-DE-neu.jpg\" \/>\n\t<meta property=\"og:image:width\" content=\"2000\" \/>\n\t<meta property=\"og:image:height\" content=\"1100\" \/>\n\t<meta property=\"og:image:type\" content=\"image\/jpeg\" \/>\n<meta name=\"twitter:card\" content=\"summary_large_image\" \/>\n<meta name=\"twitter:label1\" content=\"Odhadovan\u00e1 doba \u010dten\u00ed\" \/>\n\t<meta name=\"twitter:data1\" content=\"1 minuta\" \/>\n<script type=\"application\/ld+json\" class=\"yoast-schema-graph\">{\"@context\":\"https:\\\/\\\/schema.org\",\"@graph\":[{\"@type\":\"WebPage\",\"@id\":\"https:\\\/\\\/aqmagnetronics.com\\\/cs\\\/spolecnost\\\/oddeleni\\\/prodej\\\/\",\"url\":\"https:\\\/\\\/aqmagnetronics.com\\\/cs\\\/spolecnost\\\/oddeleni\\\/prodej\\\/\",\"name\":\"Prodej &#8211; AQ Magnetronics\",\"isPartOf\":{\"@id\":\"https:\\\/\\\/aqmagnetronics.com\\\/cs\\\/#website\"},\"datePublished\":\"2018-07-28T05:30:04+00:00\",\"dateModified\":\"2025-12-15T06:21:56+00:00\",\"description\":\"AQ Magnetronics je jedn\u00edm z p\u0159edn\u00edch evropsk\u00fdch v\u00fdrobc\u016f transform\u00e1tor\u016f, tlumivek a filtr\u016f stejn\u011b jako nap\u00e1jec\u00edch syst\u00e9m\u016f. Na\u0161e v\u00fdrobky se pou\u017e\u00edvaj\u00ed ve\",\"breadcrumb\":{\"@id\":\"https:\\\/\\\/aqmagnetronics.com\\\/cs\\\/spolecnost\\\/oddeleni\\\/prodej\\\/#breadcrumb\"},\"inLanguage\":\"cs\",\"potentialAction\":[{\"@type\":\"ReadAction\",\"target\":[\"https:\\\/\\\/aqmagnetronics.com\\\/cs\\\/spolecnost\\\/oddeleni\\\/prodej\\\/\"]}]},{\"@type\":\"BreadcrumbList\",\"@id\":\"https:\\\/\\\/aqmagnetronics.com\\\/cs\\\/spolecnost\\\/oddeleni\\\/prodej\\\/#breadcrumb\",\"itemListElement\":[{\"@type\":\"ListItem\",\"position\":1,\"name\":\"Startseite\",\"item\":\"https:\\\/\\\/aqmagnetronics.com\\\/cs\\\/\"},{\"@type\":\"ListItem\",\"position\":2,\"name\":\"Spole\u010dnost\",\"item\":\"https:\\\/\\\/aqmagnetronics.com\\\/cs\\\/spolecnost\\\/\"},{\"@type\":\"ListItem\",\"position\":3,\"name\":\"Odd\u011blen\u00ed\",\"item\":\"https:\\\/\\\/aqmagnetronics.com\\\/cs\\\/spolecnost\\\/oddeleni\\\/\"},{\"@type\":\"ListItem\",\"position\":4,\"name\":\"Prodej\"}]},{\"@type\":\"WebSite\",\"@id\":\"https:\\\/\\\/aqmagnetronics.com\\\/cs\\\/#website\",\"url\":\"https:\\\/\\\/aqmagnetronics.com\\\/cs\\\/\",\"name\":\"AQ Magnetronics\",\"description\":\"Radialventilatoren \\\/ Axialventilatoren \\\/ Industrieventilatoren &amp; Blechbearbeitung\",\"publisher\":{\"@id\":\"https:\\\/\\\/aqmagnetronics.com\\\/cs\\\/#organization\"},\"potentialAction\":[{\"@type\":\"SearchAction\",\"target\":{\"@type\":\"EntryPoint\",\"urlTemplate\":\"https:\\\/\\\/aqmagnetronics.com\\\/cs\\\/?s={search_term_string}\"},\"query-input\":{\"@type\":\"PropertyValueSpecification\",\"valueRequired\":true,\"valueName\":\"search_term_string\"}}],\"inLanguage\":\"cs\"},{\"@type\":\"Organization\",\"@id\":\"https:\\\/\\\/aqmagnetronics.com\\\/cs\\\/#organization\",\"name\":\"mdexx GmbH\",\"url\":\"https:\\\/\\\/aqmagnetronics.com\\\/cs\\\/\",\"logo\":{\"@type\":\"ImageObject\",\"inLanguage\":\"cs\",\"@id\":\"https:\\\/\\\/aqmagnetronics.com\\\/cs\\\/#\\\/schema\\\/logo\\\/image\\\/\",\"url\":\"https:\\\/\\\/aqmagnetronics.com\\\/wp-content\\\/uploads\\\/renewWeb\\\/logo-200x-57.jpg\",\"contentUrl\":\"https:\\\/\\\/aqmagnetronics.com\\\/wp-content\\\/uploads\\\/renewWeb\\\/logo-200x-57.jpg\",\"width\":200,\"height\":52,\"caption\":\"mdexx GmbH\"},\"image\":{\"@id\":\"https:\\\/\\\/aqmagnetronics.com\\\/cs\\\/#\\\/schema\\\/logo\\\/image\\\/\"}}]}<\/script>\n<!-- \/ Yoast SEO plugin. -->","yoast_head_json":{"title":"Prodej &#8211; AQ Magnetronics","description":"AQ Magnetronics je jedn\u00edm z p\u0159edn\u00edch evropsk\u00fdch v\u00fdrobc\u016f transform\u00e1tor\u016f, tlumivek a filtr\u016f stejn\u011b jako nap\u00e1jec\u00edch syst\u00e9m\u016f. Na\u0161e v\u00fdrobky se pou\u017e\u00edvaj\u00ed ve","robots":{"index":"index","follow":"follow","max-snippet":"max-snippet:-1","max-image-preview":"max-image-preview:large","max-video-preview":"max-video-preview:-1"},"canonical":"https:\/\/aqmagnetronics.com\/cs\/spolecnost\/oddeleni\/prodej\/","og_locale":"cs_CZ","og_type":"article","og_title":"Prodej &#8211; AQ Magnetronics","og_description":"AQ Magnetronics je jedn\u00edm z p\u0159edn\u00edch evropsk\u00fdch v\u00fdrobc\u016f transform\u00e1tor\u016f, tlumivek a filtr\u016f stejn\u011b jako nap\u00e1jec\u00edch syst\u00e9m\u016f. Na\u0161e v\u00fdrobky se pou\u017e\u00edvaj\u00ed ve","og_url":"https:\/\/aqmagnetronics.com\/cs\/spolecnost\/oddeleni\/prodej\/","og_site_name":"AQ Magnetronics","article_modified_time":"2025-12-15T06:21:56+00:00","og_image":[{"width":2000,"height":1100,"url":"https:\/\/aqmagnetronics.com\/wp-content\/uploads\/2018\/08\/Header_Standort-DE-neu.jpg","type":"image\/jpeg"}],"twitter_card":"summary_large_image","twitter_misc":{"Odhadovan\u00e1 doba \u010dten\u00ed":"1 minuta"},"schema":{"@context":"https:\/\/schema.org","@graph":[{"@type":"WebPage","@id":"https:\/\/aqmagnetronics.com\/cs\/spolecnost\/oddeleni\/prodej\/","url":"https:\/\/aqmagnetronics.com\/cs\/spolecnost\/oddeleni\/prodej\/","name":"Prodej &#8211; AQ Magnetronics","isPartOf":{"@id":"https:\/\/aqmagnetronics.com\/cs\/#website"},"datePublished":"2018-07-28T05:30:04+00:00","dateModified":"2025-12-15T06:21:56+00:00","description":"AQ Magnetronics je jedn\u00edm z p\u0159edn\u00edch evropsk\u00fdch v\u00fdrobc\u016f transform\u00e1tor\u016f, tlumivek a filtr\u016f stejn\u011b jako nap\u00e1jec\u00edch syst\u00e9m\u016f. Na\u0161e v\u00fdrobky se pou\u017e\u00edvaj\u00ed ve","breadcrumb":{"@id":"https:\/\/aqmagnetronics.com\/cs\/spolecnost\/oddeleni\/prodej\/#breadcrumb"},"inLanguage":"cs","potentialAction":[{"@type":"ReadAction","target":["https:\/\/aqmagnetronics.com\/cs\/spolecnost\/oddeleni\/prodej\/"]}]},{"@type":"BreadcrumbList","@id":"https:\/\/aqmagnetronics.com\/cs\/spolecnost\/oddeleni\/prodej\/#breadcrumb","itemListElement":[{"@type":"ListItem","position":1,"name":"Startseite","item":"https:\/\/aqmagnetronics.com\/cs\/"},{"@type":"ListItem","position":2,"name":"Spole\u010dnost","item":"https:\/\/aqmagnetronics.com\/cs\/spolecnost\/"},{"@type":"ListItem","position":3,"name":"Odd\u011blen\u00ed","item":"https:\/\/aqmagnetronics.com\/cs\/spolecnost\/oddeleni\/"},{"@type":"ListItem","position":4,"name":"Prodej"}]},{"@type":"WebSite","@id":"https:\/\/aqmagnetronics.com\/cs\/#website","url":"https:\/\/aqmagnetronics.com\/cs\/","name":"AQ Magnetronics","description":"Radialventilatoren \/ Axialventilatoren \/ Industrieventilatoren &amp; Blechbearbeitung","publisher":{"@id":"https:\/\/aqmagnetronics.com\/cs\/#organization"},"potentialAction":[{"@type":"SearchAction","target":{"@type":"EntryPoint","urlTemplate":"https:\/\/aqmagnetronics.com\/cs\/?s={search_term_string}"},"query-input":{"@type":"PropertyValueSpecification","valueRequired":true,"valueName":"search_term_string"}}],"inLanguage":"cs"},{"@type":"Organization","@id":"https:\/\/aqmagnetronics.com\/cs\/#organization","name":"mdexx GmbH","url":"https:\/\/aqmagnetronics.com\/cs\/","logo":{"@type":"ImageObject","inLanguage":"cs","@id":"https:\/\/aqmagnetronics.com\/cs\/#\/schema\/logo\/image\/","url":"https:\/\/aqmagnetronics.com\/wp-content\/uploads\/renewWeb\/logo-200x-57.jpg","contentUrl":"https:\/\/aqmagnetronics.com\/wp-content\/uploads\/renewWeb\/logo-200x-57.jpg","width":200,"height":52,"caption":"mdexx GmbH"},"image":{"@id":"https:\/\/aqmagnetronics.com\/cs\/#\/schema\/logo\/image\/"}}]}},"_links":{"self":[{"href":"https:\/\/aqmagnetronics.com\/cs\/wp-json\/wp\/v2\/pages\/1988","targetHints":{"allow":["GET"]}}],"collection":[{"href":"https:\/\/aqmagnetronics.com\/cs\/wp-json\/wp\/v2\/pages"}],"about":[{"href":"https:\/\/aqmagnetronics.com\/cs\/wp-json\/wp\/v2\/types\/page"}],"author":[{"embeddable":true,"href":"https:\/\/aqmagnetronics.com\/cs\/wp-json\/wp\/v2\/users\/34"}],"replies":[{"embeddable":true,"href":"https:\/\/aqmagnetronics.com\/cs\/wp-json\/wp\/v2\/comments?post=1988"}],"version-history":[{"count":1,"href":"https:\/\/aqmagnetronics.com\/cs\/wp-json\/wp\/v2\/pages\/1988\/revisions"}],"predecessor-version":[{"id":25506,"href":"https:\/\/aqmagnetronics.com\/cs\/wp-json\/wp\/v2\/pages\/1988\/revisions\/25506"}],"up":[{"embeddable":true,"href":"https:\/\/aqmagnetronics.com\/cs\/wp-json\/wp\/v2\/pages\/1963"}],"wp:attachment":[{"href":"https:\/\/aqmagnetronics.com\/cs\/wp-json\/wp\/v2\/media?parent=1988"}],"wp:term":[{"taxonomy":"simple-restrict-permission","embeddable":true,"href":"https:\/\/aqmagnetronics.com\/cs\/wp-json\/wp\/v2\/simple-restrict-permission?post=1988"}],"curies":[{"name":"wp","href":"https:\/\/api.w.org\/{rel}","templated":true}]}}