{"id":1984,"date":"2018-07-28T05:29:13","date_gmt":"2018-07-28T05:29:13","guid":{"rendered":"https:\/\/aqmagnetronics.com\/o-nas\/oblast-sluzeb\/qualitaet\/"},"modified":"2018-09-27T09:24:20","modified_gmt":"2018-09-27T09:24:20","slug":"kvalita","status":"publish","type":"page","link":"https:\/\/aqmagnetronics.com\/cs\/spolecnost\/oddeleni\/kvalita\/","title":{"rendered":"Kvalita"},"content":{"rendered":"<p>Kvalitu a \u00fasp\u011bch m\u011b\u0159\u00edme t\u00edm, \u017ee na\u0161e produkty a \u0159e\u0161en\u00ed spl\u0148uj\u00ed po\u017eadavky na\u0161ich z\u00e1kazn\u00edk\u016f. Celkov\u00e1 strategie kvality je zam\u011b\u0159ena na vysokou \u00farove\u0148 standard\u016f (funk\u010dnost, v\u00fdkon, cena).<\/p>\n<p>Na podporu t\u00e9to strategie kvality jsme certifikov\u00e1ni podle<\/p>\n<ul>\n<li>DIN ISO 9001:2008<\/li>\n<li>DIN EN ISO 14001<\/li>\n<li>DIN EN 15085-2\/CL1<\/li>\n<\/ul>\n<p>Na\u0161e produkty spl\u0148uj\u00ed normy:<\/p>\n<ul>\n<li>EN<\/li>\n<li>DIN<\/li>\n<li>VDE<\/li>\n<li>a vlastn\u00ed maj\u00ed certifikaci UL\/CSA<\/li>\n<\/ul>\n<p>Dodr\u017eujeme stavebn\u00ed p\u0159edpisy p\u0159edn\u00edch klasifika\u010dn\u00edch spole\u010dnost\u00ed:<\/p>\n<ul>\n<li>ABS (American Bureau of Shipping)<\/li>\n<li>DNV (Det Norske Veritas)<\/li>\n<li>GL (Germanischer Lloyd)<\/li>\n<\/ul>\n","protected":false},"excerpt":{"rendered":"<p>Kvalitu a \u00fasp\u011bch m\u011b\u0159\u00edme t\u00edm, \u017ee na\u0161e produkty a \u0159e\u0161en\u00ed spl\u0148uj\u00ed po\u017eadavky na\u0161ich z\u00e1kazn\u00edk\u016f. Celkov\u00e1 strategie kvality je zam\u011b\u0159ena na vysokou \u00farove\u0148 standard\u016f (funk\u010dnost, v\u00fdkon, cena). Na podporu t\u00e9to strategie kvality jsme certifikov\u00e1ni podle DIN ISO 9001:2008 DIN EN ISO 14001 DIN EN 15085-2\/CL1 Na\u0161e produkty spl\u0148uj\u00ed normy: EN DIN VDE a vlastn\u00ed maj\u00ed certifikaci [&hellip;]<\/p>\n","protected":false},"author":34,"featured_media":0,"parent":1963,"menu_order":4,"comment_status":"closed","ping_status":"closed","template":"","meta":{"_acf_changed":false,"footnotes":""},"simple-restrict-permission":[],"class_list":["post-1984","page","type-page","status-publish","hentry"],"acf":[],"yoast_head":"<!-- This site is optimized with the Yoast SEO plugin v27.4 - https:\/\/yoast.com\/product\/yoast-seo-wordpress\/ -->\n<title>Kvalita &#8211; AQ Magnetronics<\/title>\n<meta name=\"description\" content=\"Kvalitu a \u00fasp\u011bch m\u011b\u0159\u00edme t\u00edm, \u017ee na\u0161e produkty a \u0159e\u0161en\u00ed spl\u0148uj\u00ed po\u017eadavky na\u0161ich z\u00e1kazn\u00edk\u016f. Celkov\u00e1 strategie kvality je zam\u011b\u0159ena na vysokou \u00farove\u0148\" \/>\n<meta name=\"robots\" content=\"index, follow, max-snippet:-1, max-image-preview:large, max-video-preview:-1\" \/>\n<link rel=\"canonical\" href=\"https:\/\/aqmagnetronics.com\/cs\/spolecnost\/oddeleni\/kvalita\/\" \/>\n<meta property=\"og:locale\" content=\"cs_CZ\" \/>\n<meta property=\"og:type\" content=\"article\" \/>\n<meta property=\"og:title\" content=\"Kvalita &#8211; AQ Magnetronics\" \/>\n<meta property=\"og:description\" content=\"Kvalitu a \u00fasp\u011bch m\u011b\u0159\u00edme t\u00edm, \u017ee na\u0161e produkty a \u0159e\u0161en\u00ed spl\u0148uj\u00ed po\u017eadavky na\u0161ich z\u00e1kazn\u00edk\u016f. Celkov\u00e1 strategie kvality je zam\u011b\u0159ena na vysokou \u00farove\u0148\" \/>\n<meta property=\"og:url\" content=\"https:\/\/aqmagnetronics.com\/cs\/spolecnost\/oddeleni\/kvalita\/\" \/>\n<meta property=\"og:site_name\" content=\"AQ Magnetronics\" \/>\n<meta property=\"article:modified_time\" content=\"2018-09-27T09:24:20+00:00\" \/>\n<meta property=\"og:image\" content=\"https:\/\/aqmagnetronics.com\/wp-content\/uploads\/2018\/08\/Header_Standort-DE-neu.jpg\" \/>\n\t<meta property=\"og:image:width\" content=\"2000\" \/>\n\t<meta property=\"og:image:height\" content=\"1100\" \/>\n\t<meta property=\"og:image:type\" content=\"image\/jpeg\" \/>\n<meta name=\"twitter:card\" content=\"summary_large_image\" \/>\n<script type=\"application\/ld+json\" class=\"yoast-schema-graph\">{\"@context\":\"https:\\\/\\\/schema.org\",\"@graph\":[{\"@type\":\"WebPage\",\"@id\":\"https:\\\/\\\/aqmagnetronics.com\\\/cs\\\/spolecnost\\\/oddeleni\\\/kvalita\\\/\",\"url\":\"https:\\\/\\\/aqmagnetronics.com\\\/cs\\\/spolecnost\\\/oddeleni\\\/kvalita\\\/\",\"name\":\"Kvalita &#8211; AQ Magnetronics\",\"isPartOf\":{\"@id\":\"https:\\\/\\\/aqmagnetronics.com\\\/cs\\\/#website\"},\"datePublished\":\"2018-07-28T05:29:13+00:00\",\"dateModified\":\"2018-09-27T09:24:20+00:00\",\"description\":\"Kvalitu a \u00fasp\u011bch m\u011b\u0159\u00edme t\u00edm, \u017ee na\u0161e produkty a \u0159e\u0161en\u00ed spl\u0148uj\u00ed po\u017eadavky na\u0161ich z\u00e1kazn\u00edk\u016f. Celkov\u00e1 strategie kvality je zam\u011b\u0159ena na vysokou \u00farove\u0148\",\"breadcrumb\":{\"@id\":\"https:\\\/\\\/aqmagnetronics.com\\\/cs\\\/spolecnost\\\/oddeleni\\\/kvalita\\\/#breadcrumb\"},\"inLanguage\":\"cs\",\"potentialAction\":[{\"@type\":\"ReadAction\",\"target\":[\"https:\\\/\\\/aqmagnetronics.com\\\/cs\\\/spolecnost\\\/oddeleni\\\/kvalita\\\/\"]}]},{\"@type\":\"BreadcrumbList\",\"@id\":\"https:\\\/\\\/aqmagnetronics.com\\\/cs\\\/spolecnost\\\/oddeleni\\\/kvalita\\\/#breadcrumb\",\"itemListElement\":[{\"@type\":\"ListItem\",\"position\":1,\"name\":\"Startseite\",\"item\":\"https:\\\/\\\/aqmagnetronics.com\\\/cs\\\/\"},{\"@type\":\"ListItem\",\"position\":2,\"name\":\"Spole\u010dnost\",\"item\":\"https:\\\/\\\/aqmagnetronics.com\\\/cs\\\/spolecnost\\\/\"},{\"@type\":\"ListItem\",\"position\":3,\"name\":\"Odd\u011blen\u00ed\",\"item\":\"https:\\\/\\\/aqmagnetronics.com\\\/cs\\\/spolecnost\\\/oddeleni\\\/\"},{\"@type\":\"ListItem\",\"position\":4,\"name\":\"Kvalita\"}]},{\"@type\":\"WebSite\",\"@id\":\"https:\\\/\\\/aqmagnetronics.com\\\/cs\\\/#website\",\"url\":\"https:\\\/\\\/aqmagnetronics.com\\\/cs\\\/\",\"name\":\"AQ Magnetronics\",\"description\":\"Radialventilatoren \\\/ Axialventilatoren \\\/ Industrieventilatoren &amp; Blechbearbeitung\",\"publisher\":{\"@id\":\"https:\\\/\\\/aqmagnetronics.com\\\/cs\\\/#organization\"},\"potentialAction\":[{\"@type\":\"SearchAction\",\"target\":{\"@type\":\"EntryPoint\",\"urlTemplate\":\"https:\\\/\\\/aqmagnetronics.com\\\/cs\\\/?s={search_term_string}\"},\"query-input\":{\"@type\":\"PropertyValueSpecification\",\"valueRequired\":true,\"valueName\":\"search_term_string\"}}],\"inLanguage\":\"cs\"},{\"@type\":\"Organization\",\"@id\":\"https:\\\/\\\/aqmagnetronics.com\\\/cs\\\/#organization\",\"name\":\"mdexx GmbH\",\"url\":\"https:\\\/\\\/aqmagnetronics.com\\\/cs\\\/\",\"logo\":{\"@type\":\"ImageObject\",\"inLanguage\":\"cs\",\"@id\":\"https:\\\/\\\/aqmagnetronics.com\\\/cs\\\/#\\\/schema\\\/logo\\\/image\\\/\",\"url\":\"https:\\\/\\\/aqmagnetronics.com\\\/wp-content\\\/uploads\\\/renewWeb\\\/logo-200x-57.jpg\",\"contentUrl\":\"https:\\\/\\\/aqmagnetronics.com\\\/wp-content\\\/uploads\\\/renewWeb\\\/logo-200x-57.jpg\",\"width\":200,\"height\":52,\"caption\":\"mdexx GmbH\"},\"image\":{\"@id\":\"https:\\\/\\\/aqmagnetronics.com\\\/cs\\\/#\\\/schema\\\/logo\\\/image\\\/\"}}]}<\/script>\n<!-- \/ Yoast SEO plugin. -->","yoast_head_json":{"title":"Kvalita &#8211; AQ Magnetronics","description":"Kvalitu a \u00fasp\u011bch m\u011b\u0159\u00edme t\u00edm, \u017ee na\u0161e produkty a \u0159e\u0161en\u00ed spl\u0148uj\u00ed po\u017eadavky na\u0161ich z\u00e1kazn\u00edk\u016f. Celkov\u00e1 strategie kvality je zam\u011b\u0159ena na vysokou \u00farove\u0148","robots":{"index":"index","follow":"follow","max-snippet":"max-snippet:-1","max-image-preview":"max-image-preview:large","max-video-preview":"max-video-preview:-1"},"canonical":"https:\/\/aqmagnetronics.com\/cs\/spolecnost\/oddeleni\/kvalita\/","og_locale":"cs_CZ","og_type":"article","og_title":"Kvalita &#8211; AQ Magnetronics","og_description":"Kvalitu a \u00fasp\u011bch m\u011b\u0159\u00edme t\u00edm, \u017ee na\u0161e produkty a \u0159e\u0161en\u00ed spl\u0148uj\u00ed po\u017eadavky na\u0161ich z\u00e1kazn\u00edk\u016f. Celkov\u00e1 strategie kvality je zam\u011b\u0159ena na vysokou \u00farove\u0148","og_url":"https:\/\/aqmagnetronics.com\/cs\/spolecnost\/oddeleni\/kvalita\/","og_site_name":"AQ Magnetronics","article_modified_time":"2018-09-27T09:24:20+00:00","og_image":[{"width":2000,"height":1100,"url":"https:\/\/aqmagnetronics.com\/wp-content\/uploads\/2018\/08\/Header_Standort-DE-neu.jpg","type":"image\/jpeg"}],"twitter_card":"summary_large_image","schema":{"@context":"https:\/\/schema.org","@graph":[{"@type":"WebPage","@id":"https:\/\/aqmagnetronics.com\/cs\/spolecnost\/oddeleni\/kvalita\/","url":"https:\/\/aqmagnetronics.com\/cs\/spolecnost\/oddeleni\/kvalita\/","name":"Kvalita &#8211; AQ Magnetronics","isPartOf":{"@id":"https:\/\/aqmagnetronics.com\/cs\/#website"},"datePublished":"2018-07-28T05:29:13+00:00","dateModified":"2018-09-27T09:24:20+00:00","description":"Kvalitu a \u00fasp\u011bch m\u011b\u0159\u00edme t\u00edm, \u017ee na\u0161e produkty a \u0159e\u0161en\u00ed spl\u0148uj\u00ed po\u017eadavky na\u0161ich z\u00e1kazn\u00edk\u016f. Celkov\u00e1 strategie kvality je zam\u011b\u0159ena na vysokou \u00farove\u0148","breadcrumb":{"@id":"https:\/\/aqmagnetronics.com\/cs\/spolecnost\/oddeleni\/kvalita\/#breadcrumb"},"inLanguage":"cs","potentialAction":[{"@type":"ReadAction","target":["https:\/\/aqmagnetronics.com\/cs\/spolecnost\/oddeleni\/kvalita\/"]}]},{"@type":"BreadcrumbList","@id":"https:\/\/aqmagnetronics.com\/cs\/spolecnost\/oddeleni\/kvalita\/#breadcrumb","itemListElement":[{"@type":"ListItem","position":1,"name":"Startseite","item":"https:\/\/aqmagnetronics.com\/cs\/"},{"@type":"ListItem","position":2,"name":"Spole\u010dnost","item":"https:\/\/aqmagnetronics.com\/cs\/spolecnost\/"},{"@type":"ListItem","position":3,"name":"Odd\u011blen\u00ed","item":"https:\/\/aqmagnetronics.com\/cs\/spolecnost\/oddeleni\/"},{"@type":"ListItem","position":4,"name":"Kvalita"}]},{"@type":"WebSite","@id":"https:\/\/aqmagnetronics.com\/cs\/#website","url":"https:\/\/aqmagnetronics.com\/cs\/","name":"AQ Magnetronics","description":"Radialventilatoren \/ Axialventilatoren \/ Industrieventilatoren &amp; Blechbearbeitung","publisher":{"@id":"https:\/\/aqmagnetronics.com\/cs\/#organization"},"potentialAction":[{"@type":"SearchAction","target":{"@type":"EntryPoint","urlTemplate":"https:\/\/aqmagnetronics.com\/cs\/?s={search_term_string}"},"query-input":{"@type":"PropertyValueSpecification","valueRequired":true,"valueName":"search_term_string"}}],"inLanguage":"cs"},{"@type":"Organization","@id":"https:\/\/aqmagnetronics.com\/cs\/#organization","name":"mdexx GmbH","url":"https:\/\/aqmagnetronics.com\/cs\/","logo":{"@type":"ImageObject","inLanguage":"cs","@id":"https:\/\/aqmagnetronics.com\/cs\/#\/schema\/logo\/image\/","url":"https:\/\/aqmagnetronics.com\/wp-content\/uploads\/renewWeb\/logo-200x-57.jpg","contentUrl":"https:\/\/aqmagnetronics.com\/wp-content\/uploads\/renewWeb\/logo-200x-57.jpg","width":200,"height":52,"caption":"mdexx GmbH"},"image":{"@id":"https:\/\/aqmagnetronics.com\/cs\/#\/schema\/logo\/image\/"}}]}},"_links":{"self":[{"href":"https:\/\/aqmagnetronics.com\/cs\/wp-json\/wp\/v2\/pages\/1984","targetHints":{"allow":["GET"]}}],"collection":[{"href":"https:\/\/aqmagnetronics.com\/cs\/wp-json\/wp\/v2\/pages"}],"about":[{"href":"https:\/\/aqmagnetronics.com\/cs\/wp-json\/wp\/v2\/types\/page"}],"author":[{"embeddable":true,"href":"https:\/\/aqmagnetronics.com\/cs\/wp-json\/wp\/v2\/users\/34"}],"replies":[{"embeddable":true,"href":"https:\/\/aqmagnetronics.com\/cs\/wp-json\/wp\/v2\/comments?post=1984"}],"version-history":[{"count":0,"href":"https:\/\/aqmagnetronics.com\/cs\/wp-json\/wp\/v2\/pages\/1984\/revisions"}],"up":[{"embeddable":true,"href":"https:\/\/aqmagnetronics.com\/cs\/wp-json\/wp\/v2\/pages\/1963"}],"wp:attachment":[{"href":"https:\/\/aqmagnetronics.com\/cs\/wp-json\/wp\/v2\/media?parent=1984"}],"wp:term":[{"taxonomy":"simple-restrict-permission","embeddable":true,"href":"https:\/\/aqmagnetronics.com\/cs\/wp-json\/wp\/v2\/simple-restrict-permission?post=1984"}],"curies":[{"name":"wp","href":"https:\/\/api.w.org\/{rel}","templated":true}]}}