{"id":1974,"date":"2018-07-28T05:27:06","date_gmt":"2018-07-28T05:27:06","guid":{"rendered":"https:\/\/aqmagnetronics.com\/o-nas\/oblast-sluzeb\/einkauf\/"},"modified":"2025-12-15T08:20:36","modified_gmt":"2025-12-15T06:20:36","slug":"nakup","status":"publish","type":"page","link":"https:\/\/aqmagnetronics.com\/cs\/spolecnost\/oddeleni\/nakup\/","title":{"rendered":"N\u00e1kup"},"content":{"rendered":"<p>V\u00fdznam n\u00e1kupu\u00a0d\u00edky vysok\u00e9mu objemu nakupovan\u00fdch d\u00edl\u016f prudce vzrostl a n\u00e1le\u017e\u00ed k nejd\u016fle\u017eit\u011bj\u0161\u00edm faktor\u016fm, pokud jde o ekonomickou a vysoce kvalitativn\u00ed v\u00fdrobu na\u0161ich produkt\u016f.<\/p>\n<p>Pracujeme v\u00fdhradn\u011b s kvalifikovan\u00fdmi dodavateli a servisn\u00edmi spole\u010dnostmi.<\/p>\n<p>Pr\u016fb\u011b\u017en\u00fd v\u00fdvoj dodavatel\u016f zalo\u017een\u00fd na velk\u00e9m mno\u017estv\u00ed sledovan\u00fdch dat umo\u017e\u0148uj\u00ed rozvoj a roz\u0161i\u0159ov\u00e1n\u00ed efektivn\u00ed dodavatelsk\u00e9 z\u00e1kladny. V r\u00e1mci strategick\u00e9ho \u0159\u00edzen\u00ed dodavatel\u016f jsou na\u0161i\u00a0nejd\u016fle\u017eit\u011bj\u0161\u00ed a kl\u00ed\u010dov\u00ed dodavatel\u00e9 jednou ro\u010dn\u011b podrobeni rozs\u00e1hl\u00e9mu hodnocen\u00ed.<\/p>\n<p>Efektivn\u00ed \u0159\u00edzen\u00ed skupin materi\u00e1l\u016f, zalo\u017een\u00e9 na anal\u00fdz\u00e1ch a post\u0159ez\u00edch mezin\u00e1rodn\u00edho trhu, rozvoj n\u00e1kupn\u00edch strategi\u00ed\u00a0na \u00farovni skupin v\u00fdrobk\u016f, jako\u017e i vstupy na nov\u00e9 materi\u00e1lov\u00e9 trhy a identifikace vhodn\u00fdch dodavatel\u016f pat\u0159\u00ed mezi na\u0161e hlavn\u00ed strategie. To plat\u00ed pro v\u0161echny na\u0161e v\u00fdrobky \u2013 od tlumivky a\u017e po radi\u00e1ln\u00ed ventil\u00e1tor.<\/p>\n<p>V r\u00e1mci odpov\u011bdnosti firem Corporate Responsibility je kodex chov\u00e1n\u00ed pro dodavatele AQ Magnetronics d\u016fle\u017eit\u00fdm pil\u00ed\u0159em. Je ned\u00edlnou sou\u010d\u00e1st\u00ed na\u0161ich smluv a tvo\u0159\u00ed partnersk\u00fd obchodn\u00ed vztah. Kodex chov\u00e1n\u00ed pro dodavatele AQ Magnetronics (Code of Conduct) definuje z\u00e1sady a po\u017eadavky pro na\u0161e dodavatele a poskytovatele slu\u017eeb v souvislosti s odpov\u011bdnost\u00ed za lidi a \u017eivotn\u00ed prost\u0159ed\u00ed. T\u00edmto chceme p\u0159isp\u011bt k realizaci zodpov\u011bdn\u00e9ho podnik\u00e1n\u00ed.<\/p>\n","protected":false},"excerpt":{"rendered":"<p>V\u00fdznam n\u00e1kupu\u00a0d\u00edky vysok\u00e9mu objemu nakupovan\u00fdch d\u00edl\u016f prudce vzrostl a n\u00e1le\u017e\u00ed k nejd\u016fle\u017eit\u011bj\u0161\u00edm faktor\u016fm, pokud jde o ekonomickou a vysoce kvalitativn\u00ed v\u00fdrobu na\u0161ich produkt\u016f. Pracujeme v\u00fdhradn\u011b s kvalifikovan\u00fdmi dodavateli a servisn\u00edmi spole\u010dnostmi. Pr\u016fb\u011b\u017en\u00fd v\u00fdvoj dodavatel\u016f zalo\u017een\u00fd na velk\u00e9m mno\u017estv\u00ed sledovan\u00fdch dat umo\u017e\u0148uj\u00ed rozvoj a roz\u0161i\u0159ov\u00e1n\u00ed efektivn\u00ed dodavatelsk\u00e9 z\u00e1kladny. V r\u00e1mci strategick\u00e9ho \u0159\u00edzen\u00ed dodavatel\u016f jsou na\u0161i\u00a0nejd\u016fle\u017eit\u011bj\u0161\u00ed a [&hellip;]<\/p>\n","protected":false},"author":34,"featured_media":0,"parent":1963,"menu_order":2,"comment_status":"closed","ping_status":"closed","template":"","meta":{"_acf_changed":false,"footnotes":""},"simple-restrict-permission":[],"class_list":["post-1974","page","type-page","status-publish","hentry"],"acf":[],"yoast_head":"<!-- This site is optimized with the Yoast SEO plugin v27.4 - https:\/\/yoast.com\/product\/yoast-seo-wordpress\/ -->\n<title>N\u00e1kup &#8211; AQ Magnetronics<\/title>\n<meta name=\"description\" content=\"V\u00fdznam n\u00e1kupu\u00a0d\u00edky vysok\u00e9mu objemu nakupovan\u00fdch d\u00edl\u016f prudce vzrostl a n\u00e1le\u017e\u00ed k nejd\u016fle\u017eit\u011bj\u0161\u00edm faktor\u016fm, pokud jde o ekonomickou a vysoce kvalitativn\u00ed\" \/>\n<meta name=\"robots\" content=\"index, follow, max-snippet:-1, max-image-preview:large, max-video-preview:-1\" \/>\n<link rel=\"canonical\" href=\"https:\/\/aqmagnetronics.com\/cs\/spolecnost\/oddeleni\/nakup\/\" \/>\n<meta property=\"og:locale\" content=\"cs_CZ\" \/>\n<meta property=\"og:type\" content=\"article\" \/>\n<meta property=\"og:title\" content=\"N\u00e1kup &#8211; AQ Magnetronics\" \/>\n<meta property=\"og:description\" content=\"V\u00fdznam n\u00e1kupu\u00a0d\u00edky vysok\u00e9mu objemu nakupovan\u00fdch d\u00edl\u016f prudce vzrostl a n\u00e1le\u017e\u00ed k nejd\u016fle\u017eit\u011bj\u0161\u00edm faktor\u016fm, pokud jde o ekonomickou a vysoce kvalitativn\u00ed\" \/>\n<meta property=\"og:url\" content=\"https:\/\/aqmagnetronics.com\/cs\/spolecnost\/oddeleni\/nakup\/\" \/>\n<meta property=\"og:site_name\" content=\"AQ Magnetronics\" \/>\n<meta property=\"article:modified_time\" content=\"2025-12-15T06:20:36+00:00\" \/>\n<meta property=\"og:image\" content=\"https:\/\/aqmagnetronics.com\/wp-content\/uploads\/2018\/08\/Header_Standort-DE-neu.jpg\" \/>\n\t<meta property=\"og:image:width\" content=\"2000\" \/>\n\t<meta property=\"og:image:height\" content=\"1100\" \/>\n\t<meta property=\"og:image:type\" content=\"image\/jpeg\" \/>\n<meta name=\"twitter:card\" content=\"summary_large_image\" \/>\n<meta name=\"twitter:label1\" content=\"Odhadovan\u00e1 doba \u010dten\u00ed\" \/>\n\t<meta name=\"twitter:data1\" content=\"1 minuta\" \/>\n<script type=\"application\/ld+json\" class=\"yoast-schema-graph\">{\"@context\":\"https:\\\/\\\/schema.org\",\"@graph\":[{\"@type\":\"WebPage\",\"@id\":\"https:\\\/\\\/aqmagnetronics.com\\\/cs\\\/spolecnost\\\/oddeleni\\\/nakup\\\/\",\"url\":\"https:\\\/\\\/aqmagnetronics.com\\\/cs\\\/spolecnost\\\/oddeleni\\\/nakup\\\/\",\"name\":\"N\u00e1kup &#8211; AQ Magnetronics\",\"isPartOf\":{\"@id\":\"https:\\\/\\\/aqmagnetronics.com\\\/cs\\\/#website\"},\"datePublished\":\"2018-07-28T05:27:06+00:00\",\"dateModified\":\"2025-12-15T06:20:36+00:00\",\"description\":\"V\u00fdznam n\u00e1kupu\u00a0d\u00edky vysok\u00e9mu objemu nakupovan\u00fdch d\u00edl\u016f prudce vzrostl a n\u00e1le\u017e\u00ed k nejd\u016fle\u017eit\u011bj\u0161\u00edm faktor\u016fm, pokud jde o ekonomickou a vysoce kvalitativn\u00ed\",\"breadcrumb\":{\"@id\":\"https:\\\/\\\/aqmagnetronics.com\\\/cs\\\/spolecnost\\\/oddeleni\\\/nakup\\\/#breadcrumb\"},\"inLanguage\":\"cs\",\"potentialAction\":[{\"@type\":\"ReadAction\",\"target\":[\"https:\\\/\\\/aqmagnetronics.com\\\/cs\\\/spolecnost\\\/oddeleni\\\/nakup\\\/\"]}]},{\"@type\":\"BreadcrumbList\",\"@id\":\"https:\\\/\\\/aqmagnetronics.com\\\/cs\\\/spolecnost\\\/oddeleni\\\/nakup\\\/#breadcrumb\",\"itemListElement\":[{\"@type\":\"ListItem\",\"position\":1,\"name\":\"Startseite\",\"item\":\"https:\\\/\\\/aqmagnetronics.com\\\/cs\\\/\"},{\"@type\":\"ListItem\",\"position\":2,\"name\":\"Spole\u010dnost\",\"item\":\"https:\\\/\\\/aqmagnetronics.com\\\/cs\\\/spolecnost\\\/\"},{\"@type\":\"ListItem\",\"position\":3,\"name\":\"Odd\u011blen\u00ed\",\"item\":\"https:\\\/\\\/aqmagnetronics.com\\\/cs\\\/spolecnost\\\/oddeleni\\\/\"},{\"@type\":\"ListItem\",\"position\":4,\"name\":\"N\u00e1kup\"}]},{\"@type\":\"WebSite\",\"@id\":\"https:\\\/\\\/aqmagnetronics.com\\\/cs\\\/#website\",\"url\":\"https:\\\/\\\/aqmagnetronics.com\\\/cs\\\/\",\"name\":\"AQ Magnetronics\",\"description\":\"Radialventilatoren \\\/ Axialventilatoren \\\/ Industrieventilatoren &amp; Blechbearbeitung\",\"publisher\":{\"@id\":\"https:\\\/\\\/aqmagnetronics.com\\\/cs\\\/#organization\"},\"potentialAction\":[{\"@type\":\"SearchAction\",\"target\":{\"@type\":\"EntryPoint\",\"urlTemplate\":\"https:\\\/\\\/aqmagnetronics.com\\\/cs\\\/?s={search_term_string}\"},\"query-input\":{\"@type\":\"PropertyValueSpecification\",\"valueRequired\":true,\"valueName\":\"search_term_string\"}}],\"inLanguage\":\"cs\"},{\"@type\":\"Organization\",\"@id\":\"https:\\\/\\\/aqmagnetronics.com\\\/cs\\\/#organization\",\"name\":\"mdexx GmbH\",\"url\":\"https:\\\/\\\/aqmagnetronics.com\\\/cs\\\/\",\"logo\":{\"@type\":\"ImageObject\",\"inLanguage\":\"cs\",\"@id\":\"https:\\\/\\\/aqmagnetronics.com\\\/cs\\\/#\\\/schema\\\/logo\\\/image\\\/\",\"url\":\"https:\\\/\\\/aqmagnetronics.com\\\/wp-content\\\/uploads\\\/renewWeb\\\/logo-200x-57.jpg\",\"contentUrl\":\"https:\\\/\\\/aqmagnetronics.com\\\/wp-content\\\/uploads\\\/renewWeb\\\/logo-200x-57.jpg\",\"width\":200,\"height\":52,\"caption\":\"mdexx GmbH\"},\"image\":{\"@id\":\"https:\\\/\\\/aqmagnetronics.com\\\/cs\\\/#\\\/schema\\\/logo\\\/image\\\/\"}}]}<\/script>\n<!-- \/ Yoast SEO plugin. -->","yoast_head_json":{"title":"N\u00e1kup &#8211; AQ Magnetronics","description":"V\u00fdznam n\u00e1kupu\u00a0d\u00edky vysok\u00e9mu objemu nakupovan\u00fdch d\u00edl\u016f prudce vzrostl a n\u00e1le\u017e\u00ed k nejd\u016fle\u017eit\u011bj\u0161\u00edm faktor\u016fm, pokud jde o ekonomickou a vysoce kvalitativn\u00ed","robots":{"index":"index","follow":"follow","max-snippet":"max-snippet:-1","max-image-preview":"max-image-preview:large","max-video-preview":"max-video-preview:-1"},"canonical":"https:\/\/aqmagnetronics.com\/cs\/spolecnost\/oddeleni\/nakup\/","og_locale":"cs_CZ","og_type":"article","og_title":"N\u00e1kup &#8211; AQ Magnetronics","og_description":"V\u00fdznam n\u00e1kupu\u00a0d\u00edky vysok\u00e9mu objemu nakupovan\u00fdch d\u00edl\u016f prudce vzrostl a n\u00e1le\u017e\u00ed k nejd\u016fle\u017eit\u011bj\u0161\u00edm faktor\u016fm, pokud jde o ekonomickou a vysoce kvalitativn\u00ed","og_url":"https:\/\/aqmagnetronics.com\/cs\/spolecnost\/oddeleni\/nakup\/","og_site_name":"AQ Magnetronics","article_modified_time":"2025-12-15T06:20:36+00:00","og_image":[{"width":2000,"height":1100,"url":"https:\/\/aqmagnetronics.com\/wp-content\/uploads\/2018\/08\/Header_Standort-DE-neu.jpg","type":"image\/jpeg"}],"twitter_card":"summary_large_image","twitter_misc":{"Odhadovan\u00e1 doba \u010dten\u00ed":"1 minuta"},"schema":{"@context":"https:\/\/schema.org","@graph":[{"@type":"WebPage","@id":"https:\/\/aqmagnetronics.com\/cs\/spolecnost\/oddeleni\/nakup\/","url":"https:\/\/aqmagnetronics.com\/cs\/spolecnost\/oddeleni\/nakup\/","name":"N\u00e1kup &#8211; AQ Magnetronics","isPartOf":{"@id":"https:\/\/aqmagnetronics.com\/cs\/#website"},"datePublished":"2018-07-28T05:27:06+00:00","dateModified":"2025-12-15T06:20:36+00:00","description":"V\u00fdznam n\u00e1kupu\u00a0d\u00edky vysok\u00e9mu objemu nakupovan\u00fdch d\u00edl\u016f prudce vzrostl a n\u00e1le\u017e\u00ed k nejd\u016fle\u017eit\u011bj\u0161\u00edm faktor\u016fm, pokud jde o ekonomickou a vysoce kvalitativn\u00ed","breadcrumb":{"@id":"https:\/\/aqmagnetronics.com\/cs\/spolecnost\/oddeleni\/nakup\/#breadcrumb"},"inLanguage":"cs","potentialAction":[{"@type":"ReadAction","target":["https:\/\/aqmagnetronics.com\/cs\/spolecnost\/oddeleni\/nakup\/"]}]},{"@type":"BreadcrumbList","@id":"https:\/\/aqmagnetronics.com\/cs\/spolecnost\/oddeleni\/nakup\/#breadcrumb","itemListElement":[{"@type":"ListItem","position":1,"name":"Startseite","item":"https:\/\/aqmagnetronics.com\/cs\/"},{"@type":"ListItem","position":2,"name":"Spole\u010dnost","item":"https:\/\/aqmagnetronics.com\/cs\/spolecnost\/"},{"@type":"ListItem","position":3,"name":"Odd\u011blen\u00ed","item":"https:\/\/aqmagnetronics.com\/cs\/spolecnost\/oddeleni\/"},{"@type":"ListItem","position":4,"name":"N\u00e1kup"}]},{"@type":"WebSite","@id":"https:\/\/aqmagnetronics.com\/cs\/#website","url":"https:\/\/aqmagnetronics.com\/cs\/","name":"AQ Magnetronics","description":"Radialventilatoren \/ Axialventilatoren \/ Industrieventilatoren &amp; Blechbearbeitung","publisher":{"@id":"https:\/\/aqmagnetronics.com\/cs\/#organization"},"potentialAction":[{"@type":"SearchAction","target":{"@type":"EntryPoint","urlTemplate":"https:\/\/aqmagnetronics.com\/cs\/?s={search_term_string}"},"query-input":{"@type":"PropertyValueSpecification","valueRequired":true,"valueName":"search_term_string"}}],"inLanguage":"cs"},{"@type":"Organization","@id":"https:\/\/aqmagnetronics.com\/cs\/#organization","name":"mdexx GmbH","url":"https:\/\/aqmagnetronics.com\/cs\/","logo":{"@type":"ImageObject","inLanguage":"cs","@id":"https:\/\/aqmagnetronics.com\/cs\/#\/schema\/logo\/image\/","url":"https:\/\/aqmagnetronics.com\/wp-content\/uploads\/renewWeb\/logo-200x-57.jpg","contentUrl":"https:\/\/aqmagnetronics.com\/wp-content\/uploads\/renewWeb\/logo-200x-57.jpg","width":200,"height":52,"caption":"mdexx GmbH"},"image":{"@id":"https:\/\/aqmagnetronics.com\/cs\/#\/schema\/logo\/image\/"}}]}},"_links":{"self":[{"href":"https:\/\/aqmagnetronics.com\/cs\/wp-json\/wp\/v2\/pages\/1974","targetHints":{"allow":["GET"]}}],"collection":[{"href":"https:\/\/aqmagnetronics.com\/cs\/wp-json\/wp\/v2\/pages"}],"about":[{"href":"https:\/\/aqmagnetronics.com\/cs\/wp-json\/wp\/v2\/types\/page"}],"author":[{"embeddable":true,"href":"https:\/\/aqmagnetronics.com\/cs\/wp-json\/wp\/v2\/users\/34"}],"replies":[{"embeddable":true,"href":"https:\/\/aqmagnetronics.com\/cs\/wp-json\/wp\/v2\/comments?post=1974"}],"version-history":[{"count":1,"href":"https:\/\/aqmagnetronics.com\/cs\/wp-json\/wp\/v2\/pages\/1974\/revisions"}],"predecessor-version":[{"id":25504,"href":"https:\/\/aqmagnetronics.com\/cs\/wp-json\/wp\/v2\/pages\/1974\/revisions\/25504"}],"up":[{"embeddable":true,"href":"https:\/\/aqmagnetronics.com\/cs\/wp-json\/wp\/v2\/pages\/1963"}],"wp:attachment":[{"href":"https:\/\/aqmagnetronics.com\/cs\/wp-json\/wp\/v2\/media?parent=1974"}],"wp:term":[{"taxonomy":"simple-restrict-permission","embeddable":true,"href":"https:\/\/aqmagnetronics.com\/cs\/wp-json\/wp\/v2\/simple-restrict-permission?post=1974"}],"curies":[{"name":"wp","href":"https:\/\/api.w.org\/{rel}","templated":true}]}}