{"id":1969,"date":"2018-07-28T05:25:53","date_gmt":"2018-07-28T05:25:53","guid":{"rendered":"https:\/\/aqmagnetronics.com\/o-nas\/oblast-sluzeb\/fertigung\/"},"modified":"2025-12-15T08:20:00","modified_gmt":"2025-12-15T06:20:00","slug":"vyroba","status":"publish","type":"page","link":"https:\/\/aqmagnetronics.com\/cs\/spolecnost\/oddeleni\/vyroba\/","title":{"rendered":"V\u00fdroba"},"content":{"rendered":"<p>A\u0165 se jedn\u00e1 o standardn\u00ed proveden\u00ed nebo z\u00e1kaznicky specifick\u00e9, s\u00e9rii \u010di kusovou zak\u00e1zku \u2013 na na\u0161ich v\u00fdrobn\u00edch za\u0159\u00edzen\u00ed, kter\u00e9 jsme z\u010d\u00e1sti sami vyvinuli, jsou po\u017eadavky z\u00e1kazn\u00edka transformov\u00e1ny do podoby v\u00fdrobku. Tlumivky, filtry, transform\u00e1tory, nap\u00e1jec\u00ed zdroje a ventil\u00e1tory jsou ned\u00edlnou sou\u010d\u00e1st\u00ed na\u0161eho jedine\u010dn\u00e9ho, z\u00e1kazn\u00edkovi na m\u00edru p\u0159izp\u016fsoben\u00e9ho v\u00fdrobn\u00edho procesu.<\/p>\n","protected":false},"excerpt":{"rendered":"<p>A\u0165 se jedn\u00e1 o standardn\u00ed proveden\u00ed nebo z\u00e1kaznicky specifick\u00e9, s\u00e9rii \u010di kusovou zak\u00e1zku \u2013 na na\u0161ich v\u00fdrobn\u00edch za\u0159\u00edzen\u00ed, kter\u00e9 jsme z\u010d\u00e1sti sami vyvinuli, jsou po\u017eadavky z\u00e1kazn\u00edka transformov\u00e1ny do podoby v\u00fdrobku. Tlumivky, filtry, transform\u00e1tory, nap\u00e1jec\u00ed zdroje a ventil\u00e1tory jsou ned\u00edlnou sou\u010d\u00e1st\u00ed na\u0161eho jedine\u010dn\u00e9ho, z\u00e1kazn\u00edkovi na m\u00edru p\u0159izp\u016fsoben\u00e9ho v\u00fdrobn\u00edho procesu.<\/p>\n","protected":false},"author":34,"featured_media":0,"parent":1963,"menu_order":1,"comment_status":"closed","ping_status":"closed","template":"","meta":{"_acf_changed":false,"footnotes":""},"simple-restrict-permission":[],"class_list":["post-1969","page","type-page","status-publish","hentry"],"acf":[],"yoast_head":"<!-- This site is optimized with the Yoast SEO plugin v27.4 - https:\/\/yoast.com\/product\/yoast-seo-wordpress\/ -->\n<title>V\u00fdroba &#8211; AQ Magnetronics<\/title>\n<meta name=\"description\" content=\"A\u0165 se jedn\u00e1 o standardn\u00ed proveden\u00ed nebo z\u00e1kaznicky specifick\u00e9, s\u00e9rii \u010di kusovou zak\u00e1zku \u2013 na na\u0161ich v\u00fdrobn\u00edch za\u0159\u00edzen\u00ed, kter\u00e9 jsme z\u010d\u00e1sti sami vyvinuli,\" \/>\n<meta name=\"robots\" content=\"index, follow, max-snippet:-1, max-image-preview:large, max-video-preview:-1\" \/>\n<link rel=\"canonical\" href=\"https:\/\/aqmagnetronics.com\/cs\/spolecnost\/oddeleni\/vyroba\/\" \/>\n<meta property=\"og:locale\" content=\"cs_CZ\" \/>\n<meta property=\"og:type\" content=\"article\" \/>\n<meta property=\"og:title\" content=\"V\u00fdroba &#8211; AQ Magnetronics\" \/>\n<meta property=\"og:description\" content=\"A\u0165 se jedn\u00e1 o standardn\u00ed proveden\u00ed nebo z\u00e1kaznicky specifick\u00e9, s\u00e9rii \u010di kusovou zak\u00e1zku \u2013 na na\u0161ich v\u00fdrobn\u00edch za\u0159\u00edzen\u00ed, kter\u00e9 jsme z\u010d\u00e1sti sami vyvinuli,\" \/>\n<meta property=\"og:url\" content=\"https:\/\/aqmagnetronics.com\/cs\/spolecnost\/oddeleni\/vyroba\/\" \/>\n<meta property=\"og:site_name\" content=\"AQ Magnetronics\" \/>\n<meta property=\"article:modified_time\" content=\"2025-12-15T06:20:00+00:00\" \/>\n<meta property=\"og:image\" content=\"https:\/\/aqmagnetronics.com\/wp-content\/uploads\/2018\/08\/Header_Standort-DE-neu.jpg\" \/>\n\t<meta property=\"og:image:width\" content=\"2000\" \/>\n\t<meta property=\"og:image:height\" content=\"1100\" \/>\n\t<meta property=\"og:image:type\" content=\"image\/jpeg\" \/>\n<meta name=\"twitter:card\" content=\"summary_large_image\" \/>\n<meta name=\"twitter:label1\" content=\"Odhadovan\u00e1 doba \u010dten\u00ed\" \/>\n\t<meta name=\"twitter:data1\" content=\"1 minuta\" \/>\n<script type=\"application\/ld+json\" class=\"yoast-schema-graph\">{\"@context\":\"https:\\\/\\\/schema.org\",\"@graph\":[{\"@type\":\"WebPage\",\"@id\":\"https:\\\/\\\/aqmagnetronics.com\\\/cs\\\/spolecnost\\\/oddeleni\\\/vyroba\\\/\",\"url\":\"https:\\\/\\\/aqmagnetronics.com\\\/cs\\\/spolecnost\\\/oddeleni\\\/vyroba\\\/\",\"name\":\"V\u00fdroba &#8211; AQ Magnetronics\",\"isPartOf\":{\"@id\":\"https:\\\/\\\/aqmagnetronics.com\\\/cs\\\/#website\"},\"datePublished\":\"2018-07-28T05:25:53+00:00\",\"dateModified\":\"2025-12-15T06:20:00+00:00\",\"description\":\"A\u0165 se jedn\u00e1 o standardn\u00ed proveden\u00ed nebo z\u00e1kaznicky specifick\u00e9, s\u00e9rii \u010di kusovou zak\u00e1zku \u2013 na na\u0161ich v\u00fdrobn\u00edch za\u0159\u00edzen\u00ed, kter\u00e9 jsme z\u010d\u00e1sti sami vyvinuli,\",\"breadcrumb\":{\"@id\":\"https:\\\/\\\/aqmagnetronics.com\\\/cs\\\/spolecnost\\\/oddeleni\\\/vyroba\\\/#breadcrumb\"},\"inLanguage\":\"cs\",\"potentialAction\":[{\"@type\":\"ReadAction\",\"target\":[\"https:\\\/\\\/aqmagnetronics.com\\\/cs\\\/spolecnost\\\/oddeleni\\\/vyroba\\\/\"]}]},{\"@type\":\"BreadcrumbList\",\"@id\":\"https:\\\/\\\/aqmagnetronics.com\\\/cs\\\/spolecnost\\\/oddeleni\\\/vyroba\\\/#breadcrumb\",\"itemListElement\":[{\"@type\":\"ListItem\",\"position\":1,\"name\":\"Startseite\",\"item\":\"https:\\\/\\\/aqmagnetronics.com\\\/cs\\\/\"},{\"@type\":\"ListItem\",\"position\":2,\"name\":\"Spole\u010dnost\",\"item\":\"https:\\\/\\\/aqmagnetronics.com\\\/cs\\\/spolecnost\\\/\"},{\"@type\":\"ListItem\",\"position\":3,\"name\":\"Odd\u011blen\u00ed\",\"item\":\"https:\\\/\\\/aqmagnetronics.com\\\/cs\\\/spolecnost\\\/oddeleni\\\/\"},{\"@type\":\"ListItem\",\"position\":4,\"name\":\"V\u00fdroba\"}]},{\"@type\":\"WebSite\",\"@id\":\"https:\\\/\\\/aqmagnetronics.com\\\/cs\\\/#website\",\"url\":\"https:\\\/\\\/aqmagnetronics.com\\\/cs\\\/\",\"name\":\"AQ Magnetronics\",\"description\":\"Radialventilatoren \\\/ Axialventilatoren \\\/ Industrieventilatoren &amp; Blechbearbeitung\",\"publisher\":{\"@id\":\"https:\\\/\\\/aqmagnetronics.com\\\/cs\\\/#organization\"},\"potentialAction\":[{\"@type\":\"SearchAction\",\"target\":{\"@type\":\"EntryPoint\",\"urlTemplate\":\"https:\\\/\\\/aqmagnetronics.com\\\/cs\\\/?s={search_term_string}\"},\"query-input\":{\"@type\":\"PropertyValueSpecification\",\"valueRequired\":true,\"valueName\":\"search_term_string\"}}],\"inLanguage\":\"cs\"},{\"@type\":\"Organization\",\"@id\":\"https:\\\/\\\/aqmagnetronics.com\\\/cs\\\/#organization\",\"name\":\"mdexx GmbH\",\"url\":\"https:\\\/\\\/aqmagnetronics.com\\\/cs\\\/\",\"logo\":{\"@type\":\"ImageObject\",\"inLanguage\":\"cs\",\"@id\":\"https:\\\/\\\/aqmagnetronics.com\\\/cs\\\/#\\\/schema\\\/logo\\\/image\\\/\",\"url\":\"https:\\\/\\\/aqmagnetronics.com\\\/wp-content\\\/uploads\\\/renewWeb\\\/logo-200x-57.jpg\",\"contentUrl\":\"https:\\\/\\\/aqmagnetronics.com\\\/wp-content\\\/uploads\\\/renewWeb\\\/logo-200x-57.jpg\",\"width\":200,\"height\":52,\"caption\":\"mdexx GmbH\"},\"image\":{\"@id\":\"https:\\\/\\\/aqmagnetronics.com\\\/cs\\\/#\\\/schema\\\/logo\\\/image\\\/\"}}]}<\/script>\n<!-- \/ Yoast SEO plugin. -->","yoast_head_json":{"title":"V\u00fdroba &#8211; AQ Magnetronics","description":"A\u0165 se jedn\u00e1 o standardn\u00ed proveden\u00ed nebo z\u00e1kaznicky specifick\u00e9, s\u00e9rii \u010di kusovou zak\u00e1zku \u2013 na na\u0161ich v\u00fdrobn\u00edch za\u0159\u00edzen\u00ed, kter\u00e9 jsme z\u010d\u00e1sti sami vyvinuli,","robots":{"index":"index","follow":"follow","max-snippet":"max-snippet:-1","max-image-preview":"max-image-preview:large","max-video-preview":"max-video-preview:-1"},"canonical":"https:\/\/aqmagnetronics.com\/cs\/spolecnost\/oddeleni\/vyroba\/","og_locale":"cs_CZ","og_type":"article","og_title":"V\u00fdroba &#8211; AQ Magnetronics","og_description":"A\u0165 se jedn\u00e1 o standardn\u00ed proveden\u00ed nebo z\u00e1kaznicky specifick\u00e9, s\u00e9rii \u010di kusovou zak\u00e1zku \u2013 na na\u0161ich v\u00fdrobn\u00edch za\u0159\u00edzen\u00ed, kter\u00e9 jsme z\u010d\u00e1sti sami vyvinuli,","og_url":"https:\/\/aqmagnetronics.com\/cs\/spolecnost\/oddeleni\/vyroba\/","og_site_name":"AQ Magnetronics","article_modified_time":"2025-12-15T06:20:00+00:00","og_image":[{"width":2000,"height":1100,"url":"https:\/\/aqmagnetronics.com\/wp-content\/uploads\/2018\/08\/Header_Standort-DE-neu.jpg","type":"image\/jpeg"}],"twitter_card":"summary_large_image","twitter_misc":{"Odhadovan\u00e1 doba \u010dten\u00ed":"1 minuta"},"schema":{"@context":"https:\/\/schema.org","@graph":[{"@type":"WebPage","@id":"https:\/\/aqmagnetronics.com\/cs\/spolecnost\/oddeleni\/vyroba\/","url":"https:\/\/aqmagnetronics.com\/cs\/spolecnost\/oddeleni\/vyroba\/","name":"V\u00fdroba &#8211; AQ Magnetronics","isPartOf":{"@id":"https:\/\/aqmagnetronics.com\/cs\/#website"},"datePublished":"2018-07-28T05:25:53+00:00","dateModified":"2025-12-15T06:20:00+00:00","description":"A\u0165 se jedn\u00e1 o standardn\u00ed proveden\u00ed nebo z\u00e1kaznicky specifick\u00e9, s\u00e9rii \u010di kusovou zak\u00e1zku \u2013 na na\u0161ich v\u00fdrobn\u00edch za\u0159\u00edzen\u00ed, kter\u00e9 jsme z\u010d\u00e1sti sami vyvinuli,","breadcrumb":{"@id":"https:\/\/aqmagnetronics.com\/cs\/spolecnost\/oddeleni\/vyroba\/#breadcrumb"},"inLanguage":"cs","potentialAction":[{"@type":"ReadAction","target":["https:\/\/aqmagnetronics.com\/cs\/spolecnost\/oddeleni\/vyroba\/"]}]},{"@type":"BreadcrumbList","@id":"https:\/\/aqmagnetronics.com\/cs\/spolecnost\/oddeleni\/vyroba\/#breadcrumb","itemListElement":[{"@type":"ListItem","position":1,"name":"Startseite","item":"https:\/\/aqmagnetronics.com\/cs\/"},{"@type":"ListItem","position":2,"name":"Spole\u010dnost","item":"https:\/\/aqmagnetronics.com\/cs\/spolecnost\/"},{"@type":"ListItem","position":3,"name":"Odd\u011blen\u00ed","item":"https:\/\/aqmagnetronics.com\/cs\/spolecnost\/oddeleni\/"},{"@type":"ListItem","position":4,"name":"V\u00fdroba"}]},{"@type":"WebSite","@id":"https:\/\/aqmagnetronics.com\/cs\/#website","url":"https:\/\/aqmagnetronics.com\/cs\/","name":"AQ Magnetronics","description":"Radialventilatoren \/ Axialventilatoren \/ Industrieventilatoren &amp; Blechbearbeitung","publisher":{"@id":"https:\/\/aqmagnetronics.com\/cs\/#organization"},"potentialAction":[{"@type":"SearchAction","target":{"@type":"EntryPoint","urlTemplate":"https:\/\/aqmagnetronics.com\/cs\/?s={search_term_string}"},"query-input":{"@type":"PropertyValueSpecification","valueRequired":true,"valueName":"search_term_string"}}],"inLanguage":"cs"},{"@type":"Organization","@id":"https:\/\/aqmagnetronics.com\/cs\/#organization","name":"mdexx GmbH","url":"https:\/\/aqmagnetronics.com\/cs\/","logo":{"@type":"ImageObject","inLanguage":"cs","@id":"https:\/\/aqmagnetronics.com\/cs\/#\/schema\/logo\/image\/","url":"https:\/\/aqmagnetronics.com\/wp-content\/uploads\/renewWeb\/logo-200x-57.jpg","contentUrl":"https:\/\/aqmagnetronics.com\/wp-content\/uploads\/renewWeb\/logo-200x-57.jpg","width":200,"height":52,"caption":"mdexx GmbH"},"image":{"@id":"https:\/\/aqmagnetronics.com\/cs\/#\/schema\/logo\/image\/"}}]}},"_links":{"self":[{"href":"https:\/\/aqmagnetronics.com\/cs\/wp-json\/wp\/v2\/pages\/1969","targetHints":{"allow":["GET"]}}],"collection":[{"href":"https:\/\/aqmagnetronics.com\/cs\/wp-json\/wp\/v2\/pages"}],"about":[{"href":"https:\/\/aqmagnetronics.com\/cs\/wp-json\/wp\/v2\/types\/page"}],"author":[{"embeddable":true,"href":"https:\/\/aqmagnetronics.com\/cs\/wp-json\/wp\/v2\/users\/34"}],"replies":[{"embeddable":true,"href":"https:\/\/aqmagnetronics.com\/cs\/wp-json\/wp\/v2\/comments?post=1969"}],"version-history":[{"count":1,"href":"https:\/\/aqmagnetronics.com\/cs\/wp-json\/wp\/v2\/pages\/1969\/revisions"}],"predecessor-version":[{"id":25503,"href":"https:\/\/aqmagnetronics.com\/cs\/wp-json\/wp\/v2\/pages\/1969\/revisions\/25503"}],"up":[{"embeddable":true,"href":"https:\/\/aqmagnetronics.com\/cs\/wp-json\/wp\/v2\/pages\/1963"}],"wp:attachment":[{"href":"https:\/\/aqmagnetronics.com\/cs\/wp-json\/wp\/v2\/media?parent=1969"}],"wp:term":[{"taxonomy":"simple-restrict-permission","embeddable":true,"href":"https:\/\/aqmagnetronics.com\/cs\/wp-json\/wp\/v2\/simple-restrict-permission?post=1969"}],"curies":[{"name":"wp","href":"https:\/\/api.w.org\/{rel}","templated":true}]}}