{"id":1955,"date":"2018-07-07T02:39:17","date_gmt":"2018-07-07T02:39:17","guid":{"rendered":"https:\/\/aqmagnetronics.com\/mittelfrequenz\/"},"modified":"2025-12-11T14:37:57","modified_gmt":"2025-12-11T12:37:57","slug":"stredni-frekvence","status":"publish","type":"page","link":"https:\/\/aqmagnetronics.com\/cs\/vinute-dily\/stredni-frekvence\/","title":{"rendered":"St\u0159edn\u00ed frekvence"},"content":{"rendered":"<h1 style=\"text-align: center;\"><strong>St\u0159edn\u00ed frekvence<\/strong><\/h1>\n<p>AQ Magnetronics vyv\u00edj\u00ed a vyr\u00e1b\u00ed z\u00e1kaznicky specifick\u00e9 vinut\u00e9 d\u00edly a p\u0159evad\u011b\u010de pro <strong>v\u00fdkonovou elektroniku <\/strong>nejr\u016fzn\u011bj\u0161\u00edch lokalit. Jedn\u00e1 se obvykle o tlumivky a transform\u00e1tory ve st\u0159edofrekven\u010dn\u00ed oblasti se speci\u00e1ln\u00edmi po\u017eadavky a vy\u0161\u0161\u00edmi v\u00fdkony.<\/p>\n<p>Pokr\u00fdv\u00e1me frekvence od 1kHz do 1MHz, v\u00fdkony do 1MVA a nap\u011bt\u00ed do 12kV.<\/p>\n<p>Komponenty maj\u00ed n\u00e1sleduj\u00edc\u00ed vlastnosti:<\/p>\n<ul>\n<li>Vysokou hustotu v\u00fdkonu<\/li>\n<li>Aplikace st\u0159edn\u00edho nap\u011bt\u00ed se speci\u00e1ln\u00ed izolac\u00ed<\/li>\n<li>Vysok\u00e1 \u00fa\u010dinnost<\/li>\n<li>Vysokonap\u011b\u0165ov\u00e9 aplikace s obzvl\u00e1\u0161\u0165 n\u00edzk\u00fdm magnetick\u00fdm tokem<\/li>\n<li>Speci\u00e1ln\u00ed konstrukce se z\u00e1kaznicky specifick\u00fdmi funkcemi<\/li>\n<\/ul>\n<p>P\u0159i v\u00fdvoji komplexn\u00edch magnetick\u00fdch komponent, tlumivek a transform\u00e1tor\u016f vyu\u017e\u00edvaj\u00ed na\u0161i in\u017een\u00fd\u0159i mnohalet\u00e9 zku\u0161enosti, analytick\u00e9 metody a v\u00fdpo\u010dtov\u00e9 algoritmy optimalizovan\u00e9 v pr\u016fb\u011bhu let. V z\u00e1vislosti na p\u0159\u00e1n\u00ed z\u00e1kazn\u00edka se zam\u011b\u0159ujeme na geometrii, v\u00e1hu nebo elektrick\u00e9 vlastnosti.<\/p>\n<div id='gallery-1' class='gallery galleryid-1955 gallery-columns-3 gallery-size-content-image-gallery'><figure class='gallery-item'>\n\t\t\t<div class='gallery-icon landscape'>\n\t\t\t\t<a href='https:\/\/aqmagnetronics.com\/wp-content\/uploads\/2018\/07\/Mittelfrequenz_2-KG_Ferritdrossel05.jpg'><img loading=\"lazy\" decoding=\"async\" width=\"250\" height=\"179\" src=\"https:\/\/aqmagnetronics.com\/wp-content\/uploads\/2018\/07\/Mittelfrequenz_2-KG_Ferritdrossel05.jpg\" class=\"attachment-content-image-gallery size-content-image-gallery\" alt=\"Ferritdrossel PM\" aria-describedby=\"gallery-1-577\" srcset=\"https:\/\/aqmagnetronics.com\/wp-content\/uploads\/2018\/07\/Mittelfrequenz_2-KG_Ferritdrossel05.jpg 1397w, https:\/\/aqmagnetronics.com\/wp-content\/uploads\/2018\/07\/Mittelfrequenz_2-KG_Ferritdrossel05-300x215.jpg 300w, https:\/\/aqmagnetronics.com\/wp-content\/uploads\/2018\/07\/Mittelfrequenz_2-KG_Ferritdrossel05-768x550.jpg 768w, https:\/\/aqmagnetronics.com\/wp-content\/uploads\/2018\/07\/Mittelfrequenz_2-KG_Ferritdrossel05-1024x733.jpg 1024w\" sizes=\"auto, (max-width: 250px) 100vw, 250px\" \/><\/a>\n\t\t\t<\/div>\n\t\t\t\t<figcaption class='wp-caption-text gallery-caption' id='gallery-1-577'>\n\t\t\t\tFer\n\t\t\t\t<\/figcaption><\/figure><figure class='gallery-item'>\n\t\t\t<div class='gallery-icon landscape'>\n\t\t\t\t<a href='https:\/\/aqmagnetronics.com\/wp-content\/uploads\/2018\/07\/Mittelfrequenz-1-KG-Ferritdrossel-02..jpg'><img loading=\"lazy\" decoding=\"async\" width=\"250\" height=\"179\" src=\"https:\/\/aqmagnetronics.com\/wp-content\/uploads\/2018\/07\/Mittelfrequenz-1-KG-Ferritdrossel-02..jpg\" class=\"attachment-content-image-gallery size-content-image-gallery\" alt=\"Ferritdrossel E\" aria-describedby=\"gallery-1-580\" srcset=\"https:\/\/aqmagnetronics.com\/wp-content\/uploads\/2018\/07\/Mittelfrequenz-1-KG-Ferritdrossel-02..jpg 1397w, https:\/\/aqmagnetronics.com\/wp-content\/uploads\/2018\/07\/Mittelfrequenz-1-KG-Ferritdrossel-02.-300x215.jpg 300w, https:\/\/aqmagnetronics.com\/wp-content\/uploads\/2018\/07\/Mittelfrequenz-1-KG-Ferritdrossel-02.-768x550.jpg 768w, https:\/\/aqmagnetronics.com\/wp-content\/uploads\/2018\/07\/Mittelfrequenz-1-KG-Ferritdrossel-02.-1024x733.jpg 1024w\" sizes=\"auto, (max-width: 250px) 100vw, 250px\" \/><\/a>\n\t\t\t<\/div>\n\t\t\t\t<figcaption class='wp-caption-text gallery-caption' id='gallery-1-580'>\n\t\t\t\tFerritdrossel E\n\t\t\t\t<\/figcaption><\/figure><figure class='gallery-item'>\n\t\t\t<div class='gallery-icon landscape'>\n\t\t\t\t<a href='https:\/\/aqmagnetronics.com\/wp-content\/uploads\/2018\/07\/Mittelfrequenz-3KG_Sintermetal.jpg'><img loading=\"lazy\" decoding=\"async\" width=\"250\" height=\"179\" src=\"https:\/\/aqmagnetronics.com\/wp-content\/uploads\/2018\/07\/Mittelfrequenz-3KG_Sintermetal.jpg\" class=\"attachment-content-image-gallery size-content-image-gallery\" alt=\"Pulververbunddrosseln\" aria-describedby=\"gallery-1-583\" srcset=\"https:\/\/aqmagnetronics.com\/wp-content\/uploads\/2018\/07\/Mittelfrequenz-3KG_Sintermetal.jpg 1397w, https:\/\/aqmagnetronics.com\/wp-content\/uploads\/2018\/07\/Mittelfrequenz-3KG_Sintermetal-300x215.jpg 300w, https:\/\/aqmagnetronics.com\/wp-content\/uploads\/2018\/07\/Mittelfrequenz-3KG_Sintermetal-768x550.jpg 768w, https:\/\/aqmagnetronics.com\/wp-content\/uploads\/2018\/07\/Mittelfrequenz-3KG_Sintermetal-1024x733.jpg 1024w\" sizes=\"auto, (max-width: 250px) 100vw, 250px\" \/><\/a>\n\t\t\t<\/div>\n\t\t\t\t<figcaption class='wp-caption-text gallery-caption' id='gallery-1-583'>\n\t\t\t\tPulververbunddrosseln\n\t\t\t\t<\/figcaption><\/figure>\n\t\t<\/div>\n\n<p>&nbsp;<\/p>\n<p>Oblasti pou\u017eit\u00ed jsou rozmanit\u00e9 a zahrnuj\u00ed l\u00e9ka\u0159skou technologii, v\u011btrnou energii, lodn\u00ed dopravu, automatiza\u010dn\u00ed techniku, \u017eelezni\u010dn\u00ed pr\u016fmysl, pohonnou techniku, t\u011b\u017ek\u00e9 n\u00e1kladn\u00ed automobily, textiln\u00ed pr\u016fmysl a mnoho dal\u0161\u00edch.<\/p>\n","protected":false},"excerpt":{"rendered":"<p>St\u0159edn\u00ed frekvence AQ Magnetronics vyv\u00edj\u00ed a vyr\u00e1b\u00ed z\u00e1kaznicky specifick\u00e9 vinut\u00e9 d\u00edly a p\u0159evad\u011b\u010de pro v\u00fdkonovou elektroniku nejr\u016fzn\u011bj\u0161\u00edch lokalit. Jedn\u00e1 se obvykle o tlumivky a transform\u00e1tory ve st\u0159edofrekven\u010dn\u00ed oblasti se speci\u00e1ln\u00edmi po\u017eadavky a vy\u0161\u0161\u00edmi v\u00fdkony. Pokr\u00fdv\u00e1me frekvence od 1kHz do 1MHz, v\u00fdkony do 1MVA a nap\u011bt\u00ed do 12kV. Komponenty maj\u00ed n\u00e1sleduj\u00edc\u00ed vlastnosti: Vysokou hustotu v\u00fdkonu Aplikace [&hellip;]<\/p>\n","protected":false},"author":34,"featured_media":0,"parent":1836,"menu_order":7,"comment_status":"closed","ping_status":"closed","template":"","meta":{"_acf_changed":false,"footnotes":""},"simple-restrict-permission":[],"class_list":["post-1955","page","type-page","status-publish","hentry"],"acf":[],"yoast_head":"<!-- This site is optimized with the Yoast SEO plugin v27.4 - https:\/\/yoast.com\/product\/yoast-seo-wordpress\/ -->\n<title>St\u0159edn\u00ed frekvence &#8211; AQ Magnetronics<\/title>\n<meta name=\"description\" content=\"St\u0159edn\u00ed frekvence AQ Magnetronics vyv\u00edj\u00ed a vyr\u00e1b\u00ed z\u00e1kaznicky specifick\u00e9 vinut\u00e9 d\u00edly a p\u0159evad\u011b\u010de pro v\u00fdkonovou elektroniku nejr\u016fzn\u011bj\u0161\u00edch lokalit. Jedn\u00e1 se\" \/>\n<meta name=\"robots\" content=\"index, follow, max-snippet:-1, max-image-preview:large, max-video-preview:-1\" \/>\n<link rel=\"canonical\" href=\"https:\/\/aqmagnetronics.com\/cs\/vinute-dily\/stredni-frekvence\/\" \/>\n<meta property=\"og:locale\" content=\"cs_CZ\" \/>\n<meta property=\"og:type\" content=\"article\" \/>\n<meta property=\"og:title\" content=\"St\u0159edn\u00ed frekvence &#8211; AQ Magnetronics\" \/>\n<meta property=\"og:description\" content=\"St\u0159edn\u00ed frekvence AQ Magnetronics vyv\u00edj\u00ed a vyr\u00e1b\u00ed z\u00e1kaznicky specifick\u00e9 vinut\u00e9 d\u00edly a p\u0159evad\u011b\u010de pro v\u00fdkonovou elektroniku nejr\u016fzn\u011bj\u0161\u00edch lokalit. Jedn\u00e1 se\" \/>\n<meta property=\"og:url\" content=\"https:\/\/aqmagnetronics.com\/cs\/vinute-dily\/stredni-frekvence\/\" \/>\n<meta property=\"og:site_name\" content=\"AQ Magnetronics\" \/>\n<meta property=\"article:modified_time\" content=\"2025-12-11T12:37:57+00:00\" \/>\n<meta property=\"og:image\" content=\"https:\/\/aqmagnetronics.com\/wp-content\/uploads\/2018\/08\/Header_Standort-DE-neu.jpg\" \/>\n\t<meta property=\"og:image:width\" content=\"2000\" \/>\n\t<meta property=\"og:image:height\" content=\"1100\" \/>\n\t<meta property=\"og:image:type\" content=\"image\/jpeg\" \/>\n<meta name=\"twitter:card\" content=\"summary_large_image\" \/>\n<meta name=\"twitter:label1\" content=\"Odhadovan\u00e1 doba \u010dten\u00ed\" \/>\n\t<meta name=\"twitter:data1\" content=\"1 minuta\" \/>\n<script type=\"application\/ld+json\" class=\"yoast-schema-graph\">{\"@context\":\"https:\\\/\\\/schema.org\",\"@graph\":[{\"@type\":\"WebPage\",\"@id\":\"https:\\\/\\\/aqmagnetronics.com\\\/cs\\\/vinute-dily\\\/stredni-frekvence\\\/\",\"url\":\"https:\\\/\\\/aqmagnetronics.com\\\/cs\\\/vinute-dily\\\/stredni-frekvence\\\/\",\"name\":\"St\u0159edn\u00ed frekvence &#8211; AQ Magnetronics\",\"isPartOf\":{\"@id\":\"https:\\\/\\\/aqmagnetronics.com\\\/cs\\\/#website\"},\"datePublished\":\"2018-07-07T02:39:17+00:00\",\"dateModified\":\"2025-12-11T12:37:57+00:00\",\"description\":\"St\u0159edn\u00ed frekvence AQ Magnetronics vyv\u00edj\u00ed a vyr\u00e1b\u00ed z\u00e1kaznicky specifick\u00e9 vinut\u00e9 d\u00edly a p\u0159evad\u011b\u010de pro v\u00fdkonovou elektroniku nejr\u016fzn\u011bj\u0161\u00edch lokalit. Jedn\u00e1 se\",\"breadcrumb\":{\"@id\":\"https:\\\/\\\/aqmagnetronics.com\\\/cs\\\/vinute-dily\\\/stredni-frekvence\\\/#breadcrumb\"},\"inLanguage\":\"cs\",\"potentialAction\":[{\"@type\":\"ReadAction\",\"target\":[\"https:\\\/\\\/aqmagnetronics.com\\\/cs\\\/vinute-dily\\\/stredni-frekvence\\\/\"]}]},{\"@type\":\"BreadcrumbList\",\"@id\":\"https:\\\/\\\/aqmagnetronics.com\\\/cs\\\/vinute-dily\\\/stredni-frekvence\\\/#breadcrumb\",\"itemListElement\":[{\"@type\":\"ListItem\",\"position\":1,\"name\":\"Startseite\",\"item\":\"https:\\\/\\\/aqmagnetronics.com\\\/cs\\\/\"},{\"@type\":\"ListItem\",\"position\":2,\"name\":\"Inductive components &#8211; \u00favod\",\"item\":\"https:\\\/\\\/aqmagnetronics.com\\\/cs\\\/vinute-dily\\\/\"},{\"@type\":\"ListItem\",\"position\":3,\"name\":\"St\u0159edn\u00ed frekvence\"}]},{\"@type\":\"WebSite\",\"@id\":\"https:\\\/\\\/aqmagnetronics.com\\\/cs\\\/#website\",\"url\":\"https:\\\/\\\/aqmagnetronics.com\\\/cs\\\/\",\"name\":\"AQ Magnetronics\",\"description\":\"Radialventilatoren \\\/ Axialventilatoren \\\/ Industrieventilatoren &amp; Blechbearbeitung\",\"publisher\":{\"@id\":\"https:\\\/\\\/aqmagnetronics.com\\\/cs\\\/#organization\"},\"potentialAction\":[{\"@type\":\"SearchAction\",\"target\":{\"@type\":\"EntryPoint\",\"urlTemplate\":\"https:\\\/\\\/aqmagnetronics.com\\\/cs\\\/?s={search_term_string}\"},\"query-input\":{\"@type\":\"PropertyValueSpecification\",\"valueRequired\":true,\"valueName\":\"search_term_string\"}}],\"inLanguage\":\"cs\"},{\"@type\":\"Organization\",\"@id\":\"https:\\\/\\\/aqmagnetronics.com\\\/cs\\\/#organization\",\"name\":\"mdexx GmbH\",\"url\":\"https:\\\/\\\/aqmagnetronics.com\\\/cs\\\/\",\"logo\":{\"@type\":\"ImageObject\",\"inLanguage\":\"cs\",\"@id\":\"https:\\\/\\\/aqmagnetronics.com\\\/cs\\\/#\\\/schema\\\/logo\\\/image\\\/\",\"url\":\"https:\\\/\\\/aqmagnetronics.com\\\/wp-content\\\/uploads\\\/renewWeb\\\/logo-200x-57.jpg\",\"contentUrl\":\"https:\\\/\\\/aqmagnetronics.com\\\/wp-content\\\/uploads\\\/renewWeb\\\/logo-200x-57.jpg\",\"width\":200,\"height\":52,\"caption\":\"mdexx GmbH\"},\"image\":{\"@id\":\"https:\\\/\\\/aqmagnetronics.com\\\/cs\\\/#\\\/schema\\\/logo\\\/image\\\/\"}}]}<\/script>\n<!-- \/ Yoast SEO plugin. -->","yoast_head_json":{"title":"St\u0159edn\u00ed frekvence &#8211; AQ Magnetronics","description":"St\u0159edn\u00ed frekvence AQ Magnetronics vyv\u00edj\u00ed a vyr\u00e1b\u00ed z\u00e1kaznicky specifick\u00e9 vinut\u00e9 d\u00edly a p\u0159evad\u011b\u010de pro v\u00fdkonovou elektroniku nejr\u016fzn\u011bj\u0161\u00edch lokalit. Jedn\u00e1 se","robots":{"index":"index","follow":"follow","max-snippet":"max-snippet:-1","max-image-preview":"max-image-preview:large","max-video-preview":"max-video-preview:-1"},"canonical":"https:\/\/aqmagnetronics.com\/cs\/vinute-dily\/stredni-frekvence\/","og_locale":"cs_CZ","og_type":"article","og_title":"St\u0159edn\u00ed frekvence &#8211; AQ Magnetronics","og_description":"St\u0159edn\u00ed frekvence AQ Magnetronics vyv\u00edj\u00ed a vyr\u00e1b\u00ed z\u00e1kaznicky specifick\u00e9 vinut\u00e9 d\u00edly a p\u0159evad\u011b\u010de pro v\u00fdkonovou elektroniku nejr\u016fzn\u011bj\u0161\u00edch lokalit. Jedn\u00e1 se","og_url":"https:\/\/aqmagnetronics.com\/cs\/vinute-dily\/stredni-frekvence\/","og_site_name":"AQ Magnetronics","article_modified_time":"2025-12-11T12:37:57+00:00","og_image":[{"width":2000,"height":1100,"url":"https:\/\/aqmagnetronics.com\/wp-content\/uploads\/2018\/08\/Header_Standort-DE-neu.jpg","type":"image\/jpeg"}],"twitter_card":"summary_large_image","twitter_misc":{"Odhadovan\u00e1 doba \u010dten\u00ed":"1 minuta"},"schema":{"@context":"https:\/\/schema.org","@graph":[{"@type":"WebPage","@id":"https:\/\/aqmagnetronics.com\/cs\/vinute-dily\/stredni-frekvence\/","url":"https:\/\/aqmagnetronics.com\/cs\/vinute-dily\/stredni-frekvence\/","name":"St\u0159edn\u00ed frekvence &#8211; AQ Magnetronics","isPartOf":{"@id":"https:\/\/aqmagnetronics.com\/cs\/#website"},"datePublished":"2018-07-07T02:39:17+00:00","dateModified":"2025-12-11T12:37:57+00:00","description":"St\u0159edn\u00ed frekvence AQ Magnetronics vyv\u00edj\u00ed a vyr\u00e1b\u00ed z\u00e1kaznicky specifick\u00e9 vinut\u00e9 d\u00edly a p\u0159evad\u011b\u010de pro v\u00fdkonovou elektroniku nejr\u016fzn\u011bj\u0161\u00edch lokalit. Jedn\u00e1 se","breadcrumb":{"@id":"https:\/\/aqmagnetronics.com\/cs\/vinute-dily\/stredni-frekvence\/#breadcrumb"},"inLanguage":"cs","potentialAction":[{"@type":"ReadAction","target":["https:\/\/aqmagnetronics.com\/cs\/vinute-dily\/stredni-frekvence\/"]}]},{"@type":"BreadcrumbList","@id":"https:\/\/aqmagnetronics.com\/cs\/vinute-dily\/stredni-frekvence\/#breadcrumb","itemListElement":[{"@type":"ListItem","position":1,"name":"Startseite","item":"https:\/\/aqmagnetronics.com\/cs\/"},{"@type":"ListItem","position":2,"name":"Inductive components &#8211; \u00favod","item":"https:\/\/aqmagnetronics.com\/cs\/vinute-dily\/"},{"@type":"ListItem","position":3,"name":"St\u0159edn\u00ed frekvence"}]},{"@type":"WebSite","@id":"https:\/\/aqmagnetronics.com\/cs\/#website","url":"https:\/\/aqmagnetronics.com\/cs\/","name":"AQ Magnetronics","description":"Radialventilatoren \/ Axialventilatoren \/ Industrieventilatoren &amp; Blechbearbeitung","publisher":{"@id":"https:\/\/aqmagnetronics.com\/cs\/#organization"},"potentialAction":[{"@type":"SearchAction","target":{"@type":"EntryPoint","urlTemplate":"https:\/\/aqmagnetronics.com\/cs\/?s={search_term_string}"},"query-input":{"@type":"PropertyValueSpecification","valueRequired":true,"valueName":"search_term_string"}}],"inLanguage":"cs"},{"@type":"Organization","@id":"https:\/\/aqmagnetronics.com\/cs\/#organization","name":"mdexx GmbH","url":"https:\/\/aqmagnetronics.com\/cs\/","logo":{"@type":"ImageObject","inLanguage":"cs","@id":"https:\/\/aqmagnetronics.com\/cs\/#\/schema\/logo\/image\/","url":"https:\/\/aqmagnetronics.com\/wp-content\/uploads\/renewWeb\/logo-200x-57.jpg","contentUrl":"https:\/\/aqmagnetronics.com\/wp-content\/uploads\/renewWeb\/logo-200x-57.jpg","width":200,"height":52,"caption":"mdexx GmbH"},"image":{"@id":"https:\/\/aqmagnetronics.com\/cs\/#\/schema\/logo\/image\/"}}]}},"_links":{"self":[{"href":"https:\/\/aqmagnetronics.com\/cs\/wp-json\/wp\/v2\/pages\/1955","targetHints":{"allow":["GET"]}}],"collection":[{"href":"https:\/\/aqmagnetronics.com\/cs\/wp-json\/wp\/v2\/pages"}],"about":[{"href":"https:\/\/aqmagnetronics.com\/cs\/wp-json\/wp\/v2\/types\/page"}],"author":[{"embeddable":true,"href":"https:\/\/aqmagnetronics.com\/cs\/wp-json\/wp\/v2\/users\/34"}],"replies":[{"embeddable":true,"href":"https:\/\/aqmagnetronics.com\/cs\/wp-json\/wp\/v2\/comments?post=1955"}],"version-history":[{"count":1,"href":"https:\/\/aqmagnetronics.com\/cs\/wp-json\/wp\/v2\/pages\/1955\/revisions"}],"predecessor-version":[{"id":25467,"href":"https:\/\/aqmagnetronics.com\/cs\/wp-json\/wp\/v2\/pages\/1955\/revisions\/25467"}],"up":[{"embeddable":true,"href":"https:\/\/aqmagnetronics.com\/cs\/wp-json\/wp\/v2\/pages\/1836"}],"wp:attachment":[{"href":"https:\/\/aqmagnetronics.com\/cs\/wp-json\/wp\/v2\/media?parent=1955"}],"wp:term":[{"taxonomy":"simple-restrict-permission","embeddable":true,"href":"https:\/\/aqmagnetronics.com\/cs\/wp-json\/wp\/v2\/simple-restrict-permission?post=1955"}],"curies":[{"name":"wp","href":"https:\/\/api.w.org\/{rel}","templated":true}]}}