{"id":1823,"date":"2018-09-17T11:18:38","date_gmt":"2018-09-17T11:18:38","guid":{"rendered":"https:\/\/aqmagnetronics.com\/?page_id=1823"},"modified":"2026-01-22T13:09:46","modified_gmt":"2026-01-22T11:09:46","slug":"downloads-for-winding-goods","status":"publish","type":"page","link":"https:\/\/aqmagnetronics.com\/cs\/vinute-dily\/downloads-for-winding-goods\/","title":{"rendered":"Downloads &#8211; vinut\u00e9 d\u00edly"},"content":{"rendered":"<h1 style=\"margin-bottom: 1em;\">EG \u2013 Prohl\u00e1\u0161en\u00ed o shod\u011b<\/h1>\n<ul>\n<li><span style=\"font-family: poppins-light; font-size: 12pt;\"><a href=\"https:\/\/aqmagnetronics.com\/wp-content\/uploads\/Conformity\/KSD25001_2025-01_cz-en.pdf\">Anpasstransformatoren Spartransformatoren Drosseln nach EN 60076; VDE 0532 &#8211; <strong>mdexx Magnetronic Devices s.r.o.<\/strong><\/a><\/span><\/li>\n<li><span style=\"font-family: poppins-light; font-size: 12pt;\"><a href=\"https:\/\/aqmagnetronics.com\/wp-content\/uploads\/KSD25001_2025-09_cz-en_AQ.pdf\">Anpasstransformatoren Spartransformatoren Drosseln nach EN 60076; VDE 0532 &#8211; <strong>AQ Magnetronics s.r.o.<\/strong><\/a><\/span><\/li>\n<li><span style=\"font-family: poppins-light; font-size: 12pt;\"><a href=\"https:\/\/aqmagnetronics.com\/transformatoren-nach-en-61558-tam-tan-tap-tat-tau-taw\/\">Tran<\/a><a href=\"https:\/\/aqmagnetronics.com\/wp-content\/uploads\/KST25002_2025-01_cz-en.pdf\">sformatoren nach EN 61558 (TAM; AN; TAP; TAT; TAU; TAW) &#8211; <strong>mdexx Magnetronic Devices s.r.o.<\/strong><\/a><br \/>\n<\/span><\/li>\n<li><span style=\"font-family: poppins-light; font-size: 12pt;\"><a href=\"https:\/\/aqmagnetronics.com\/wp-content\/uploads\/KST25002_2025-09_cz-en_AQ.pdf\">Tran<\/a><a href=\"https:\/\/aqmagnetronics.com\/wp-content\/uploads\/KST25002_2025-01_cz-en.pdf\">sformatoren nach EN 61558 (TAM; AN; TAP; TAT; TAU; TAW) &#8211; <strong>AQ Magnetronics s.r.o.<\/strong><\/a><\/span><\/li>\n<li><span style=\"font-family: poppins-light; font-size: 12pt;\"><a href=\"https:\/\/aqmagnetronics.com\/wp-content\/uploads\/KST25007_2025-01_cz-en.pdf\">Transformatoren nach EN61558-15 f\u00fcr medizinisch genutzte R\u00e4ume &#8211; <strong>mdexx Magnetronic Devices s.r.o.<\/strong><\/a><\/span><\/li>\n<li><span style=\"font-family: poppins-light; font-size: 12pt;\"><a href=\"https:\/\/aqmagnetronics.com\/wp-content\/uploads\/KST25007_2025-09_cz-en_AQ.pdf\">Transformatoren nach EN61558-15 f\u00fcr medizinisch genutzte R\u00e4ume &#8211; <strong>AQ Magnetronics s.r.o.<\/strong><\/a><\/span><\/li>\n<li><span style=\"font-family: poppins-light; font-size: 12pt;\"><a href=\"https:\/\/aqmagnetronics.com\/wp-content\/uploads\/KST25003_2025-01_cz-en.pdf\">Netzgeraete mit Transformatoren nach EN61558 TAV &#8211; <strong>mdexx Magnetronic Devices s.r.o.<\/strong><\/a><\/span><\/li>\n<li><span style=\"font-family: poppins-light; font-size: 12pt;\"><a href=\"https:\/\/aqmagnetronics.com\/wp-content\/uploads\/KST25003_2025-09_cz-en_AQ.pdf\">Netzgeraete mit Transformatoren nach EN61558 TAV &#8211; <strong>AQ Magnetronics s.r.o.<\/strong><\/a><\/span><\/li>\n<li><span style=\"font-family: poppins-light; font-size: 12pt;\"><a href=\"https:\/\/aqmagnetronics.com\/wp-content\/uploads\/KST25001_2025-01_cz-en.pdf\">Kleindrosseln EN61558 (TEJ; TEM; TEN; TEP; TET; TEU; TEV; TPK) &#8211; <strong>mdexx Magnetronic Devices s.r.o.<\/strong><\/a><\/span><\/li>\n<li><span style=\"font-family: poppins-light; font-size: 12pt;\"><a href=\"https:\/\/aqmagnetronics.com\/wp-content\/uploads\/KST25001_2025-09_cz-en_AQ.pdf\">Kleindrosseln EN61558 (TEJ; TEM; TEN; TEP; TET; TEU; TEV; TPK) &#8211; <strong>AQ Magnetronics s.r.o.<\/strong><\/a><\/span><\/li>\n<li><span style=\"font-family: poppins-light; font-size: 12pt;\"><a href=\"https:\/\/aqmagnetronics.com\/wp-content\/uploads\/KST25005_2025-01_cz-en.pdf\">Kleindrosseln EN61558 (TEF) &#8211; <strong>mdexx Magnetronic Devices s.r.o.<\/strong><\/a><\/span><\/li>\n<li><span style=\"font-family: poppins-light; font-size: 12pt;\"><a href=\"https:\/\/aqmagnetronics.com\/wp-content\/uploads\/KST25005_2025-09_cz-en_AQ-1.pdf\">Kleindrosseln EN61558 (TEF) &#8211; <strong>AQ Magnetronics s.r.o.<\/strong><\/a><\/span><\/li>\n<\/ul>\n<h1 style=\"margin-bottom: 1em;\">AGB<\/h1>\n<ul>\n<li><strong><a href=\"https:\/\/aqmagnetronics.com\/wp-content\/uploads\/Einkaufsbedingungen-01.07.22-1.pdf\">Allgemeine Einkaufsbedingungen<\/a><\/strong><\/li>\n<li><strong><em><a href=\"https:\/\/aqmagnetronics.com\/wp-content\/uploads\/General-Terms-and-Conditions-of-Purchase-01.07.22.pdf\">General Terms and Conditions of Purchase<\/a><\/em><\/strong><\/li>\n<li><a href=\"https:\/\/aqmagnetronics.com\/wp-content\/uploads\/General\/AGB-Allgemeine-Verkaufsbedingungen-mdexx-Magnetronic-Devices-GmbH_01.09.22.pdf\"><strong>Allgemeine Verkaufsbedingungen AQ Magnetronics s.r.o.<\/strong><\/a><\/li>\n<li><a href=\"https:\/\/aqmagnetronics.com\/wp-content\/uploads\/General\/General-Terms-and-Conditions-of-Sale-mdexx-Magnetronic-Devices-GmbH_01.09.2020.pdf\"><em>General Terms and Conditions of Sale AQ Magnetronics s.r.o.<\/em><\/a><\/li>\n<li><a href=\"https:\/\/aqmagnetronics.com\/allgemeine-verkaufsbedingungen_-magnetronic-devices-sro_01\/\"><strong>Allgemeine Verkaufsbedingungen<\/strong> AQ Magnetronics s.r.o.<\/a><\/li>\n<li><a href=\"https:\/\/aqmagnetronics.com\/general-terms-and-conditions-of-sale_-magnetronic-devices-sro_01\/\"><strong>General Terms and Conditions of Sale<\/strong> AQ Magnetronics s.r.o<\/a>.<\/li>\n<\/ul>\n<p>&nbsp;<\/p>\n<h1 style=\"margin-bottom: 1em;\">Katalog<\/h1>\n<ul>\n<li><a href=\"https:\/\/aqmagnetronics.com\/wp-content\/uploads\/mdexx_Katalog_2023_Ver_0.0.3.pdf\">Kompletn\u00ed katalog transform\u00e1tor\u016f \/ nap\u00e1jec\u00edch zdroj\u016f \/ tlumivek \/ filtr\u016f<\/a><\/li>\n<li><a href=\"https:\/\/aqmagnetronics.com\/core-products-range-transformers\/\">Z\u00e1kladn\u00ed produktov\u00e1 \u0159ada transform\u00e1tor\u016f<\/a>\u00a0\u00a0\u00a0\u00a0<a href=\"https:\/\/aqmagnetronics.com\/core-products-range-transformers\/\">\u010cESKY<\/a>\u00a0 |\u00a0\u00a0<a href=\"https:\/\/aqmagnetronics.com\/kernsortiment-transformatoren\/\">N\u011aMECKY<\/a>\u00a0 |\u00a0\u00a0<a href=\"https:\/\/aqmagnetronics.com\/core-products-range-transformers\/\">ANGLICKY<\/a>\u00a0 |\u00a0\u00a0<a href=\"https:\/\/aqmagnetronics.com\/produkty-rdzeniowe-transformatory\/\">POLSKY<\/a>\u00a0 |\u00a0\u00a0<a href=\"https:\/\/aqmagnetronics.com\/gamme-de-produits-transformateurs\/\">FRANCOUZSKY<\/a><\/li>\n<li><a href=\"https:\/\/aqmagnetronics.com\/wp-content\/uploads\/mdexx_Technik_7_2023_Ver_0.01.pdf\">Technick\u00e9 informace<\/a><\/li>\n<\/ul>\n<h1 style=\"margin-bottom: 1em;\">N\u00e1vody k obsluze<\/h1>\n<ul>\n<li><span style=\"font-family: poppins-light;\"><a href=\"https:\/\/aqmagnetronics.com\/wp-content\/uploads\/BAT-17-001-74.pdf\">BA_T_Transformatoren (TAM; TAP; TAT; TAU; TBT; TBU)<\/a><\/span><\/li>\n<li><span style=\"font-family: poppins-light;\"><a href=\"https:\/\/aqmagnetronics.com\/wp-content\/uploads\/BAD-17-001-74.pdf\">BA_D_Drosseln (TEM; TEN; TEP; TET; TEU)<\/a><\/span><\/li>\n<li><span style=\"font-family: poppins-light;\"><a href=\"https:\/\/aqmagnetronics.com\/wp-content\/uploads\/BAD-18-001-00.pdf\">BA_D_Ausgangsdrosseln 690V<\/a><\/span><\/li>\n<li><span style=\"font-family: poppins-light;\"><a href=\"https:\/\/aqmagnetronics.com\/wp-content\/uploads\/BAS-17-004-74.pdf\">BA_S_TAV2306-2EB00-0A<\/a><\/span><\/li>\n<li><span style=\"font-family: poppins-light;\"><a href=\"https:\/\/aqmagnetronics.com\/wp-content\/uploads\/BAS-17-005-74.pdf\">BA_S_TAV3000-2EB00-0A; TAV3100-2EB00-0A; TAV3200-2EB00-0A; TAV3300-2EB00-0A<\/a><\/span><\/li>\n<li><span style=\"font-family: poppins-light;\"><a href=\"https:\/\/aqmagnetronics.com\/wp-content\/uploads\/BAS-17-006-74.pdf\">BA_S_TAV3400-2FB00-0A; TAV3500-2FB00-0A<\/a><\/span><\/li>\n<li><span style=\"font-family: poppins-light;\"><a href=\"https:\/\/aqmagnetronics.com\/wp-content\/uploads\/BAS-17-001-74.pdf\">BA_S_TAV2102-2EB00-0A<\/a><\/span><\/li>\n<li><span style=\"font-family: poppins-light;\"><a href=\"https:\/\/aqmagnetronics.com\/wp-content\/uploads\/BAS-17-002-74.pdf\">BA_S_TAV2106-2EB00-0A<\/a><\/span><\/li>\n<li><span style=\"font-family: poppins-light;\"><a href=\"https:\/\/aqmagnetronics.com\/wp-content\/uploads\/BAS-17-003-74.pdf\">BA_S_TAV2302-2EB00-0A<\/a><\/span><\/li>\n<li><span style=\"font-family: poppins-light;\"><a href=\"https:\/\/aqmagnetronics.com\/wp-content\/uploads\/BAF-17-001-00.pdf\">BA_F_dUdt Filter 690V TEF1203<\/a><\/span><\/li>\n<li><span style=\"font-family: poppins-light;\"><a href=\"https:\/\/aqmagnetronics.com\/wp-content\/uploads\/BAF-18-001-76.pdf\">BA_F_dVdt Filter TEF1203<\/a><\/span><\/li>\n<\/ul>\n<h1 style=\"margin-bottom: 1em;\">Certifik\u00e1ty<\/h1>\n<h2><strong><span style=\"font-family: Georgia, Palatino; font-size: 18pt;\">Lokace Trutnov<\/span><\/strong><\/h2>\n<ul>\n<li><span style=\"font-family: poppins-light;\"><a href=\"https:\/\/aqmagnetronics.com\/wp-content\/uploads\/MMT_ISO_9001_de_en_ts.pdf\">ZT_ISO 9001 DE\/EN\/CZ<\/a><\/span><\/li>\n<li><span style=\"font-family: poppins-light;\"><a href=\"https:\/\/aqmagnetronics.com\/wp-content\/uploads\/MMT_ISO_14001_de_en_ts.pdf\">ZT_ISO 14001 DE\/EN\/CZ<\/a><\/span><\/li>\n<li><span style=\"font-family: poppins-light;\"><a href=\"https:\/\/aqmagnetronics.com\/wp-content\/uploads\/ZT_ISO-50001-DE-EN-CZ.pdf\">ZT_ISO 50001 DE\/EN\/CZ<\/a><\/span><\/li>\n<li><a href=\"https:\/\/aqmagnetronics.com\/wp-content\/uploads\/2024-01-31_EN15085-2_CL1_DE-EN-CZ-1.pdf\">ZT_EN 15085-2 CL1 DE\/EN\/CZ<\/a><\/li>\n<li><span style=\"font-family: poppins-light; color: #230091;\"><a href=\"https:\/\/aqmagnetronics.com\/wp-content\/uploads\/2024-02-05_ISO3834-2_DE-EN-CZ-1.pdf\">ZT_ISO 3834-2 DE\/EN\/CZ<\/a><\/span><\/li>\n<li><span style=\"font-family: poppins-light; color: #230091;\"><a href=\"https:\/\/aqmagnetronics.com\/230228_mmt_gs1-system_en_de\/\">ZT_GS1 System EN\/DE<\/a><\/span><\/li>\n<li><a href=\"https:\/\/aqmagnetronics.com\/wp-content\/uploads\/2025_Confirmation_RoHS_REACH_AQ.pdf\">2025_Confirmation_RoHS_REACH_AQ<\/a><\/li>\n<li><span style=\"font-family: poppins-light; color: #230091;\"><a href=\"https:\/\/aqmagnetronics.com\/wp-content\/uploads\/2024-01-31_CDV95_5_CZ-1.pdf\">ZT_CD V95\/5 CZ<\/a><\/span><\/li>\n<li><span style=\"font-family: poppins-light; color: #230091;\"><a href=\"https:\/\/aqmagnetronics.com\/zt_cd-v6-1-v6-2-cz\/\">ZT_CD V6-1\/V6-2 CZ<\/a><\/span><\/li>\n<li><span style=\"font-family: poppins-light;\"><a href=\"https:\/\/aqmagnetronics.com\/code-of-conduct_de_en\/\">Code of Conduct DE\/EN<\/a><br \/>\n<\/span><\/li>\n<li><a href=\"https:\/\/aqmagnetronics.com\/wp-content\/uploads\/MHW_Code-of-Conduct-CZ.pdf\"><span style=\"font-family: poppins-light;\">Code of Conduct CZ<\/span><\/a><\/li>\n<li><span style=\"font-family: poppins-light;\"><a href=\"https:\/\/aqmagnetronics.com\/wp-content\/uploads\/CO2e_Scopes_12.pdf\">CO2e_Scopes_1+2<\/a><\/span><\/li>\n<li><span style=\"font-family: poppins-light;\"><a href=\"https:\/\/aqmagnetronics.com\/wp-content\/uploads\/CO2e_Scopes_123_Upstream.pdf\">CO2e_Scopes_1+2+3_Upstream<\/a><\/span><\/li>\n<li><span style=\"font-family: poppins-light;\"><a href=\"https:\/\/aqmagnetronics.com\/wp-content\/uploads\/CO2e_Scopes123_UpstreamDownstream.pdf\">CO2e_Scopes_1+2+3_Upstream+Downstream<\/a><\/span><\/li>\n<li><span style=\"font-family: poppins-light;\"><a href=\"https:\/\/aqmagnetronics.com\/wp-content\/uploads\/F_IAR_195751_WCA_Award.pdf\">Achievement Award \u2013 Workplace Conditions Assessment (WCA)<\/a><\/span><\/li>\n<\/ul>\n<h1 style=\"margin-bottom: 1em;\">UL-Certifikace<\/h1>\n<ul>\n<li><a href=\"https:\/\/aqmagnetronics.com\/xqnx2-e103902-tem-tep-tet-teu-tan-tap-tat-tau-tbt-tbu\/\">XQNX2.E103902 (TEM; TEP; TET; TEU; TAN; TAP; TAT; TAU; TBT; TBU)<\/a><\/li>\n<li><a href=\"https:\/\/aqmagnetronics.com\/xqnx8-e103902-for-canada-tem-tep-tet-teu-tan-tap-tat-tau-tbt-tbu\/\">XQNX8.E103902 for Canada (TEM; TEP; TET; TEU; TAN; TAP; TAT; TAU; TBT; TBU)<\/a><\/li>\n<li><a href=\"https:\/\/aqmagnetronics.com\/nmms2-e333628-tef-tay-tep-teu\/\">NMMS2.E333628 (TEF; TAY; TEP; TEU)<\/a><\/li>\n<li><a href=\"https:\/\/aqmagnetronics.com\/nmms8-e333628-for-canada-tef-tay-tep-teu\/\">NMMS8.E333628 for Canada (TEF; TAY; TEP; TEU)<\/a><\/li>\n<li><a href=\"https:\/\/aqmagnetronics.com\/qqfu2-e140503-trx-tav-tfc-tfd\/\">QQFU2.E140503 (TRX; TAV; TFC; TFD)<\/a><\/li>\n<li><a href=\"https:\/\/aqmagnetronics.com\/qqfu8-e140503-for-canada-trx-tav-tfc-tfd\/\">QQFU8.E140503 for Canada (TRX; TAV; TFC; TFD)<\/a><\/li>\n<li><a href=\"https:\/\/aqmagnetronics.com\/qqhm2-e210326-tam-tap-tau-tav-tbu-tfc-tay\/\">QQHM2.E210326 (TAM; TAP; TAU; TAV; TBU; TFC; TAY)<\/a><\/li>\n<li><a href=\"https:\/\/aqmagnetronics.com\/qqhm8-e210326-for-canada-tam-tap-tau-tav-tbu-tfc-tay\/\">QQHM8.E210326 for Canada (TAM; TAP; TAU; TAV; TBU; TFC; TAY)<\/a><\/li>\n<li><a href=\"https:\/\/aqmagnetronics.com\/objy2-e106597-systems-electric-insulation-ctb130-ctb155-ads180-ccc180\/\">OBJY2.E106597 Systems Electric Insulation (CTB130; CTB155; ADS180; CCC180)<\/a><\/li>\n<li><a href=\"https:\/\/aqmagnetronics.com\/objy8-e106597-systems-electric-insulation-for-canada-ctb130-ctb155-ads180-ccc180\/\">OBJY8.E106597 Systems Electric Insulation for Canada (CTB130; CTB155; ADS180; CCC180)<\/a><\/li>\n<li><a href=\"https:\/\/aqmagnetronics.com\/xptq2-e92271-taj-tam-tap-taw-tef-tev\/\">XPTQ2.E92271 (TAJ; TAM; TAP; TAW; TEF; TEV)<\/a><\/li>\n<li><a href=\"https:\/\/aqmagnetronics.com\/xptq8-e92271-for-canada-taj-tam-tap-taw-tef-tev\/\">XPTQ8.E92271 for Canada (TAJ; TAM; TAP; TAW; TEF; TEV)<\/a><\/li>\n<li><a href=\"https:\/\/aqmagnetronics.com\/xtex2-e328087-transformers-speciality-step-up-tbu78\/\">XTEX2.E328087 Transformers Speciality Step up (TBU78)<\/a><\/li>\n<li><a href=\"https:\/\/aqmagnetronics.com\/xtex8-e328087-transformers-speciality-step-up-certified-for-canada-tbu78\/\">XTEX8.E328087 Transformers Speciality Step up Certified for Canada (TBU78)<\/a><\/li>\n<\/ul>\n<p>&nbsp;<\/p>\n","protected":false},"excerpt":{"rendered":"<p>EG \u2013 Prohl\u00e1\u0161en\u00ed o shod\u011b Anpasstransformatoren Spartransformatoren Drosseln nach EN 60076; VDE 0532 &#8211; mdexx Magnetronic Devices s.r.o. Anpasstransformatoren Spartransformatoren Drosseln nach EN 60076; VDE 0532 &#8211; AQ Magnetronics s.r.o. Transformatoren nach EN 61558 (TAM; AN; TAP; TAT; TAU; TAW) &#8211; mdexx Magnetronic Devices s.r.o. Transformatoren nach EN 61558 (TAM; AN; TAP; TAT; TAU; TAW) [&hellip;]<\/p>\n","protected":false},"author":34,"featured_media":811,"parent":1836,"menu_order":0,"comment_status":"closed","ping_status":"closed","template":"","meta":{"_acf_changed":false,"footnotes":""},"simple-restrict-permission":[],"class_list":["post-1823","page","type-page","status-publish","has-post-thumbnail","hentry"],"acf":[],"yoast_head":"<!-- This site is optimized with the Yoast SEO plugin v27.4 - https:\/\/yoast.com\/product\/yoast-seo-wordpress\/ -->\n<title>Downloads - vinut\u00e9 d\u00edly &#8211; AQ Magnetronics<\/title>\n<meta name=\"description\" content=\"EG \u2013 Prohl\u00e1\u0161en\u00ed o shod\u011b Anpasstransformatoren Spartransformatoren Drosseln nach EN 60076; VDE 0532 - mdexx Magnetronic Devices s.r.o.\" \/>\n<meta name=\"robots\" content=\"index, follow, max-snippet:-1, max-image-preview:large, max-video-preview:-1\" \/>\n<link rel=\"canonical\" href=\"https:\/\/aqmagnetronics.com\/cs\/vinute-dily\/downloads-for-winding-goods\/\" \/>\n<meta property=\"og:locale\" content=\"cs_CZ\" \/>\n<meta property=\"og:type\" content=\"article\" \/>\n<meta property=\"og:title\" content=\"Downloads - vinut\u00e9 d\u00edly &#8211; AQ Magnetronics\" \/>\n<meta property=\"og:description\" content=\"EG \u2013 Prohl\u00e1\u0161en\u00ed o shod\u011b Anpasstransformatoren Spartransformatoren Drosseln nach EN 60076; VDE 0532 - mdexx Magnetronic Devices s.r.o.\" \/>\n<meta property=\"og:url\" content=\"https:\/\/aqmagnetronics.com\/cs\/vinute-dily\/downloads-for-winding-goods\/\" \/>\n<meta property=\"og:site_name\" content=\"AQ Magnetronics\" \/>\n<meta property=\"article:modified_time\" content=\"2026-01-22T11:09:46+00:00\" \/>\n<meta property=\"og:image\" content=\"https:\/\/aqmagnetronics.com\/wp-content\/uploads\/2018\/08\/Bild_Downloads.jpg\" \/>\n\t<meta property=\"og:image:width\" content=\"1397\" \/>\n\t<meta property=\"og:image:height\" content=\"1000\" \/>\n\t<meta property=\"og:image:type\" content=\"image\/jpeg\" \/>\n<meta name=\"twitter:card\" content=\"summary_large_image\" \/>\n<meta name=\"twitter:label1\" content=\"Odhadovan\u00e1 doba \u010dten\u00ed\" \/>\n\t<meta name=\"twitter:data1\" content=\"2 minuty\" \/>\n<script type=\"application\/ld+json\" class=\"yoast-schema-graph\">{\"@context\":\"https:\\\/\\\/schema.org\",\"@graph\":[{\"@type\":\"WebPage\",\"@id\":\"https:\\\/\\\/aqmagnetronics.com\\\/cs\\\/vinute-dily\\\/downloads-for-winding-goods\\\/\",\"url\":\"https:\\\/\\\/aqmagnetronics.com\\\/cs\\\/vinute-dily\\\/downloads-for-winding-goods\\\/\",\"name\":\"Downloads - vinut\u00e9 d\u00edly &#8211; AQ Magnetronics\",\"isPartOf\":{\"@id\":\"https:\\\/\\\/aqmagnetronics.com\\\/cs\\\/#website\"},\"primaryImageOfPage\":{\"@id\":\"https:\\\/\\\/aqmagnetronics.com\\\/cs\\\/vinute-dily\\\/downloads-for-winding-goods\\\/#primaryimage\"},\"image\":{\"@id\":\"https:\\\/\\\/aqmagnetronics.com\\\/cs\\\/vinute-dily\\\/downloads-for-winding-goods\\\/#primaryimage\"},\"thumbnailUrl\":\"https:\\\/\\\/aqmagnetronics.com\\\/wp-content\\\/uploads\\\/2018\\\/08\\\/Bild_Downloads.jpg\",\"datePublished\":\"2018-09-17T11:18:38+00:00\",\"dateModified\":\"2026-01-22T11:09:46+00:00\",\"description\":\"EG \u2013 Prohl\u00e1\u0161en\u00ed o shod\u011b Anpasstransformatoren Spartransformatoren Drosseln nach EN 60076; VDE 0532 - mdexx Magnetronic Devices s.r.o.\",\"breadcrumb\":{\"@id\":\"https:\\\/\\\/aqmagnetronics.com\\\/cs\\\/vinute-dily\\\/downloads-for-winding-goods\\\/#breadcrumb\"},\"inLanguage\":\"cs\",\"potentialAction\":[{\"@type\":\"ReadAction\",\"target\":[\"https:\\\/\\\/aqmagnetronics.com\\\/cs\\\/vinute-dily\\\/downloads-for-winding-goods\\\/\"]}]},{\"@type\":\"ImageObject\",\"inLanguage\":\"cs\",\"@id\":\"https:\\\/\\\/aqmagnetronics.com\\\/cs\\\/vinute-dily\\\/downloads-for-winding-goods\\\/#primaryimage\",\"url\":\"https:\\\/\\\/aqmagnetronics.com\\\/wp-content\\\/uploads\\\/2018\\\/08\\\/Bild_Downloads.jpg\",\"contentUrl\":\"https:\\\/\\\/aqmagnetronics.com\\\/wp-content\\\/uploads\\\/2018\\\/08\\\/Bild_Downloads.jpg\",\"width\":1397,\"height\":1000},{\"@type\":\"BreadcrumbList\",\"@id\":\"https:\\\/\\\/aqmagnetronics.com\\\/cs\\\/vinute-dily\\\/downloads-for-winding-goods\\\/#breadcrumb\",\"itemListElement\":[{\"@type\":\"ListItem\",\"position\":1,\"name\":\"Startseite\",\"item\":\"https:\\\/\\\/aqmagnetronics.com\\\/cs\\\/\"},{\"@type\":\"ListItem\",\"position\":2,\"name\":\"Inductive components &#8211; \u00favod\",\"item\":\"https:\\\/\\\/aqmagnetronics.com\\\/cs\\\/vinute-dily\\\/\"},{\"@type\":\"ListItem\",\"position\":3,\"name\":\"Downloads &#8211; vinut\u00e9 d\u00edly\"}]},{\"@type\":\"WebSite\",\"@id\":\"https:\\\/\\\/aqmagnetronics.com\\\/cs\\\/#website\",\"url\":\"https:\\\/\\\/aqmagnetronics.com\\\/cs\\\/\",\"name\":\"AQ Magnetronics\",\"description\":\"Radialventilatoren \\\/ Axialventilatoren \\\/ Industrieventilatoren &amp; Blechbearbeitung\",\"publisher\":{\"@id\":\"https:\\\/\\\/aqmagnetronics.com\\\/cs\\\/#organization\"},\"potentialAction\":[{\"@type\":\"SearchAction\",\"target\":{\"@type\":\"EntryPoint\",\"urlTemplate\":\"https:\\\/\\\/aqmagnetronics.com\\\/cs\\\/?s={search_term_string}\"},\"query-input\":{\"@type\":\"PropertyValueSpecification\",\"valueRequired\":true,\"valueName\":\"search_term_string\"}}],\"inLanguage\":\"cs\"},{\"@type\":\"Organization\",\"@id\":\"https:\\\/\\\/aqmagnetronics.com\\\/cs\\\/#organization\",\"name\":\"mdexx GmbH\",\"url\":\"https:\\\/\\\/aqmagnetronics.com\\\/cs\\\/\",\"logo\":{\"@type\":\"ImageObject\",\"inLanguage\":\"cs\",\"@id\":\"https:\\\/\\\/aqmagnetronics.com\\\/cs\\\/#\\\/schema\\\/logo\\\/image\\\/\",\"url\":\"https:\\\/\\\/aqmagnetronics.com\\\/wp-content\\\/uploads\\\/renewWeb\\\/logo-200x-57.jpg\",\"contentUrl\":\"https:\\\/\\\/aqmagnetronics.com\\\/wp-content\\\/uploads\\\/renewWeb\\\/logo-200x-57.jpg\",\"width\":200,\"height\":52,\"caption\":\"mdexx GmbH\"},\"image\":{\"@id\":\"https:\\\/\\\/aqmagnetronics.com\\\/cs\\\/#\\\/schema\\\/logo\\\/image\\\/\"}}]}<\/script>\n<!-- \/ Yoast SEO plugin. -->","yoast_head_json":{"title":"Downloads - vinut\u00e9 d\u00edly &#8211; AQ Magnetronics","description":"EG \u2013 Prohl\u00e1\u0161en\u00ed o shod\u011b Anpasstransformatoren Spartransformatoren Drosseln nach EN 60076; VDE 0532 - mdexx Magnetronic Devices s.r.o.","robots":{"index":"index","follow":"follow","max-snippet":"max-snippet:-1","max-image-preview":"max-image-preview:large","max-video-preview":"max-video-preview:-1"},"canonical":"https:\/\/aqmagnetronics.com\/cs\/vinute-dily\/downloads-for-winding-goods\/","og_locale":"cs_CZ","og_type":"article","og_title":"Downloads - vinut\u00e9 d\u00edly &#8211; AQ Magnetronics","og_description":"EG \u2013 Prohl\u00e1\u0161en\u00ed o shod\u011b Anpasstransformatoren Spartransformatoren Drosseln nach EN 60076; VDE 0532 - mdexx Magnetronic Devices s.r.o.","og_url":"https:\/\/aqmagnetronics.com\/cs\/vinute-dily\/downloads-for-winding-goods\/","og_site_name":"AQ Magnetronics","article_modified_time":"2026-01-22T11:09:46+00:00","og_image":[{"width":1397,"height":1000,"url":"https:\/\/aqmagnetronics.com\/wp-content\/uploads\/2018\/08\/Bild_Downloads.jpg","type":"image\/jpeg"}],"twitter_card":"summary_large_image","twitter_misc":{"Odhadovan\u00e1 doba \u010dten\u00ed":"2 minuty"},"schema":{"@context":"https:\/\/schema.org","@graph":[{"@type":"WebPage","@id":"https:\/\/aqmagnetronics.com\/cs\/vinute-dily\/downloads-for-winding-goods\/","url":"https:\/\/aqmagnetronics.com\/cs\/vinute-dily\/downloads-for-winding-goods\/","name":"Downloads - vinut\u00e9 d\u00edly &#8211; AQ Magnetronics","isPartOf":{"@id":"https:\/\/aqmagnetronics.com\/cs\/#website"},"primaryImageOfPage":{"@id":"https:\/\/aqmagnetronics.com\/cs\/vinute-dily\/downloads-for-winding-goods\/#primaryimage"},"image":{"@id":"https:\/\/aqmagnetronics.com\/cs\/vinute-dily\/downloads-for-winding-goods\/#primaryimage"},"thumbnailUrl":"https:\/\/aqmagnetronics.com\/wp-content\/uploads\/2018\/08\/Bild_Downloads.jpg","datePublished":"2018-09-17T11:18:38+00:00","dateModified":"2026-01-22T11:09:46+00:00","description":"EG \u2013 Prohl\u00e1\u0161en\u00ed o shod\u011b Anpasstransformatoren Spartransformatoren Drosseln nach EN 60076; VDE 0532 - mdexx Magnetronic Devices s.r.o.","breadcrumb":{"@id":"https:\/\/aqmagnetronics.com\/cs\/vinute-dily\/downloads-for-winding-goods\/#breadcrumb"},"inLanguage":"cs","potentialAction":[{"@type":"ReadAction","target":["https:\/\/aqmagnetronics.com\/cs\/vinute-dily\/downloads-for-winding-goods\/"]}]},{"@type":"ImageObject","inLanguage":"cs","@id":"https:\/\/aqmagnetronics.com\/cs\/vinute-dily\/downloads-for-winding-goods\/#primaryimage","url":"https:\/\/aqmagnetronics.com\/wp-content\/uploads\/2018\/08\/Bild_Downloads.jpg","contentUrl":"https:\/\/aqmagnetronics.com\/wp-content\/uploads\/2018\/08\/Bild_Downloads.jpg","width":1397,"height":1000},{"@type":"BreadcrumbList","@id":"https:\/\/aqmagnetronics.com\/cs\/vinute-dily\/downloads-for-winding-goods\/#breadcrumb","itemListElement":[{"@type":"ListItem","position":1,"name":"Startseite","item":"https:\/\/aqmagnetronics.com\/cs\/"},{"@type":"ListItem","position":2,"name":"Inductive components &#8211; \u00favod","item":"https:\/\/aqmagnetronics.com\/cs\/vinute-dily\/"},{"@type":"ListItem","position":3,"name":"Downloads &#8211; vinut\u00e9 d\u00edly"}]},{"@type":"WebSite","@id":"https:\/\/aqmagnetronics.com\/cs\/#website","url":"https:\/\/aqmagnetronics.com\/cs\/","name":"AQ Magnetronics","description":"Radialventilatoren \/ Axialventilatoren \/ Industrieventilatoren &amp; Blechbearbeitung","publisher":{"@id":"https:\/\/aqmagnetronics.com\/cs\/#organization"},"potentialAction":[{"@type":"SearchAction","target":{"@type":"EntryPoint","urlTemplate":"https:\/\/aqmagnetronics.com\/cs\/?s={search_term_string}"},"query-input":{"@type":"PropertyValueSpecification","valueRequired":true,"valueName":"search_term_string"}}],"inLanguage":"cs"},{"@type":"Organization","@id":"https:\/\/aqmagnetronics.com\/cs\/#organization","name":"mdexx GmbH","url":"https:\/\/aqmagnetronics.com\/cs\/","logo":{"@type":"ImageObject","inLanguage":"cs","@id":"https:\/\/aqmagnetronics.com\/cs\/#\/schema\/logo\/image\/","url":"https:\/\/aqmagnetronics.com\/wp-content\/uploads\/renewWeb\/logo-200x-57.jpg","contentUrl":"https:\/\/aqmagnetronics.com\/wp-content\/uploads\/renewWeb\/logo-200x-57.jpg","width":200,"height":52,"caption":"mdexx GmbH"},"image":{"@id":"https:\/\/aqmagnetronics.com\/cs\/#\/schema\/logo\/image\/"}}]}},"_links":{"self":[{"href":"https:\/\/aqmagnetronics.com\/cs\/wp-json\/wp\/v2\/pages\/1823","targetHints":{"allow":["GET"]}}],"collection":[{"href":"https:\/\/aqmagnetronics.com\/cs\/wp-json\/wp\/v2\/pages"}],"about":[{"href":"https:\/\/aqmagnetronics.com\/cs\/wp-json\/wp\/v2\/types\/page"}],"author":[{"embeddable":true,"href":"https:\/\/aqmagnetronics.com\/cs\/wp-json\/wp\/v2\/users\/34"}],"replies":[{"embeddable":true,"href":"https:\/\/aqmagnetronics.com\/cs\/wp-json\/wp\/v2\/comments?post=1823"}],"version-history":[{"count":55,"href":"https:\/\/aqmagnetronics.com\/cs\/wp-json\/wp\/v2\/pages\/1823\/revisions"}],"predecessor-version":[{"id":25554,"href":"https:\/\/aqmagnetronics.com\/cs\/wp-json\/wp\/v2\/pages\/1823\/revisions\/25554"}],"up":[{"embeddable":true,"href":"https:\/\/aqmagnetronics.com\/cs\/wp-json\/wp\/v2\/pages\/1836"}],"wp:featuredmedia":[{"embeddable":true,"href":"https:\/\/aqmagnetronics.com\/cs\/wp-json\/wp\/v2\/media\/811"}],"wp:attachment":[{"href":"https:\/\/aqmagnetronics.com\/cs\/wp-json\/wp\/v2\/media?parent=1823"}],"wp:term":[{"taxonomy":"simple-restrict-permission","embeddable":true,"href":"https:\/\/aqmagnetronics.com\/cs\/wp-json\/wp\/v2\/simple-restrict-permission?post=1823"}],"curies":[{"name":"wp","href":"https:\/\/api.w.org\/{rel}","templated":true}]}}