{"id":1821,"date":"2018-09-18T06:02:18","date_gmt":"2018-09-18T06:02:18","guid":{"rendered":"https:\/\/aqmagnetronics.com\/?page_id=1821"},"modified":"2024-11-11T13:47:31","modified_gmt":"2024-11-11T11:47:31","slug":"ochrana-osobnich-udaju","status":"publish","type":"page","link":"https:\/\/aqmagnetronics.com\/cs\/ochrana-osobnich-udaju\/","title":{"rendered":"Ochrana osobn\u00edch \u00fadaj\u016f"},"content":{"rendered":"<h1><\/h1>\n<h1><strong>Ochrana osobn\u00edch \u00fadaj\u016f \/ Prohl\u00e1\u0161en\u00ed k\u00a0ochran\u011b dat<\/strong><\/h1>\n<p>D\u011bkujeme za Va\u0161i n\u00e1v\u0161t\u011bvu na na\u0161ich internetov\u00fdch str\u00e1nk\u00e1ch a za V\u00e1\u0161 z\u00e1jem o na\u0161i spole\u010dnost. Cht\u011bli bychom, aby pro V\u00e1s bylo surfov\u00e1n\u00ed na na\u0161ich str\u00e1nk\u00e1ch p\u0159\u00edjemn\u00e9 bez nep\u0159\u00edjemn\u00fdch p\u0159ekvapen\u00ed.<\/p>\n<p>Na na\u0161ich internetov\u00fdch str\u00e1nk\u00e1ch m\u016f\u017eete zadat na polo\u017ece \u201eKontakt\u201c Va\u0161e osobn\u00ed \u00fadaje. Tato data slou\u017e\u00ed pouze ke zpracov\u00e1n\u00ed a ke\u00a0zdokumentov\u00e1n\u00ed Va\u0161\u00ed popt\u00e1vky. Tato data budou poskytnuta jin\u00fdm osob\u00e1m pouze tehdy, pokud to bude nutn\u00e9 pro zpracov\u00e1n\u00ed Va\u0161\u00ed popt\u00e1vky. Va\u0161e Data nebudou poskytnuta t\u0159et\u00edm osob\u00e1m za \u00fa\u010delem reklamy.<\/p>\n<p>Krom\u011b toho n\u00e1\u0161 poskytovatel internetov\u00fdch slu\u017eeb shroma\u017e\u010fuje b\u011bhem Va\u0161\u00ed n\u00e1v\u0161t\u011bvy na\u0161ich str\u00e1nek tzv. Logifiles data. T\u00edmto zjist\u00edme jm\u00e9no Va\u0161eho poskytovatele internetov\u00fdch slu\u017eeb, Va\u0161i IP adresu, internetovou str\u00e1nku, ze kter\u00e9 jste se na na\u0161e str\u00e1nky dostal, jednotliv\u00e9 str\u00e1nky, kter\u00e9 jste na na\u0161ich str\u00e1nk\u00e1ch nav\u0161t\u00edvil a datum, \u010das a trv\u00e1n\u00ed Va\u0161\u00ed n\u00e1v\u0161t\u011bvy. \u00a0Tato data slou\u017e\u00ed pouze ke statistick\u00fdm \u00fa\u010del\u016fm. Neevidujeme osobn\u00ed reference.<\/p>\n<p>Pou\u017e\u00edv\u00e1me cookies, kter\u00fdmi b\u011bhem Va\u0161\u00ed n\u00e1v\u0161t\u011bvy na\u0161ich internetov\u00fdch str\u00e1nek dojde k\u00a0ulo\u017een\u00ed dat na V\u00e1\u0161 po\u010d\u00edta\u010d. Budou tam ulo\u017eena data, kter\u00e1 optimalizuj\u00ed zobrazen\u00ed internetov\u00fdch str\u00e1nek a kter\u00e1 surfov\u00e1n\u00ed zp\u0159\u00edjemn\u00ed. Tato data n\u00e1mi nejsou vyhodnocov\u00e1na. \u00a0P\u0159ed cookies se m\u016f\u017eete chr\u00e1nit d\u00edky odpov\u00eddaj\u00edc\u00edmu nastaven\u00ed ve Va\u0161em internetov\u00e9m prohl\u00ed\u017ee\u010di.<\/p>\n<p>Z\u00a0d\u016fvodu ochrany osobn\u00edch \u00fadaj\u016f nepou\u017e\u00edv\u00e1me integraci Social Media Scripts , nebo\u0165 tyto soci\u00e1ln\u00ed slu\u017eby pou\u017e\u00edvaj\u00ed metody sledov\u00e1n\u00ed na pozad\u00ed. T\u011b\u0161\u00ed n\u00e1\u0161, pokud se V\u00e1m l\u00edb\u00ed na\u0161e p\u0159\u00edsp\u011bvky na na\u0161em blogu a pokud je budete cht\u00edt sd\u00edlet na soci\u00e1ln\u00edch m\u00e9di\u00edch. Za t\u00edmto \u00fa\u010delem jsme vlo\u017eili tla\u010d\u00edtka pro sd\u00edlen\u00ed p\u0159\u00edsp\u011bvk\u016f pro Twitter, Facebook a Google+.\u00a0 Po stisknut\u00ed tla\u010d\u00edtka obdr\u017e\u00edte upozorn\u011bn\u00ed, \u017ee soci\u00e1ln\u00ed m\u00e9dia na pozad\u00ed na\u010dtou analytick\u00e9 skripty, kter\u00e9 sleduj\u00ed chov\u00e1n\u00ed u\u017eivatel\u016f. Teprve po ud\u011blen\u00ed Va\u0161eho souhlasu bude odpov\u00eddaj\u00edc\u00ed skript nahr\u00e1n a p\u0159\u00edsp\u011bvek sd\u00edlen.<\/p>\n<h2><strong>Pr\u00e1vn\u00ed z\u00e1klad<\/strong><\/h2>\n<p>Pr\u00e1vn\u00edm z\u00e1kladem pro zpracov\u00e1n\u00ed \u00fadaj\u016f na t\u00e9to internetov\u00e9 str\u00e1nce je obecn\u00e9 na\u0159\u00edzen\u00ed EU o ochran\u011b \u00fadaj\u016f. \u00dadaje budou uchov\u00e1v\u00e1ny pouze po dobu nezbytnou pro v\u00fd\u0161e uveden\u00e9 \u00fa\u010dely nebo podle na\u0159\u00edzen\u00ed z\u00e1kona.<\/p>\n<h2><strong>Dotazy<\/strong><\/h2>\n<p>Org\u00e1ny dohledu jsou zem\u0161t\u00ed komisa\u0159i pro ochranu osobn\u00edch \u00fadaj\u016f. M\u016f\u017eete jim p\u0159edlo\u017eit st\u00ed\u017enost na n\u00e1s, pokud\u00a0 m\u00e1te podez\u0159en\u00ed na nesrovnalosti v\u00a0na\u0161ich z\u00e1sad\u00e1ch ochrany osobn\u00edch \u00fadaj\u016f. \u00a0M\u016f\u017eete se rovn\u011b\u017e obr\u00e1tit p\u0159\u00edmo na na\u0161eho extern\u00edho pov\u011b\u0159ence pro ochranu osobn\u00edch \u00fadaj\u016f. V\u00a0souladu s\u00a0platn\u00fdmi z\u00e1kony o ochran\u011b osobn\u00edch \u00fadaj\u016f V\u00e1s budeme r\u00e1di na vy\u017e\u00e1d\u00e1n\u00ed informovat, zda a jak\u00e9 osobn\u00ed \u00fadaje jsme o V\u00e1s uchovali. V\u00a0tomto p\u0159\u00edpad\u011b se, pros\u00edm, obra\u0165e p\u0159\u00edmo na na\u0161eho pov\u011b\u0159ence pro ochranu osobn\u00edch \u00fadaj\u016f.<\/p>\n<p><span style=\"font-size: 18pt;\"><strong>Informace pro z\u00e1kazn\u00edky \/ direct mail<\/strong><\/span><\/p>\n<p>Va\u0161e kontaktn\u00ed \u00fadaje pou\u017e\u00edv\u00e1me k tomu, abychom v\u00e1s informovali o aktu\u00e1ln\u00edch t\u00e9matech, nov\u00fdch nebo aktualizovan\u00fdch produktech a slu\u017eb\u00e1ch na\u0161\u00ed spole\u010dnosti, kter\u00e9 by v\u00e1s mohly zaj\u00edmat. Tyto informace jsou zas\u00edl\u00e1ny na z\u00e1klad\u011b na\u0161eho opr\u00e1vn\u011bn\u00e9ho z\u00e1jmu podle \u010dl. 6 odst. 1 p\u00edsm. f GDPR EU v oblasti p\u0159\u00edm\u00e9 reklamy a v rozsahu, v jak\u00e9m je to povoleno z\u00e1konem, nap\u0159. v p\u0159\u00edpad\u011b reklamy pro st\u00e1vaj\u00edc\u00ed z\u00e1kazn\u00edky podle z\u00e1konn\u00fdch po\u017eadavk\u016f \u00a7 7 odst. 3 UWG. Tyto informace od n\u00e1s obdr\u017e\u00edte bez ohledu na to, zda jste se p\u0159ihl\u00e1sili k odb\u011bru newsletteru.<\/p>\n<p>Proti pou\u017e\u00edv\u00e1n\u00ed va\u0161ich \u00fadaj\u016f pro \u00fa\u010dely p\u0159\u00edm\u00e9 reklamy nebo zas\u00edl\u00e1n\u00ed informac\u00ed z\u00e1kazn\u00edk\u016fm m\u016f\u017eete kdykoli bez ud\u00e1n\u00ed d\u016fvod\u016f v souladu s \u010dl. 21 EU GDPR vzn\u00e9st n\u00e1mitku, ani\u017e by v\u00e1m vznikly jin\u00e9 n\u00e1klady ne\u017e n\u00e1klady na p\u0159enos podle z\u00e1kladn\u00edch tarif\u016f. K tomu posta\u010d\u00ed ozn\u00e1men\u00ed v textov\u00e9 podob\u011b.<\/p>\n<p>&nbsp;<\/p>\n<h3><strong>Pov\u011b\u0159enec pro ochranu osobn\u00edch \u00fadaj\u016f<\/strong><\/h3>\n<p>Christoph Schultejans<\/p>\n<p>Procedo Unternehmensberatung GmbH<\/p>\n<p>Ammerl\u00e4nder Heerstrasse 364<br \/>\n26129 Oldenburg<\/p>\n<p>+49 441 7792930<br \/>\n<a href=\"mailto:schultejans@procedo-gmbh.de\">schultejans@procedo-gmbh.de<\/a><\/p>\n<p>&nbsp;<\/p>\n","protected":false},"excerpt":{"rendered":"<p>Ochrana osobn\u00edch \u00fadaj\u016f \/ Prohl\u00e1\u0161en\u00ed k\u00a0ochran\u011b dat D\u011bkujeme za Va\u0161i n\u00e1v\u0161t\u011bvu na na\u0161ich internetov\u00fdch str\u00e1nk\u00e1ch a za V\u00e1\u0161 z\u00e1jem o na\u0161i spole\u010dnost. Cht\u011bli bychom, aby pro V\u00e1s bylo surfov\u00e1n\u00ed na na\u0161ich str\u00e1nk\u00e1ch p\u0159\u00edjemn\u00e9 bez nep\u0159\u00edjemn\u00fdch p\u0159ekvapen\u00ed. Na na\u0161ich internetov\u00fdch str\u00e1nk\u00e1ch m\u016f\u017eete zadat na polo\u017ece \u201eKontakt\u201c Va\u0161e osobn\u00ed \u00fadaje. Tato data slou\u017e\u00ed pouze ke zpracov\u00e1n\u00ed a [&hellip;]<\/p>\n","protected":false},"author":6,"featured_media":0,"parent":0,"menu_order":0,"comment_status":"closed","ping_status":"closed","template":"","meta":{"_acf_changed":false,"footnotes":""},"simple-restrict-permission":[],"class_list":["post-1821","page","type-page","status-publish","hentry"],"acf":[],"yoast_head":"<!-- This site is optimized with the Yoast SEO plugin v27.4 - https:\/\/yoast.com\/product\/yoast-seo-wordpress\/ -->\n<title>Ochrana osobn\u00edch \u00fadaj\u016f &#8211; AQ Magnetronics<\/title>\n<meta name=\"description\" content=\"Ochrana osobn\u00edch \u00fadaj\u016f \/ Prohl\u00e1\u0161en\u00ed k\u00a0ochran\u011b dat D\u011bkujeme za Va\u0161i n\u00e1v\u0161t\u011bvu na na\u0161ich internetov\u00fdch str\u00e1nk\u00e1ch a za V\u00e1\u0161 z\u00e1jem o na\u0161i spole\u010dnost. Cht\u011bli\" \/>\n<meta name=\"robots\" content=\"index, follow, max-snippet:-1, max-image-preview:large, max-video-preview:-1\" \/>\n<link rel=\"canonical\" href=\"https:\/\/aqmagnetronics.com\/cs\/ochrana-osobnich-udaju\/\" \/>\n<meta property=\"og:locale\" content=\"cs_CZ\" \/>\n<meta property=\"og:type\" content=\"article\" \/>\n<meta property=\"og:title\" content=\"Ochrana osobn\u00edch \u00fadaj\u016f &#8211; AQ Magnetronics\" \/>\n<meta property=\"og:description\" content=\"Ochrana osobn\u00edch \u00fadaj\u016f \/ Prohl\u00e1\u0161en\u00ed k\u00a0ochran\u011b dat D\u011bkujeme za Va\u0161i n\u00e1v\u0161t\u011bvu na na\u0161ich internetov\u00fdch str\u00e1nk\u00e1ch a za V\u00e1\u0161 z\u00e1jem o na\u0161i spole\u010dnost. Cht\u011bli\" \/>\n<meta property=\"og:url\" content=\"https:\/\/aqmagnetronics.com\/cs\/ochrana-osobnich-udaju\/\" \/>\n<meta property=\"og:site_name\" content=\"AQ Magnetronics\" \/>\n<meta property=\"article:modified_time\" content=\"2024-11-11T11:47:31+00:00\" \/>\n<meta property=\"og:image\" content=\"https:\/\/aqmagnetronics.com\/wp-content\/uploads\/2018\/08\/Header_Standort-DE-neu.jpg\" \/>\n\t<meta property=\"og:image:width\" content=\"2000\" \/>\n\t<meta property=\"og:image:height\" content=\"1100\" \/>\n\t<meta property=\"og:image:type\" content=\"image\/jpeg\" \/>\n<meta name=\"twitter:card\" content=\"summary_large_image\" \/>\n<meta name=\"twitter:label1\" content=\"Odhadovan\u00e1 doba \u010dten\u00ed\" \/>\n\t<meta name=\"twitter:data1\" content=\"3 minuty\" \/>\n<script type=\"application\/ld+json\" class=\"yoast-schema-graph\">{\"@context\":\"https:\\\/\\\/schema.org\",\"@graph\":[{\"@type\":\"WebPage\",\"@id\":\"https:\\\/\\\/aqmagnetronics.com\\\/cs\\\/ochrana-osobnich-udaju\\\/\",\"url\":\"https:\\\/\\\/aqmagnetronics.com\\\/cs\\\/ochrana-osobnich-udaju\\\/\",\"name\":\"Ochrana osobn\u00edch \u00fadaj\u016f &#8211; AQ Magnetronics\",\"isPartOf\":{\"@id\":\"https:\\\/\\\/aqmagnetronics.com\\\/cs\\\/#website\"},\"datePublished\":\"2018-09-18T06:02:18+00:00\",\"dateModified\":\"2024-11-11T11:47:31+00:00\",\"description\":\"Ochrana osobn\u00edch \u00fadaj\u016f \\\/ Prohl\u00e1\u0161en\u00ed k\u00a0ochran\u011b dat D\u011bkujeme za Va\u0161i n\u00e1v\u0161t\u011bvu na na\u0161ich internetov\u00fdch str\u00e1nk\u00e1ch a za V\u00e1\u0161 z\u00e1jem o na\u0161i spole\u010dnost. Cht\u011bli\",\"breadcrumb\":{\"@id\":\"https:\\\/\\\/aqmagnetronics.com\\\/cs\\\/ochrana-osobnich-udaju\\\/#breadcrumb\"},\"inLanguage\":\"cs\",\"potentialAction\":[{\"@type\":\"ReadAction\",\"target\":[\"https:\\\/\\\/aqmagnetronics.com\\\/cs\\\/ochrana-osobnich-udaju\\\/\"]}]},{\"@type\":\"BreadcrumbList\",\"@id\":\"https:\\\/\\\/aqmagnetronics.com\\\/cs\\\/ochrana-osobnich-udaju\\\/#breadcrumb\",\"itemListElement\":[{\"@type\":\"ListItem\",\"position\":1,\"name\":\"Startseite\",\"item\":\"https:\\\/\\\/aqmagnetronics.com\\\/cs\\\/\"},{\"@type\":\"ListItem\",\"position\":2,\"name\":\"Ochrana osobn\u00edch \u00fadaj\u016f\"}]},{\"@type\":\"WebSite\",\"@id\":\"https:\\\/\\\/aqmagnetronics.com\\\/cs\\\/#website\",\"url\":\"https:\\\/\\\/aqmagnetronics.com\\\/cs\\\/\",\"name\":\"AQ Magnetronics\",\"description\":\"Radialventilatoren \\\/ Axialventilatoren \\\/ Industrieventilatoren &amp; Blechbearbeitung\",\"publisher\":{\"@id\":\"https:\\\/\\\/aqmagnetronics.com\\\/cs\\\/#organization\"},\"potentialAction\":[{\"@type\":\"SearchAction\",\"target\":{\"@type\":\"EntryPoint\",\"urlTemplate\":\"https:\\\/\\\/aqmagnetronics.com\\\/cs\\\/?s={search_term_string}\"},\"query-input\":{\"@type\":\"PropertyValueSpecification\",\"valueRequired\":true,\"valueName\":\"search_term_string\"}}],\"inLanguage\":\"cs\"},{\"@type\":\"Organization\",\"@id\":\"https:\\\/\\\/aqmagnetronics.com\\\/cs\\\/#organization\",\"name\":\"mdexx GmbH\",\"url\":\"https:\\\/\\\/aqmagnetronics.com\\\/cs\\\/\",\"logo\":{\"@type\":\"ImageObject\",\"inLanguage\":\"cs\",\"@id\":\"https:\\\/\\\/aqmagnetronics.com\\\/cs\\\/#\\\/schema\\\/logo\\\/image\\\/\",\"url\":\"https:\\\/\\\/aqmagnetronics.com\\\/wp-content\\\/uploads\\\/renewWeb\\\/logo-200x-57.jpg\",\"contentUrl\":\"https:\\\/\\\/aqmagnetronics.com\\\/wp-content\\\/uploads\\\/renewWeb\\\/logo-200x-57.jpg\",\"width\":200,\"height\":52,\"caption\":\"mdexx GmbH\"},\"image\":{\"@id\":\"https:\\\/\\\/aqmagnetronics.com\\\/cs\\\/#\\\/schema\\\/logo\\\/image\\\/\"}}]}<\/script>\n<!-- \/ Yoast SEO plugin. -->","yoast_head_json":{"title":"Ochrana osobn\u00edch \u00fadaj\u016f &#8211; AQ Magnetronics","description":"Ochrana osobn\u00edch \u00fadaj\u016f \/ Prohl\u00e1\u0161en\u00ed k\u00a0ochran\u011b dat D\u011bkujeme za Va\u0161i n\u00e1v\u0161t\u011bvu na na\u0161ich internetov\u00fdch str\u00e1nk\u00e1ch a za V\u00e1\u0161 z\u00e1jem o na\u0161i spole\u010dnost. Cht\u011bli","robots":{"index":"index","follow":"follow","max-snippet":"max-snippet:-1","max-image-preview":"max-image-preview:large","max-video-preview":"max-video-preview:-1"},"canonical":"https:\/\/aqmagnetronics.com\/cs\/ochrana-osobnich-udaju\/","og_locale":"cs_CZ","og_type":"article","og_title":"Ochrana osobn\u00edch \u00fadaj\u016f &#8211; AQ Magnetronics","og_description":"Ochrana osobn\u00edch \u00fadaj\u016f \/ Prohl\u00e1\u0161en\u00ed k\u00a0ochran\u011b dat D\u011bkujeme za Va\u0161i n\u00e1v\u0161t\u011bvu na na\u0161ich internetov\u00fdch str\u00e1nk\u00e1ch a za V\u00e1\u0161 z\u00e1jem o na\u0161i spole\u010dnost. Cht\u011bli","og_url":"https:\/\/aqmagnetronics.com\/cs\/ochrana-osobnich-udaju\/","og_site_name":"AQ Magnetronics","article_modified_time":"2024-11-11T11:47:31+00:00","og_image":[{"width":2000,"height":1100,"url":"https:\/\/aqmagnetronics.com\/wp-content\/uploads\/2018\/08\/Header_Standort-DE-neu.jpg","type":"image\/jpeg"}],"twitter_card":"summary_large_image","twitter_misc":{"Odhadovan\u00e1 doba \u010dten\u00ed":"3 minuty"},"schema":{"@context":"https:\/\/schema.org","@graph":[{"@type":"WebPage","@id":"https:\/\/aqmagnetronics.com\/cs\/ochrana-osobnich-udaju\/","url":"https:\/\/aqmagnetronics.com\/cs\/ochrana-osobnich-udaju\/","name":"Ochrana osobn\u00edch \u00fadaj\u016f &#8211; AQ Magnetronics","isPartOf":{"@id":"https:\/\/aqmagnetronics.com\/cs\/#website"},"datePublished":"2018-09-18T06:02:18+00:00","dateModified":"2024-11-11T11:47:31+00:00","description":"Ochrana osobn\u00edch \u00fadaj\u016f \/ Prohl\u00e1\u0161en\u00ed k\u00a0ochran\u011b dat D\u011bkujeme za Va\u0161i n\u00e1v\u0161t\u011bvu na na\u0161ich internetov\u00fdch str\u00e1nk\u00e1ch a za V\u00e1\u0161 z\u00e1jem o na\u0161i spole\u010dnost. Cht\u011bli","breadcrumb":{"@id":"https:\/\/aqmagnetronics.com\/cs\/ochrana-osobnich-udaju\/#breadcrumb"},"inLanguage":"cs","potentialAction":[{"@type":"ReadAction","target":["https:\/\/aqmagnetronics.com\/cs\/ochrana-osobnich-udaju\/"]}]},{"@type":"BreadcrumbList","@id":"https:\/\/aqmagnetronics.com\/cs\/ochrana-osobnich-udaju\/#breadcrumb","itemListElement":[{"@type":"ListItem","position":1,"name":"Startseite","item":"https:\/\/aqmagnetronics.com\/cs\/"},{"@type":"ListItem","position":2,"name":"Ochrana osobn\u00edch \u00fadaj\u016f"}]},{"@type":"WebSite","@id":"https:\/\/aqmagnetronics.com\/cs\/#website","url":"https:\/\/aqmagnetronics.com\/cs\/","name":"AQ Magnetronics","description":"Radialventilatoren \/ Axialventilatoren \/ Industrieventilatoren &amp; Blechbearbeitung","publisher":{"@id":"https:\/\/aqmagnetronics.com\/cs\/#organization"},"potentialAction":[{"@type":"SearchAction","target":{"@type":"EntryPoint","urlTemplate":"https:\/\/aqmagnetronics.com\/cs\/?s={search_term_string}"},"query-input":{"@type":"PropertyValueSpecification","valueRequired":true,"valueName":"search_term_string"}}],"inLanguage":"cs"},{"@type":"Organization","@id":"https:\/\/aqmagnetronics.com\/cs\/#organization","name":"mdexx GmbH","url":"https:\/\/aqmagnetronics.com\/cs\/","logo":{"@type":"ImageObject","inLanguage":"cs","@id":"https:\/\/aqmagnetronics.com\/cs\/#\/schema\/logo\/image\/","url":"https:\/\/aqmagnetronics.com\/wp-content\/uploads\/renewWeb\/logo-200x-57.jpg","contentUrl":"https:\/\/aqmagnetronics.com\/wp-content\/uploads\/renewWeb\/logo-200x-57.jpg","width":200,"height":52,"caption":"mdexx GmbH"},"image":{"@id":"https:\/\/aqmagnetronics.com\/cs\/#\/schema\/logo\/image\/"}}]}},"_links":{"self":[{"href":"https:\/\/aqmagnetronics.com\/cs\/wp-json\/wp\/v2\/pages\/1821","targetHints":{"allow":["GET"]}}],"collection":[{"href":"https:\/\/aqmagnetronics.com\/cs\/wp-json\/wp\/v2\/pages"}],"about":[{"href":"https:\/\/aqmagnetronics.com\/cs\/wp-json\/wp\/v2\/types\/page"}],"author":[{"embeddable":true,"href":"https:\/\/aqmagnetronics.com\/cs\/wp-json\/wp\/v2\/users\/6"}],"replies":[{"embeddable":true,"href":"https:\/\/aqmagnetronics.com\/cs\/wp-json\/wp\/v2\/comments?post=1821"}],"version-history":[{"count":1,"href":"https:\/\/aqmagnetronics.com\/cs\/wp-json\/wp\/v2\/pages\/1821\/revisions"}],"predecessor-version":[{"id":24463,"href":"https:\/\/aqmagnetronics.com\/cs\/wp-json\/wp\/v2\/pages\/1821\/revisions\/24463"}],"wp:attachment":[{"href":"https:\/\/aqmagnetronics.com\/cs\/wp-json\/wp\/v2\/media?parent=1821"}],"wp:term":[{"taxonomy":"simple-restrict-permission","embeddable":true,"href":"https:\/\/aqmagnetronics.com\/cs\/wp-json\/wp\/v2\/simple-restrict-permission?post=1821"}],"curies":[{"name":"wp","href":"https:\/\/api.w.org\/{rel}","templated":true}]}}